{"id":88,"date":"2018-07-13T18:34:20","date_gmt":"2018-07-13T16:34:20","guid":{"rendered":"http:\/\/colllearning.info\/CISHE\/?page_id=88"},"modified":"2025-06-16T11:49:19","modified_gmt":"2025-06-16T09:49:19","slug":"documents","status":"publish","type":"page","link":"https:\/\/colllearning.info\/CISHE\/ressources\/documents\/","title":{"rendered":"Documents"},"content":{"rendered":"\n<ul class=\"wp-block-list\">\n<li><a href=\"https:\/\/colllearning.info\/CISHE\/wp-content\/uploads\/2025\/06\/PDF-Texte-CIS-H-sur-complotisme-.pdf\" data-type=\"attachment\" data-id=\"3965\">Complotisme &amp; conspirationnisme C. Wajs<\/a><\/li>\n\n\n\n<li><a href=\"https:\/\/colllearning.info\/CISHE\/wp-content\/uploads\/2024\/06\/ARTICLE-VIEILLESSE-version-2-restauree.pdf\">La vieillesse ou le temps mis en perspective. C. Wajs<\/a><\/li>\n\n\n\n<li><a href=\"https:\/\/colllearning.info\/CISHE\/wp-content\/uploads\/2024\/03\/Speech-Alain-Javeau.pdf\" data-type=\"attachment\" data-id=\"3484\">Valeurs et rep\u00e8res, Alain Javeau<\/a><\/li>\n\n\n\n<li><a href=\"http:\/\/colllearning.info\/CISHE\/pays-monde-et-humanite\/\">Pays &#8211; Monde, Alfonso Lizarzaburu<\/a><\/li>\n\n\n\n<li><a href=\"https:\/\/colllearning.info\/CISHE\/wp-content\/uploads\/2024\/01\/Entretiens-CIS-H-2024-C-Wajs-2.pdf\">L\u2019\u00e9cosophie pour l\u2019anthropoc\u00e8ne, C. Wajs<\/a><\/li>\n\n\n\n<li><a href=\"https:\/\/colllearning.info\/CISHE\/wp-content\/uploads\/2024\/01\/Entretiens-CIS-H-2024-M-Grimaldi.pdf\">L\u2019Anthropoc\u00e8ne, ce qu\u2019il faut en penser, ce qu\u2019il faut en faire, M. Grimaldi<\/a><\/li>\n\n\n\n<li><a href=\"https:\/\/colllearning.info\/CISHE\/wp-content\/uploads\/2024\/01\/Entretiens-CIS-H-2024-D-Schurmans.pdf\">Qui va survivre ? D. Schurmans<\/a><\/li>\n\n\n\n<li><a href=\"https:\/\/colllearning.info\/CISHE\/wp-content\/uploads\/2024\/01\/Entretiens-CIS-H-2024-R-Ferrandi.pdf\">La r\u00e9alit\u00e9 mal per\u00e7ue ? R. Ferrandi<\/a><\/li>\n\n\n\n<li><a href=\"http:\/\/colllearning.info\/CISHE\/wp-content\/uploads\/2023\/11\/1.-Repenser-leducation-par-et-pour-les-territoires21-10-29.pdf\">Repenser l&rsquo;\u00e9ducation par et pour les territoires<\/a><br><a href=\"http:\/\/colllearning.info\/CISHE\/wp-content\/uploads\/2023\/11\/2.-Resume-synthese.pdf\">R\u00e9sum\u00e9 &#8211; Synth\u00e8se<\/a><\/li>\n\n\n\n<li>Deux textes de <a href=\"http:\/\/colllearning.info\/CISHE\/espace-membre\/nouvelles-des-adherents\/tanoh-barthelemy\/\">Barth\u00e9lemy Tanoh<\/a> :<br> <a href=\"http:\/\/colllearning.info\/CISHE\/wp-content\/uploads\/2023\/04\/Le-vieux-en-Afrique.pdf\">Le vieux en Afrique<\/a> ; <a href=\"http:\/\/colllearning.info\/CISHE\/wp-content\/uploads\/2023\/04\/Le-vieux-en-Afrique-2.pdf\">Le vieux en Afrique (2)<\/a>.<\/li>\n\n\n\n<li><a href=\"http:\/\/colllearning.info\/CISHE\/lextreme-variabilite-des-vieillesses-a-travers-les-cultures-humaines\/\">WAJS Clara, L\u2019extr\u00eame variabilit\u00e9 des vieillesses \u00e0 travers les cultures humaines<\/a><\/li>\n\n\n\n<li><a href=\"http:\/\/colllearning.info\/CISHE\/contrat-intergenerationnel\/\">GUILLEMARD Anne-Marie, Contrat interg\u00e9n\u00e9rationnel<\/a><\/li>\n\n\n\n<li><a href=\"http:\/\/colllearning.info\/CISHE\/la-solidarite-des-generations-cest-la-vie\/\">IDAR, La solidarit\u00e9 des g\u00e9n\u00e9rations, c\u2019est la vie : 4 propositions<\/a><\/li>\n\n\n\n<li><a href=\"http:\/\/colllearning.info\/CISHE\/grand-age-lenvers-du-decor\/\">BRAMI G\u00e9rard, Grand \u00e2ge : l&rsquo;envers du d\u00e9cor<\/a><\/li>\n\n\n\n<li><a href=\"https:\/\/colllearning.info\/CISHE\/education-et-pensee-complexe-chez-edgarmorin\/\">BACHTAR Abdelkader, \u00c9ducation et pens\u00e9e complexe chez Edgar Morin<\/a><\/li>\n\n\n\n<li><a href=\"http:\/\/colllearning.info\/CISHE\/le-defi-dune-culture-de-la-responsabilite-chez-les-retraites-et-personnes-agees\/\">CARO Pierre, Le d\u00e9fi d\u2019une culture de la responsabilit\u00e9 chez les retrait\u00e9s et personnes \u00e2g\u00e9es<\/a><\/li>\n\n\n\n<li><a href=\"https:\/\/www.ined.fr\/fr\/publications\/editions\/population-et-societes\/pourquoi-esperance-vie-augmente-moins-vite-france\/\" target=\"_blank\" rel=\"noopener\">Seniors : plus belle la vie, archives vid\u00e9o et radio (INA)<\/a><\/li>\n\n\n\n<li><a href=\"http:\/\/colllearning.info\/CISHE\/wp-content\/uploads\/2019\/03\/Educatio-et-senior-en-France.pdf\" target=\"_blank\" rel=\"noopener\">\u00c9ducation et seniors en France : comment s\u2019\u00e9duquer apr\u00e8s 50 ans, mars 2019<\/a><\/li>\n\n\n\n<li><a href=\"http:\/\/colllearning.info\/CISHE\/wp-content\/uploads\/2019\/03\/KEARNS-VERS-UN-BON-VIEILLISSEMENT-ACTIF-POUR-TOUS.pdf\" target=\"_blank\" rel=\"noopener\">KEARNS, VERS UN BON VIEILLISSEMENT ACTIF POUR TOUS, 2019<\/a><\/li>\n\n\n\n<li><a href=\"http:\/\/colllearning.info\/CISHE\/wp-content\/uploads\/2019\/03\/LA-PRATIQUE-MODERNE-DE-L\u00c9DUCATION-DES-ADULTES.pdf\" target=\"_blank\" rel=\"noopener\">KNOWLES, Malcom, LA PRATIQUE MODERNE DE L&rsquo;\u00c9DUCATION DES ADULTES, 1980<\/a><\/li>\n\n\n\n<li><a href=\"https:\/\/www.ladocumentationfrancaise.fr\/var\/storage\/rapports-publics\/194000302.pdf\" target=\"_blank\" rel=\"noopener\">Rapport Libault : Grand \u00e2ge et autonomie, mars 2019<\/a><\/li>\n\n\n\n<li><a href=\"https:\/\/www.ined.fr\/fr\/publications\/editions\/population-et-societes\/pourquoi-esperance-vie-augmente-moins-vite-france\/\" target=\"_blank\" rel=\"noopener\">&nbsp;Pourquoi l\u2019esp\u00e9rance de vie augmente-t-elle moins vite en France ? INED, mars 2019<\/a><\/li>\n\n\n\n<li><a href=\"https:\/\/www.insee.fr\/fr\/statistiques\/3692693\" target=\"_blank\" rel=\"noopener\">\u00ab\u00a0Bilan d\u00e9mographique\u00a0\u00bb INSEE, 2018<\/a><\/li>\n\n\n\n<li><a href=\"http:\/\/colllearning.info\/CISHE\/wp-content\/uploads\/2018\/11\/Sites-HARMATTAN.pdf\" target=\"_blank\" rel=\"noopener\">Sites des \u00c9ditions L&rsquo;HARMATTAN<\/a><\/li>\n\n\n\n<li><a href=\"http:\/\/colllearning.info\/CISHE\/wp-content\/uploads\/2022\/08\/10-Tanoh_Dynamique-ok.pdf\">Dynamique des relations matrimoniales h\u00e9t\u00e9rogamique<\/a><\/li>\n\n\n\n<li><a href=\"http:\/\/colllearning.info\/CISHE\/wp-content\/uploads\/2022\/08\/13-Tanoh-Tehoua_psychosocial.pdf\">Positionnement pharmacologique du NEEM3-Tanoh-Tehoua_psychosocial<\/a><\/li>\n\n\n\n<li><a href=\"http:\/\/colllearning.info\/CISHE\/wp-content\/uploads\/2022\/08\/Dezan_Art_COVID19-1.pdf\">Revue Dezan_Art_COVID19-1, 2021<\/a><\/li>\n<\/ul>\n\n\n\n<div class=\"wp-block-file\"><a id=\"wp-block-file--media-fad787cc-c96c-4497-9746-6823ec120045\" href=\"http:\/\/colllearning.info\/CISHE\/wp-content\/uploads\/2023\/11\/007ALTERSMEDIA_03_edito.pdf\">007ALTERSMEDIA_03_edito<\/a><a href=\"http:\/\/colllearning.info\/CISHE\/wp-content\/uploads\/2023\/11\/007ALTERSMEDIA_03_edito.pdf\" class=\"wp-block-file__button wp-element-button\" download aria-describedby=\"wp-block-file--media-fad787cc-c96c-4497-9746-6823ec120045\">T\u00e9l\u00e9charger<\/a><\/div>\n\n\n\n<div class=\"wp-block-file\"><a id=\"wp-block-file--media-74bdd25e-d652-4cd8-abbf-8f5d548b70fb\" href=\"http:\/\/colllearning.info\/CISHE\/wp-content\/uploads\/2023\/11\/007ALTERSMEDIA_04_sommaire.pdf\">007ALTERSMEDIA_04_sommaire<\/a><a href=\"http:\/\/colllearning.info\/CISHE\/wp-content\/uploads\/2023\/11\/007ALTERSMEDIA_04_sommaire.pdf\" class=\"wp-block-file__button wp-element-button\" download aria-describedby=\"wp-block-file--media-74bdd25e-d652-4cd8-abbf-8f5d548b70fb\">T\u00e9l\u00e9charger<\/a><\/div>\n\n\n\n<div class=\"wp-block-file\"><a id=\"wp-block-file--media-b2695d8f-c5a4-436b-bf30-9b34910ab226\" href=\"https:\/\/colllearning.info\/CISHE\/wp-content\/uploads\/2024\/01\/Entretiens-CIS-H-2024-R-Ferrandi.pdf\">Entretiens-CIS-H-2024-R-Ferrandi<\/a><a href=\"https:\/\/colllearning.info\/CISHE\/wp-content\/uploads\/2024\/01\/Entretiens-CIS-H-2024-R-Ferrandi.pdf\" class=\"wp-block-file__button wp-element-button\" download aria-describedby=\"wp-block-file--media-b2695d8f-c5a4-436b-bf30-9b34910ab226\">T\u00e9l\u00e9charger<\/a><\/div>\n","protected":false},"excerpt":{"rendered":"","protected":false},"author":1,"featured_media":0,"parent":17,"menu_order":0,"comment_status":"closed","ping_status":"closed","template":"","meta":{"site-sidebar-layout":"default","site-content-layout":"","ast-site-content-layout":"default","site-content-style":"default","site-sidebar-style":"default","ast-global-header-display":"","ast-banner-title-visibility":"","ast-main-header-display":"","ast-hfb-above-header-display":"","ast-hfb-below-header-display":"","ast-hfb-mobile-header-display":"","site-post-title":"","ast-breadcrumbs-content":"","ast-featured-img":"","footer-sml-layout":"","ast-disable-related-posts":"","theme-transparent-header-meta":"","adv-header-id-meta":"","stick-header-meta":"","header-above-stick-meta":"","header-main-stick-meta":"","header-below-stick-meta":"","astra-migrate-meta-layouts":"default","ast-page-background-enabled":"default","ast-page-background-meta":{"desktop":{"background-color":"var(--ast-global-color-5)","background-image":"","background-repeat":"repeat","background-position":"center center","background-size":"auto","background-attachment":"scroll","background-type":"","background-media":"","overlay-type":"","overlay-color":"","overlay-opacity":"","overlay-gradient":""},"tablet":{"background-color":"","background-image":"","background-repeat":"repeat","background-position":"center center","background-size":"auto","background-attachment":"scroll","background-type":"","background-media":"","overlay-type":"","overlay-color":"","overlay-opacity":"","overlay-gradient":""},"mobile":{"background-color":"","background-image":"","background-repeat":"repeat","background-position":"center center","background-size":"auto","background-attachment":"scroll","background-type":"","background-media":"","overlay-type":"","overlay-color":"","overlay-opacity":"","overlay-gradient":""}},"ast-content-background-meta":{"desktop":{"background-color":"var(--ast-global-color-4)","background-image":"","background-repeat":"repeat","background-position":"center center","background-size":"auto","background-attachment":"scroll","background-type":"","background-media":"","overlay-type":"","overlay-color":"","overlay-opacity":"","overlay-gradient":""},"tablet":{"background-color":"var(--ast-global-color-4)","background-image":"","background-repeat":"repeat","background-position":"center center","background-size":"auto","background-attachment":"scroll","background-type":"","background-media":"","overlay-type":"","overlay-color":"","overlay-opacity":"","overlay-gradient":""},"mobile":{"background-color":"var(--ast-global-color-4)","background-image":"","background-repeat":"repeat","background-position":"center center","background-size":"auto","background-attachment":"scroll","background-type":"","background-media":"","overlay-type":"","overlay-color":"","overlay-opacity":"","overlay-gradient":""}},"h5ap_radio_sources":[],"footnotes":""},"class_list":["post-88","page","type-page","status-publish","hentry"],"_links":{"self":[{"href":"https:\/\/colllearning.info\/CISHE\/wp-json\/wp\/v2\/pages\/88","targetHints":{"allow":["GET"]}}],"collection":[{"href":"https:\/\/colllearning.info\/CISHE\/wp-json\/wp\/v2\/pages"}],"about":[{"href":"https:\/\/colllearning.info\/CISHE\/wp-json\/wp\/v2\/types\/page"}],"author":[{"embeddable":true,"href":"https:\/\/colllearning.info\/CISHE\/wp-json\/wp\/v2\/users\/1"}],"replies":[{"embeddable":true,"href":"https:\/\/colllearning.info\/CISHE\/wp-json\/wp\/v2\/comments?post=88"}],"version-history":[{"count":44,"href":"https:\/\/colllearning.info\/CISHE\/wp-json\/wp\/v2\/pages\/88\/revisions"}],"predecessor-version":[{"id":4007,"href":"https:\/\/colllearning.info\/CISHE\/wp-json\/wp\/v2\/pages\/88\/revisions\/4007"}],"up":[{"embeddable":true,"href":"https:\/\/colllearning.info\/CISHE\/wp-json\/wp\/v2\/pages\/17"}],"wp:attachment":[{"href":"https:\/\/colllearning.info\/CISHE\/wp-json\/wp\/v2\/media?parent=88"}],"curies":[{"name":"wp","href":"https:\/\/api.w.org\/{rel}","templated":true}]}}