{"id":8,"date":"2018-05-22T22:12:22","date_gmt":"2018-05-22T20:12:22","guid":{"rendered":"http:\/\/colllearning.info\/CISHE\/?page_id=8"},"modified":"2025-10-15T17:15:19","modified_gmt":"2025-10-15T15:15:19","slug":"gouvernance","status":"publish","type":"page","link":"https:\/\/colllearning.info\/CISHE\/gouvernance\/","title":{"rendered":"GOUVERNANCE"},"content":{"rendered":"\n<div class=\"wp-block-file\"><a id=\"wp-block-file--media-d06af2c4-2510-4b0e-8461-f890da6147f9\" href=\"http:\/\/colllearning.info\/CISHE\/wp-content\/uploads\/2021\/03\/Gouvernance-du-CIS-H.pdf\">Gouvernance-du-CIS-H<\/a><a href=\"http:\/\/colllearning.info\/CISHE\/wp-content\/uploads\/2021\/03\/Gouvernance-du-CIS-H.pdf\" class=\"wp-block-file__button wp-element-button\" download aria-describedby=\"wp-block-file--media-d06af2c4-2510-4b0e-8461-f890da6147f9\">T\u00e9l\u00e9charger<\/a><\/div>\n\n\n<p>C\u2019est une d\u00e9marche coll\u00e9giale qui est privil\u00e9gi\u00e9e. L\u2019association loi de 1901 est tout \u00e0 fait adapt\u00e9e. Quant au Coll\u00e8ge, il est pertinent plus qu\u2019un institut, un centre ou\u2026.<\/p>\n<p><em>Le si\u00e8ge socia<\/em>l est : (BAL no 1) 4 rue des ar\u00e8nes, 75005 PARIS\u00a0<\/p>\n<p><em>Le <strong>Bureau<\/strong><\/em>\u00a0<\/p>\n<ul>\n<li>Pr\u00e9sident, Herv\u00e9 COCHET<\/li>\n<li>Vice-pr\u00e9sident, Barth\u00e9lemy TANOH<\/li>\n<li>Secr\u00e9taire g\u00e9n\u00e9ral, Pierre LANDRY<\/li>\n<li>Secr\u00e9taire adjoint, Sylvain DESMAISON<\/li>\n<li>Tr\u00e9sori\u00e8re, Barbara NDIMURUKUNDO<\/li>\n<li>Tr\u00e9soriers adjoints, Clara WAJS et Cyrille Anicet NGOULOUBY<\/li>\n<\/ul>\n<p><em><strong>Le Conseil<\/strong><\/em><\/p>\n<p>Maria do CEU ALVES<\/p>\n<p>Victor-Joseph BELLA<\/p>\n<p>Pierre BERTAUT<\/p>\n<p>Herv\u00e9 COCHET<img decoding=\"async\" class=\"alignnone  wp-image-3825\" src=\"http:\/\/colllearning.info\/CISHE\/wp-content\/uploads\/2025\/01\/herve-Cochet.jpg\" alt=\"\" width=\"127\" height=\"148\" \/><\/p>\n<p>Sylvain DESMAISON<\/p>\n<p>Maria Do ceu ALVES <img decoding=\"async\" class=\"wp-image-3565 alignnone\" src=\"http:\/\/colllearning.info\/CISHE\/wp-content\/uploads\/2024\/04\/Maria-Do-ceu-Alves-1-273x300.jpg\" alt=\"\" width=\"123\" height=\"135\" srcset=\"https:\/\/colllearning.info\/CISHE\/wp-content\/uploads\/2024\/04\/Maria-Do-ceu-Alves-1-273x300.jpg 273w, https:\/\/colllearning.info\/CISHE\/wp-content\/uploads\/2024\/04\/Maria-Do-ceu-Alves-1.jpg 531w\" sizes=\"(max-width: 123px) 100vw, 123px\" \/><\/p>\n<p>Anne-Marie GUILLEMARD<img decoding=\"async\" class=\"wp-image-3566 alignnone\" src=\"http:\/\/colllearning.info\/CISHE\/wp-content\/uploads\/2024\/04\/Portrait-A-M-Guillemard-233x300.jpg\" alt=\"\" width=\"130\" height=\"167\" srcset=\"https:\/\/colllearning.info\/CISHE\/wp-content\/uploads\/2024\/04\/Portrait-A-M-Guillemard-233x300.jpg 233w, https:\/\/colllearning.info\/CISHE\/wp-content\/uploads\/2024\/04\/Portrait-A-M-Guillemard-796x1024.jpg 796w, https:\/\/colllearning.info\/CISHE\/wp-content\/uploads\/2024\/04\/Portrait-A-M-Guillemard-768x988.jpg 768w, https:\/\/colllearning.info\/CISHE\/wp-content\/uploads\/2024\/04\/Portrait-A-M-Guillemard-1195x1536.jpg 1195w, https:\/\/colllearning.info\/CISHE\/wp-content\/uploads\/2024\/04\/Portrait-A-M-Guillemard-1593x2048.jpg 1593w, https:\/\/colllearning.info\/CISHE\/wp-content\/uploads\/2024\/04\/Portrait-A-M-Guillemard-1320x1697.jpg 1320w, https:\/\/colllearning.info\/CISHE\/wp-content\/uploads\/2024\/04\/Portrait-A-M-Guillemard-scaled.jpg 1991w\" sizes=\"(max-width: 130px) 100vw, 130px\" \/><\/p>\n<p>Mohamed HARAKAT<\/p>\n<p>Alain JAVEAU<img loading=\"lazy\" decoding=\"async\" class=\"wp-image-3588  alignnone\" src=\"http:\/\/colllearning.info\/CISHE\/wp-content\/uploads\/2024\/04\/Portrait-A-Javeau-e1714462389308-218x300.jpg\" alt=\"\" width=\"129\" height=\"178\" srcset=\"https:\/\/colllearning.info\/CISHE\/wp-content\/uploads\/2024\/04\/Portrait-A-Javeau-e1714462389308-218x300.jpg 218w, https:\/\/colllearning.info\/CISHE\/wp-content\/uploads\/2024\/04\/Portrait-A-Javeau-e1714462389308.jpg 480w\" sizes=\"(max-width: 129px) 100vw, 129px\" \/><\/p>\n<p>Emmanuel KAMDEM<\/p>\n<p>Paulin KIALO<\/p>\n<p>Pierre LANDRY<img loading=\"lazy\" decoding=\"async\" class=\"wp-image-3562 alignnone\" src=\"http:\/\/colllearning.info\/CISHE\/wp-content\/uploads\/2024\/04\/Portrait-PL-1-1-287x300.jpg\" alt=\"\" width=\"131\" height=\"137\" srcset=\"https:\/\/colllearning.info\/CISHE\/wp-content\/uploads\/2024\/04\/Portrait-PL-1-1-287x300.jpg 287w, https:\/\/colllearning.info\/CISHE\/wp-content\/uploads\/2024\/04\/Portrait-PL-1-1-978x1024.jpg 978w, https:\/\/colllearning.info\/CISHE\/wp-content\/uploads\/2024\/04\/Portrait-PL-1-1-768x804.jpg 768w, https:\/\/colllearning.info\/CISHE\/wp-content\/uploads\/2024\/04\/Portrait-PL-1-1-1468x1536.jpg 1468w, https:\/\/colllearning.info\/CISHE\/wp-content\/uploads\/2024\/04\/Portrait-PL-1-1-1957x2048.jpg 1957w, https:\/\/colllearning.info\/CISHE\/wp-content\/uploads\/2024\/04\/Portrait-PL-1-1-1320x1382.jpg 1320w\" sizes=\"(max-width: 131px) 100vw, 131px\" \/><\/p>\n<p>Alfonso LIZARZABURU<img loading=\"lazy\" decoding=\"async\" class=\"wp-image-3573 alignnone\" src=\"http:\/\/colllearning.info\/CISHE\/wp-content\/uploads\/2024\/04\/portrait-A-Lizarzaburu-1.jpg\" alt=\"\" width=\"131\" height=\"131\" \/><\/p>\n<p>Barbara<br \/>NDIMURUKUNDO<img loading=\"lazy\" decoding=\"async\" class=\"alignnone  wp-image-3614\" src=\"http:\/\/colllearning.info\/CISHE\/wp-content\/uploads\/2024\/05\/Portrait-Barbara-242x300.png\" alt=\"\" width=\"130\" height=\"161\" srcset=\"https:\/\/colllearning.info\/CISHE\/wp-content\/uploads\/2024\/05\/Portrait-Barbara-242x300.png 242w, https:\/\/colllearning.info\/CISHE\/wp-content\/uploads\/2024\/05\/Portrait-Barbara.png 310w\" sizes=\"(max-width: 130px) 100vw, 130px\" \/><\/p>\n<p>Cyrille Anicet NGOULOUBI<img loading=\"lazy\" decoding=\"async\" class=\"wp-image-3582 alignnone\" src=\"http:\/\/colllearning.info\/CISHE\/wp-content\/uploads\/2024\/04\/Portrait-C-A-Ngouloubi-1-271x300.jpg\" alt=\"Portrait C A Ngouloubi\" width=\"125\" height=\"139\" srcset=\"https:\/\/colllearning.info\/CISHE\/wp-content\/uploads\/2024\/04\/Portrait-C-A-Ngouloubi-1-271x300.jpg 271w, https:\/\/colllearning.info\/CISHE\/wp-content\/uploads\/2024\/04\/Portrait-C-A-Ngouloubi-1-925x1024.jpg 925w, https:\/\/colllearning.info\/CISHE\/wp-content\/uploads\/2024\/04\/Portrait-C-A-Ngouloubi-1-768x850.jpg 768w, https:\/\/colllearning.info\/CISHE\/wp-content\/uploads\/2024\/04\/Portrait-C-A-Ngouloubi-1.jpg 1242w\" sizes=\"(max-width: 125px) 100vw, 125px\" \/><\/p>\n<p>Joachim OLINGA<img loading=\"lazy\" decoding=\"async\" class=\"alignnone  wp-image-3611\" src=\"http:\/\/colllearning.info\/CISHE\/wp-content\/uploads\/2024\/05\/Portrait-J-Olinga-1-287x300.jpg\" alt=\"\" width=\"123\" height=\"128\" srcset=\"https:\/\/colllearning.info\/CISHE\/wp-content\/uploads\/2024\/05\/Portrait-J-Olinga-1-287x300.jpg 287w, https:\/\/colllearning.info\/CISHE\/wp-content\/uploads\/2024\/05\/Portrait-J-Olinga-1-980x1024.jpg 980w, https:\/\/colllearning.info\/CISHE\/wp-content\/uploads\/2024\/05\/Portrait-J-Olinga-1-768x802.jpg 768w, https:\/\/colllearning.info\/CISHE\/wp-content\/uploads\/2024\/05\/Portrait-J-Olinga-1.jpg 985w\" sizes=\"(max-width: 123px) 100vw, 123px\" \/><\/p>\n<p>Barth\u00e9lemy TANOH<img loading=\"lazy\" decoding=\"async\" class=\"wp-image-3577 alignnone\" src=\"http:\/\/colllearning.info\/CISHE\/wp-content\/uploads\/2024\/04\/Portrait-B-Tanoh-300x287.jpg\" alt=\"\" width=\"125\" height=\"120\" srcset=\"https:\/\/colllearning.info\/CISHE\/wp-content\/uploads\/2024\/04\/Portrait-B-Tanoh-300x287.jpg 300w, https:\/\/colllearning.info\/CISHE\/wp-content\/uploads\/2024\/04\/Portrait-B-Tanoh-1024x980.jpg 1024w, https:\/\/colllearning.info\/CISHE\/wp-content\/uploads\/2024\/04\/Portrait-B-Tanoh-768x735.jpg 768w, https:\/\/colllearning.info\/CISHE\/wp-content\/uploads\/2024\/04\/Portrait-B-Tanoh-1536x1470.jpg 1536w, https:\/\/colllearning.info\/CISHE\/wp-content\/uploads\/2024\/04\/Portrait-B-Tanoh-2048x1960.jpg 2048w, https:\/\/colllearning.info\/CISHE\/wp-content\/uploads\/2024\/04\/Portrait-B-Tanoh-313x300.jpg 313w, https:\/\/colllearning.info\/CISHE\/wp-content\/uploads\/2024\/04\/Portrait-B-Tanoh-1320x1263.jpg 1320w\" sizes=\"(max-width: 125px) 100vw, 125px\" \/><\/p>\n<p>Clara WAJS<img loading=\"lazy\" decoding=\"async\" class=\"alignnone  wp-image-3598\" src=\"http:\/\/colllearning.info\/CISHE\/wp-content\/uploads\/2024\/05\/Potrait-G-Wajs.jpg\" alt=\"Portrait C . Wajs\" width=\"110\" height=\"128\" \/><\/p>\n<p>1- Bureau en r\u00e9f\u00e9rence aux finalit\u00e9s du coll\u00e8ge a SIX MISSIONS :<br \/>&#8211; Etudier et approuver les textes de base .<br \/>&#8211; Proposer, d\u00e9finir des \u00e9tudes, recherches et projets.\u00a0<br \/>&#8211; Evaluer ce qui est fait et formuler des recommandations.<br \/>&#8211; R\u00e9aliser en permanence une d\u00e9marche prospective pour le devenir du coll\u00e8ge (Adh\u00e9sions, correspondants, travaux, organisation, actions diverses\u2026)<\/p>\n<p>2-Il se r\u00e9unit au moins deux fois par an. Mais il veille en permanence \u00e0 un \u00e9change entre ses membres.<\/p>\n<p>Initialement ces personnes sont nomm\u00e9es pour trois ans et renouvelables ensuite.<\/p>\n<p>Si les membres du Bureau ont des origines professionnelles et disciplinaires vari\u00e9es, elles sont toutes concern\u00e9es pour la pluralit\u00e9 des enjeux du coll\u00e8ge.<br \/>Ces personnes peuvent avoir par ailleurs un autre r\u00f4le comme correspondant par exemple..<\/p>\n<p><a href=\"http:\/\/colllearning.info\/CISHE\/wp-content\/uploads\/2018\/12\/CIS-H-CHARTE.pdf\">CIS H MANIFESTE<\/a><\/p>\n<ul>\n<li><a href=\"https:\/\/colllearning.info\/CISHE\/wp-content\/uploads\/2024\/11\/statuts-Ass.-CIS-H-13-01-2023-.pdf\">Statuts 2023<\/a><\/li>\n<li><a href=\"http:\/\/colllearning.info\/CISHE\/wp-content\/uploads\/2022\/11\/Reglement-interieur-publication-22-11-2021.pdf\">R\u00e8glement int\u00e9rieur (publications)<\/a><\/li>\n<li><a href=\"http:\/\/colllearning.info\/CISHE\/wp-content\/uploads\/2018\/11\/JOAFE_PDF_Unitaire_20180042_01200-CIS-H.pdf\">Journal Officiel : 20180042_01200 CIS.H<\/a><\/li>\n<\/ul>","protected":false},"excerpt":{"rendered":"<p>C\u2019est une d\u00e9marche coll\u00e9giale qui est privil\u00e9gi\u00e9e. L\u2019association loi de 1901 est tout \u00e0 fait adapt\u00e9e. Quant au Coll\u00e8ge, il [&hellip;]<\/p>\n","protected":false},"author":1,"featured_media":0,"parent":0,"menu_order":0,"comment_status":"closed","ping_status":"closed","template":"","meta":{"site-sidebar-layout":"default","site-content-layout":"","ast-site-content-layout":"default","site-content-style":"default","site-sidebar-style":"default","ast-global-header-display":"","ast-banner-title-visibility":"","ast-main-header-display":"","ast-hfb-above-header-display":"","ast-hfb-below-header-display":"","ast-hfb-mobile-header-display":"","site-post-title":"","ast-breadcrumbs-content":"","ast-featured-img":"","footer-sml-layout":"","ast-disable-related-posts":"","theme-transparent-header-meta":"","adv-header-id-meta":"","stick-header-meta":"","header-above-stick-meta":"","header-main-stick-meta":"","header-below-stick-meta":"","astra-migrate-meta-layouts":"default","ast-page-background-enabled":"default","ast-page-background-meta":{"desktop":{"background-color":"var(--ast-global-color-5)","background-image":"","background-repeat":"repeat","background-position":"center center","background-size":"auto","background-attachment":"scroll","background-type":"","background-media":"","overlay-type":"","overlay-color":"","overlay-opacity":"","overlay-gradient":""},"tablet":{"background-color":"","background-image":"","background-repeat":"repeat","background-position":"center center","background-size":"auto","background-attachment":"scroll","background-type":"","background-media":"","overlay-type":"","overlay-color":"","overlay-opacity":"","overlay-gradient":""},"mobile":{"background-color":"","background-image":"","background-repeat":"repeat","background-position":"center center","background-size":"auto","background-attachment":"scroll","background-type":"","background-media":"","overlay-type":"","overlay-color":"","overlay-opacity":"","overlay-gradient":""}},"ast-content-background-meta":{"desktop":{"background-color":"var(--ast-global-color-4)","background-image":"","background-repeat":"repeat","background-position":"center center","background-size":"auto","background-attachment":"scroll","background-type":"","background-media":"","overlay-type":"","overlay-color":"","overlay-opacity":"","overlay-gradient":""},"tablet":{"background-color":"var(--ast-global-color-4)","background-image":"","background-repeat":"repeat","background-position":"center center","background-size":"auto","background-attachment":"scroll","background-type":"","background-media":"","overlay-type":"","overlay-color":"","overlay-opacity":"","overlay-gradient":""},"mobile":{"background-color":"var(--ast-global-color-4)","background-image":"","background-repeat":"repeat","background-position":"center center","background-size":"auto","background-attachment":"scroll","background-type":"","background-media":"","overlay-type":"","overlay-color":"","overlay-opacity":"","overlay-gradient":""}},"h5ap_radio_sources":[],"footnotes":""},"class_list":["post-8","page","type-page","status-publish","hentry"],"_links":{"self":[{"href":"https:\/\/colllearning.info\/CISHE\/wp-json\/wp\/v2\/pages\/8","targetHints":{"allow":["GET"]}}],"collection":[{"href":"https:\/\/colllearning.info\/CISHE\/wp-json\/wp\/v2\/pages"}],"about":[{"href":"https:\/\/colllearning.info\/CISHE\/wp-json\/wp\/v2\/types\/page"}],"author":[{"embeddable":true,"href":"https:\/\/colllearning.info\/CISHE\/wp-json\/wp\/v2\/users\/1"}],"replies":[{"embeddable":true,"href":"https:\/\/colllearning.info\/CISHE\/wp-json\/wp\/v2\/comments?post=8"}],"version-history":[{"count":82,"href":"https:\/\/colllearning.info\/CISHE\/wp-json\/wp\/v2\/pages\/8\/revisions"}],"predecessor-version":[{"id":4030,"href":"https:\/\/colllearning.info\/CISHE\/wp-json\/wp\/v2\/pages\/8\/revisions\/4030"}],"wp:attachment":[{"href":"https:\/\/colllearning.info\/CISHE\/wp-json\/wp\/v2\/media?parent=8"}],"curies":[{"name":"wp","href":"https:\/\/api.w.org\/{rel}","templated":true}]}}