{"id":3982,"date":"2025-06-12T11:41:14","date_gmt":"2025-06-12T09:41:14","guid":{"rendered":"https:\/\/colllearning.info\/CISHE\/?page_id=3982"},"modified":"2025-06-16T11:50:55","modified_gmt":"2025-06-16T09:50:55","slug":"wajs-clara","status":"publish","type":"page","link":"https:\/\/colllearning.info\/CISHE\/espace-membre\/nouvelles-des-adherents\/wajs-clara\/","title":{"rendered":"WAJS Clara"},"content":{"rendered":"\n<p class=\"has-medium-font-size\">Etho-ethnologue<\/p>\n\n\n\n<p><em>L&rsquo;\u0153uvre au blanc<\/em>. <em>Essai alchimique<\/em>, L&rsquo;Harmattan, 2025.<br><a href=\"https:\/\/www.editions-harmattan.fr\/catalogue\/livre\/l-338-uvre-au-blanc\/79002\">https:\/\/www.editions-harmattan.fr\/catalogue\/livre\/l-338-uvre-au-blanc\/79002<\/a><\/p>\n\n\n\n<p>\u00ab\u00a0Face aux cris du monde, qu&rsquo;elle \u00e9cosophie pour l&rsquo;anthropoc\u00e8ne ?\u00a0\u00bb, <em>Cahiers du CIS.H <\/em>no 7, L&rsquo;Harmattan, 2023. <a href=\"https:\/\/www.editions-harmattan.fr\/catalogue\/livre\/face-aux-cris-du-monde-quelle-ecosophie-pour-lanthropocene\/6784\">https:\/\/www.editions-harmattan.fr\/catalogue\/livre\/face-aux-cris-du-monde-quelle-ecosophie-pour-lanthropocene\/6784<\/a><\/p>\n\n\n\n<p><em>L&rsquo;arbre du savoir. Les voies de l&rsquo;esprit en qu\u00eate de v\u00e9rit\u00e9<\/em>, Connaissances et Savoirs, 2020. <a href=\"https:\/\/librairie.publibook.com\/philosophie-sociologie\/1083-larbre-du-savoir-9782753906679.html?search_query=wajs&amp;results=1\">https:\/\/librairie.publibook.com\/philosophie-sociologie\/1083-larbre-du-savoir-9782753906679.html?search_query=wajs&amp;results=1<\/a><\/p>\n\n\n\n<ul class=\"wp-block-list\">\n<li><a href=\"https:\/\/colllearning.info\/CISHE\/wp-content\/uploads\/2025\/06\/PDF-Texte-CIS-H-sur-complotisme-.pdf\">Complotisme &amp; conspirationnisme C. Wajs, 2025<\/a><\/li>\n\n\n\n<li><a href=\"https:\/\/colllearning.info\/CISHE\/wp-content\/uploads\/2024\/06\/ARTICLE-VIEILLESSE-version-2-restauree.pdf\">La vieillesse ou le temps mis en perspective. C. Wajs, 2024<\/a><\/li>\n\n\n\n<li><a href=\"https:\/\/colllearning.info\/CISHE\/wp-content\/uploads\/2024\/01\/Entretiens-CIS-H-2024-C-Wajs-2.pdf\">L\u2019\u00e9cosophie pour l\u2019anthropoc\u00e8ne. C. Wajs, 2024<\/a><\/li>\n\n\n\n<li><a href=\"http:\/\/colllearning.info\/CISHE\/lextreme-variabilite-des-vieillesses-a-travers-les-cultures-humaines\/\"> L\u2019extr\u00eame variabilit\u00e9 des vieillesses \u00e0 travers les cultures humaines. C.Wajs, 2021<\/a><\/li>\n<\/ul>\n\n\n\n<p><\/p>\n\n\n\n<p><\/p>\n","protected":false},"excerpt":{"rendered":"<p>Etho-ethnologue L&rsquo;\u0153uvre au blanc. Essai alchimique, L&rsquo;Harmattan, 2025.https:\/\/www.editions-harmattan.fr\/catalogue\/livre\/l-338-uvre-au-blanc\/79002 \u00ab\u00a0Face aux cris du monde, qu&rsquo;elle \u00e9cosophie pour l&rsquo;anthropoc\u00e8ne ?\u00a0\u00bb, Cahiers du [&hellip;]<\/p>\n","protected":false},"author":1,"featured_media":0,"parent":2676,"menu_order":0,"comment_status":"closed","ping_status":"closed","template":"","meta":{"site-sidebar-layout":"default","site-content-layout":"","ast-site-content-layout":"default","site-content-style":"default","site-sidebar-style":"default","ast-global-header-display":"","ast-banner-title-visibility":"","ast-main-header-display":"","ast-hfb-above-header-display":"","ast-hfb-below-header-display":"","ast-hfb-mobile-header-display":"","site-post-title":"","ast-breadcrumbs-content":"","ast-featured-img":"","footer-sml-layout":"","ast-disable-related-posts":"","theme-transparent-header-meta":"","adv-header-id-meta":"","stick-header-meta":"","header-above-stick-meta":"","header-main-stick-meta":"","header-below-stick-meta":"","astra-migrate-meta-layouts":"default","ast-page-background-enabled":"default","ast-page-background-meta":{"desktop":{"background-color":"var(--ast-global-color-5)","background-image":"","background-repeat":"repeat","background-position":"center center","background-size":"auto","background-attachment":"scroll","background-type":"","background-media":"","overlay-type":"","overlay-color":"","overlay-opacity":"","overlay-gradient":""},"tablet":{"background-color":"","background-image":"","background-repeat":"repeat","background-position":"center center","background-size":"auto","background-attachment":"scroll","background-type":"","background-media":"","overlay-type":"","overlay-color":"","overlay-opacity":"","overlay-gradient":""},"mobile":{"background-color":"","background-image":"","background-repeat":"repeat","background-position":"center center","background-size":"auto","background-attachment":"scroll","background-type":"","background-media":"","overlay-type":"","overlay-color":"","overlay-opacity":"","overlay-gradient":""}},"ast-content-background-meta":{"desktop":{"background-color":"var(--ast-global-color-4)","background-image":"","background-repeat":"repeat","background-position":"center center","background-size":"auto","background-attachment":"scroll","background-type":"","background-media":"","overlay-type":"","overlay-color":"","overlay-opacity":"","overlay-gradient":""},"tablet":{"background-color":"var(--ast-global-color-4)","background-image":"","background-repeat":"repeat","background-position":"center center","background-size":"auto","background-attachment":"scroll","background-type":"","background-media":"","overlay-type":"","overlay-color":"","overlay-opacity":"","overlay-gradient":""},"mobile":{"background-color":"var(--ast-global-color-4)","background-image":"","background-repeat":"repeat","background-position":"center center","background-size":"auto","background-attachment":"scroll","background-type":"","background-media":"","overlay-type":"","overlay-color":"","overlay-opacity":"","overlay-gradient":""}},"h5ap_radio_sources":[],"footnotes":""},"class_list":["post-3982","page","type-page","status-publish","hentry"],"_links":{"self":[{"href":"https:\/\/colllearning.info\/CISHE\/wp-json\/wp\/v2\/pages\/3982","targetHints":{"allow":["GET"]}}],"collection":[{"href":"https:\/\/colllearning.info\/CISHE\/wp-json\/wp\/v2\/pages"}],"about":[{"href":"https:\/\/colllearning.info\/CISHE\/wp-json\/wp\/v2\/types\/page"}],"author":[{"embeddable":true,"href":"https:\/\/colllearning.info\/CISHE\/wp-json\/wp\/v2\/users\/1"}],"replies":[{"embeddable":true,"href":"https:\/\/colllearning.info\/CISHE\/wp-json\/wp\/v2\/comments?post=3982"}],"version-history":[{"count":12,"href":"https:\/\/colllearning.info\/CISHE\/wp-json\/wp\/v2\/pages\/3982\/revisions"}],"predecessor-version":[{"id":4008,"href":"https:\/\/colllearning.info\/CISHE\/wp-json\/wp\/v2\/pages\/3982\/revisions\/4008"}],"up":[{"embeddable":true,"href":"https:\/\/colllearning.info\/CISHE\/wp-json\/wp\/v2\/pages\/2676"}],"wp:attachment":[{"href":"https:\/\/colllearning.info\/CISHE\/wp-json\/wp\/v2\/media?parent=3982"}],"curies":[{"name":"wp","href":"https:\/\/api.w.org\/{rel}","templated":true}]}}