{"id":3366,"date":"2023-12-20T14:35:54","date_gmt":"2023-12-20T13:35:54","guid":{"rendered":"https:\/\/colllearning.info\/CISHE\/?page_id=3366"},"modified":"2023-12-20T14:35:54","modified_gmt":"2023-12-20T13:35:54","slug":"convocation-ago-et-age-2024","status":"publish","type":"page","link":"https:\/\/colllearning.info\/CISHE\/convocation-ago-et-age-2024\/","title":{"rendered":"Convocation AGO et AGE 2024"},"content":{"rendered":"\n<p>Chers adh\u00e9rents,<\/p>\n\n\n\n<blockquote class=\"wp-block-quote is-layout-flow wp-block-quote-is-layout-flow\">\n<p>Le Coll\u00e8ge international des seniors. Harmattan a l\u2019honneur de vous inviter \u00e0 participer \u00e0 l\u2019<strong>assembl\u00e9e&nbsp;g\u00e9n\u00e9rale&nbsp;ordinaire<\/strong>&nbsp;du Coll\u00e8ge international des seniors. Harmattan. Elle sera suivie d\u2019une&nbsp;<strong>assembl\u00e9e g\u00e9n\u00e9rale extraordinaire<\/strong>&nbsp;pour modifier le nom de l\u2019association et ses statuts en cons\u00e9quence. Ces assembl\u00e9es se tiendront de 15h \u00e0 17h.<\/p>\n<\/blockquote>\n\n\n\n<p>Pierre Landry<\/p>\n\n\n\n<p>Secr\u00e9taire g\u00e9n\u00e9ral du CIS.H<\/p>\n\n\n\n<p><a><strong>1. Convocation&nbsp;pour l\u2019Assembl\u00e9e&nbsp;g\u00e9n\u00e9rale&nbsp;ordinaire du CIS.H<\/strong><\/a><\/p>\n\n\n\n<p><a><strong>le vendredi 12 janvier 2024 \u00e0 15h au 21bis rue des \u00e9coles&nbsp;<\/strong><\/a><a><strong>\u00e0 Paris 5e et en visioconf\u00e9rence.<\/strong><\/a><\/p>\n\n\n\n<p><strong>Ordre du jour de l\u2019AGO<\/strong><\/p>\n\n\n\n<blockquote class=\"wp-block-quote is-layout-flow wp-block-quote-is-layout-flow\">\n<p>1.&nbsp; &nbsp; &nbsp; &nbsp;&nbsp;Le rapport moral 2023&nbsp;<\/p>\n\n\n\n<p>2.&nbsp; &nbsp; &nbsp; &nbsp;Le rapport financier 2023&nbsp;<\/p>\n\n\n\n<p>3.&nbsp; &nbsp; &nbsp; &nbsp;&nbsp;Les candidatures comme conseillers&nbsp;<\/p>\n<\/blockquote>\n\n\n\n<blockquote class=\"wp-block-quote is-layout-flow wp-block-quote-is-layout-flow\">\n<p>&nbsp; &nbsp; &nbsp; &nbsp;&nbsp;Maria do ceu&nbsp;Alves<br>&nbsp; &nbsp; &nbsp; &nbsp; Victor Bella<br>&nbsp; &nbsp; &nbsp; &nbsp; Pierre Bertaut<br>&nbsp; &nbsp; &nbsp; &nbsp; Muriel Grimaldi<br>&nbsp; &nbsp; &nbsp; &nbsp; Anne-Marie Guillemard<br>&nbsp; &nbsp; &nbsp; &nbsp;&nbsp;Alain Javeau<br>&nbsp; &nbsp; &nbsp; &nbsp; Mohamed Harakat<br>&nbsp; &nbsp; &nbsp; &nbsp; Joachim Olinga<br>&nbsp; &nbsp; &nbsp; &nbsp; Barth\u00e9lemy Tanoh<br>&nbsp; &nbsp; &nbsp; &nbsp; Clara Wajs<\/p>\n<\/blockquote>\n\n\n\n<blockquote class=\"wp-block-quote is-layout-flow wp-block-quote-is-layout-flow\">\n<p>4.&nbsp; &nbsp; &nbsp;Les candidatures&nbsp;comme membre du Bureau (feront parti du Conseil)<\/p>\n\n\n\n<p>&nbsp; &nbsp; &nbsp; &nbsp;&nbsp;&nbsp;Herv\u00e9 Cochet<br>&nbsp; &nbsp; &nbsp; &nbsp; &nbsp;Pierre Landry<br>&nbsp; &nbsp; &nbsp; &nbsp; &nbsp;Cyrille&nbsp;Ngoulouby&nbsp; &nbsp; &nbsp; &nbsp; &nbsp;Barbara Ndimurukundo<\/p>\n<\/blockquote>\n\n\n\n<blockquote class=\"wp-block-quote is-layout-flow wp-block-quote-is-layout-flow\">\n<p>5..&nbsp; &nbsp; &nbsp;Questions diverses<\/p>\n<\/blockquote>\n\n\n\n<p>PJ&nbsp;&nbsp;<\/p>\n\n\n\n<p>-Rapport moral <\/p>\n\n\n\n<div class=\"wp-block-file\"><a id=\"wp-block-file--media-08f960de-ea5f-49d8-95bd-a342bf25f205\" href=\"https:\/\/colllearning.info\/CISHE\/wp-content\/uploads\/2023\/12\/CIS.H-rapport-moral-2023.pdf\">CIS.H-rapport-moral-2023<\/a><a href=\"https:\/\/colllearning.info\/CISHE\/wp-content\/uploads\/2023\/12\/CIS.H-rapport-moral-2023.pdf\" class=\"wp-block-file__button wp-element-button\" download aria-describedby=\"wp-block-file--media-08f960de-ea5f-49d8-95bd-a342bf25f205\">T\u00e9l\u00e9charger<\/a><\/div>\n\n\n\n<p>-Rapport financier<\/p>\n\n\n\n<div class=\"wp-block-file\"><a id=\"wp-block-file--media-cbac1f53-11de-4382-8b4f-462eaded687d\" href=\"https:\/\/colllearning.info\/CISHE\/wp-content\/uploads\/2023\/12\/Rapport-financier-2023.pdf\">Rapport-financier-2023<\/a><a href=\"https:\/\/colllearning.info\/CISHE\/wp-content\/uploads\/2023\/12\/Rapport-financier-2023.pdf\" class=\"wp-block-file__button wp-element-button\" download aria-describedby=\"wp-block-file--media-cbac1f53-11de-4382-8b4f-462eaded687d\">T\u00e9l\u00e9charger<\/a><\/div>\n\n\n\n<p><strong>Le vote par correspondance<\/strong>&nbsp;est possible pour les personnes ne venant pas \u00e0 l\u2019AG.<strong>R\u00e9pondre avant le 6 janvier 2023&nbsp;<\/strong>par courriel au&nbsp;<a href=\"mailto:college-cish@cis-h.fr\" target=\"_blank\" rel=\"noreferrer noopener\">college-cish@cis-h.fr<\/a>&nbsp;pour chacun des trois premiers points \u00e0 l\u2019ordre du jour : Je vote pour\/Je m\u2019abstiens\/ Je vote contre<\/p>\n\n\n\n<p><a><strong>2. Convocation&nbsp;pour l\u2019Assembl\u00e9e&nbsp;g\u00e9n\u00e9rale extraordinaire du CIS.H<br>le vendredi 12 janvier 2024 \u00e0 15h au 21bis rue des \u00e9coles&nbsp;<\/strong><\/a><a><strong>\u00e0 Paris 5e et en visioconf\u00e9rence.<\/strong><\/a><strong>Ordre du jour de l\u2019AGE<\/strong><\/p>\n\n\n\n<blockquote class=\"wp-block-quote is-layout-flow wp-block-quote-is-layout-flow\">\n<p>1. Modification propos\u00e9e : Coll\u00e8ge&nbsp;international des&nbsp;<strong>sensibilit\u00e9s<\/strong>. Harmattan2. Questions diversesPJ- Proposition de&nbsp;modification des statuts- Statuts modifi\u00e9s<\/p>\n<\/blockquote>\n\n\n\n<p><strong>Le vote par correspondance<\/strong>\u00a0sur cette\u00a0modification du titre de l&rsquo;association et des statuts est possible pour les personnes n\u2019assistant pas \u00e0 l\u2019AGR. <\/p>\n\n\n\n<p>R\u00e9pondre avant le 6 janvier 2023\u00a0par courriel au\u00a0<a rel=\"noreferrer noopener\" href=\"mailto:college-cish@cis-h.fr\" target=\"_blank\">college-cish@cis-h.fr<\/a>\u00a0\u00e0 la question \u00e0 l\u2019ordre du jour : Je vote pour\/Je m\u2019abstiens\/ Je vote contre<\/p>\n\n\n\n<div class=\"wp-block-file\"><a id=\"wp-block-file--media-108e987e-6c8e-4f2d-9a0f-fc7e6ebdb984\" href=\"https:\/\/colllearning.info\/CISHE\/wp-content\/uploads\/2023\/12\/proposition-de-modification-des-statuts-12-01-2024.pdf\">proposition-de-modification-des-statuts-12-01-2024<\/a><a href=\"https:\/\/colllearning.info\/CISHE\/wp-content\/uploads\/2023\/12\/proposition-de-modification-des-statuts-12-01-2024.pdf\" class=\"wp-block-file__button wp-element-button\" download aria-describedby=\"wp-block-file--media-108e987e-6c8e-4f2d-9a0f-fc7e6ebdb984\">T\u00e9l\u00e9charger<\/a><\/div>\n\n\n\n<div class=\"wp-block-file\"><a id=\"wp-block-file--media-c3cb9b19-a526-4b0b-924d-6cb3c702db27\" href=\"https:\/\/colllearning.info\/CISHE\/wp-content\/uploads\/2023\/12\/statuts-Ass.-CIS-H-12-01-2024-.pdf\">statuts-Ass.-CIS-H-12-01-2024-<\/a><\/div>\n","protected":false},"excerpt":{"rendered":"<p>Chers adh\u00e9rents, Le Coll\u00e8ge international des seniors. Harmattan a l\u2019honneur de vous inviter \u00e0 participer \u00e0 l\u2019assembl\u00e9e&nbsp;g\u00e9n\u00e9rale&nbsp;ordinaire&nbsp;du Coll\u00e8ge international des [&hellip;]<\/p>\n","protected":false},"author":1,"featured_media":0,"parent":0,"menu_order":0,"comment_status":"closed","ping_status":"closed","template":"","meta":{"site-sidebar-layout":"default","site-content-layout":"","ast-site-content-layout":"default","site-content-style":"default","site-sidebar-style":"default","ast-global-header-display":"","ast-banner-title-visibility":"","ast-main-header-display":"","ast-hfb-above-header-display":"","ast-hfb-below-header-display":"","ast-hfb-mobile-header-display":"","site-post-title":"","ast-breadcrumbs-content":"","ast-featured-img":"","footer-sml-layout":"","ast-disable-related-posts":"","theme-transparent-header-meta":"","adv-header-id-meta":"","stick-header-meta":"","header-above-stick-meta":"","header-main-stick-meta":"","header-below-stick-meta":"","astra-migrate-meta-layouts":"default","ast-page-background-enabled":"default","ast-page-background-meta":{"desktop":{"background-color":"var(--ast-global-color-5)","background-image":"","background-repeat":"repeat","background-position":"center center","background-size":"auto","background-attachment":"scroll","background-type":"","background-media":"","overlay-type":"","overlay-color":"","overlay-opacity":"","overlay-gradient":""},"tablet":{"background-color":"","background-image":"","background-repeat":"repeat","background-position":"center center","background-size":"auto","background-attachment":"scroll","background-type":"","background-media":"","overlay-type":"","overlay-color":"","overlay-opacity":"","overlay-gradient":""},"mobile":{"background-color":"","background-image":"","background-repeat":"repeat","background-position":"center center","background-size":"auto","background-attachment":"scroll","background-type":"","background-media":"","overlay-type":"","overlay-color":"","overlay-opacity":"","overlay-gradient":""}},"ast-content-background-meta":{"desktop":{"background-color":"var(--ast-global-color-4)","background-image":"","background-repeat":"repeat","background-position":"center center","background-size":"auto","background-attachment":"scroll","background-type":"","background-media":"","overlay-type":"","overlay-color":"","overlay-opacity":"","overlay-gradient":""},"tablet":{"background-color":"var(--ast-global-color-4)","background-image":"","background-repeat":"repeat","background-position":"center center","background-size":"auto","background-attachment":"scroll","background-type":"","background-media":"","overlay-type":"","overlay-color":"","overlay-opacity":"","overlay-gradient":""},"mobile":{"background-color":"var(--ast-global-color-4)","background-image":"","background-repeat":"repeat","background-position":"center center","background-size":"auto","background-attachment":"scroll","background-type":"","background-media":"","overlay-type":"","overlay-color":"","overlay-opacity":"","overlay-gradient":""}},"h5ap_radio_sources":[],"footnotes":""},"class_list":["post-3366","page","type-page","status-publish","hentry"],"_links":{"self":[{"href":"https:\/\/colllearning.info\/CISHE\/wp-json\/wp\/v2\/pages\/3366","targetHints":{"allow":["GET"]}}],"collection":[{"href":"https:\/\/colllearning.info\/CISHE\/wp-json\/wp\/v2\/pages"}],"about":[{"href":"https:\/\/colllearning.info\/CISHE\/wp-json\/wp\/v2\/types\/page"}],"author":[{"embeddable":true,"href":"https:\/\/colllearning.info\/CISHE\/wp-json\/wp\/v2\/users\/1"}],"replies":[{"embeddable":true,"href":"https:\/\/colllearning.info\/CISHE\/wp-json\/wp\/v2\/comments?post=3366"}],"version-history":[{"count":1,"href":"https:\/\/colllearning.info\/CISHE\/wp-json\/wp\/v2\/pages\/3366\/revisions"}],"predecessor-version":[{"id":3371,"href":"https:\/\/colllearning.info\/CISHE\/wp-json\/wp\/v2\/pages\/3366\/revisions\/3371"}],"wp:attachment":[{"href":"https:\/\/colllearning.info\/CISHE\/wp-json\/wp\/v2\/media?parent=3366"}],"curies":[{"name":"wp","href":"https:\/\/api.w.org\/{rel}","templated":true}]}}