{"id":3326,"date":"2023-11-20T17:25:28","date_gmt":"2023-11-20T16:25:28","guid":{"rendered":"http:\/\/colllearning.info\/CISHE\/?page_id=3326"},"modified":"2024-12-12T08:57:11","modified_gmt":"2024-12-12T07:57:11","slug":"initiatives","status":"publish","type":"page","link":"https:\/\/colllearning.info\/CISHE\/initiatives\/","title":{"rendered":"Initiatives"},"content":{"rendered":"\n<ul class=\"wp-block-list\">\n<li><strong>Artisans et transmission<\/strong><br>De l&rsquo;or dans les mains a pour mission de sensibiliser les jeunes aux m\u00e9tiers manuels en faisant entrer la pratique artisanale dans les coll\u00e8ges.&nbsp;<br><a href=\"https:\/\/www.delordanslesmains.com\/\">https:\/\/www.delordanslesmains.com\/<\/a><\/li>\n\n\n\n<li><strong>Seniors et transmission&nbsp;<\/strong><br><strong>L\u2019Outil en Main<\/strong>&nbsp;a pour but l\u2019initiation des jeunes d\u00e8s l\u2019\u00e2ge de 9 ans, aux m\u00e9tiers manuels, par des gens de m\u00e9tier, artisans ou ouvriers qualifi\u00e9s, b\u00e9n\u00e9voles \u00e0 la retraite, avec de vrais outils au sein de vrais ateliers.&nbsp;<em>Il permet aux Hommes et Femmes de m\u00e9tier, riches d\u2019exp\u00e9rience de rester dans \u201cla vie active\u201d en transmettant aux jeunes g\u00e9n\u00e9rations les gestes de leur m\u00e9tier avec un savoir-faire qui ne s\u2019apprend pas dans les livres et l\u2019amour du travail bien fait.<\/em><br>Ces ateliers sont un lieu de rassemblement et d\u2019\u00e9change entre jeunes et anciens, aussi bien en milieu rural qu\u2019en milieu urbain. Il a pour but la revalorisation de tous les m\u00e9tiers manuels artisanaux, m\u00e9tiers du b\u00e2timent, m\u00e9tiers du patrimoine tels que : carreleur, charpentier, couvreur, ma\u00e7on, m\u00e9tallier, mosa\u00efste, plombier, tailleur de pierre, m\u00e9tiers d\u2019art, de bouche, industriels, etc\u2026<br><a href=\"https:\/\/www.loutilenmain.fr\/l-outil-en-main.html\">https:\/\/www.loutilenmain.fr\/l-outil-en-main.html<\/a><\/li>\n\n\n\n<li><strong>Solidarit\u00e9 : les Compagnons b\u00e2tisseurs aident aux travaux pour lutter contre le mal-logement<br><\/strong>Tous les services sont gratuits, sans adh\u00e9sion ni caution. Derri\u00e8re cette solidarit\u00e9, l\u2019objectif est de taille.&nbsp;<em>\u00ab&nbsp;c\u2019est la base pour se sentir bien dans la vie de se sentir bien dans son logement<\/em><strong><br><\/strong><a href=\"https:\/\/la1ere.francetvinfo.fr\/emissions-radio\/planete-outre-mer\/ils-reconstruisent-saint-martin-qui-sont-compagnons-batisseurs-745673.html\">https:\/\/la1ere.francetvinfo.fr\/emissions-radio\/planete-outre-mer\/ils-reconstruisent-saint-martin-qui-sont-compagnons-batisseurs-745673.html<\/a><\/li>\n\n\n\n<li><strong>La Fondation Reboot est d\u00e9di\u00e9e \u00e0 la promotion du raisonnement critique.<\/strong><br>En cette p\u00e9riode de vaste changement technologique, la Fondation a pour objectif de promouvoir des formes de pens\u00e9e plus riches et plus r\u00e9flexives \u00e0 l\u2019\u00e9cole, au travail ou dans la vie quotidienne.<br>Un guide pour les parents est propos\u00e9.<br><a href=\"https:\/\/reboot-foundation.org\/fr\/\">https:\/\/reboot-foundation.org\/fr\/<\/a><\/li>\n\n\n\n<li><strong>Comment un nouvel alphabet aide un peuple ancestral \u00e0 \u00e9crire son propre avenir : l\u2019ADLaM<\/strong><br>Les Peuls, \u00e9galement appel\u00e9s Fellata ou Foulani, \u00e9taient \u00e0 l\u2019origine un peuple de pasteurs nomades qui se dispers\u00e8rent \u00e0 travers l\u2019Afrique de l\u2019Ouest pour s\u2019installer dans des pays allant du Soudan au S\u00e9n\u00e9gal et le long de la c\u00f4te de la mer Rouge. Plus de 40 millions de personnes parlent peul (certaines estimations portent ce chiffre \u00e0 50 ou 60 millions) dans une vingtaine de pays africains. Mais le peuple peul n\u2019a jamais \u00e9labor\u00e9 de syst\u00e8me d\u2019\u00e9criture pour sa langue, utilisant plut\u00f4t les caract\u00e8res arabes et parfois latins pour \u00e9crire sa langue maternelle, \u00e9galement appel\u00e9 foulani, fulfulde ou pular. De nombreux sons peuls ne peuvent pas \u00eatre repr\u00e9sent\u00e9s par ces alphabets. Les locuteurs devaient donc improviser \u00e0 mesure qu\u2019ils \u00e9crivaient, avec des r\u00e9sultats vari\u00e9s qui nuisaient souvent \u00e0 la clart\u00e9 des communications.<br><a href=\"https:\/\/news.microsoft.com\/fr-fr\/2019\/07\/31\/adlam\/\">https:\/\/news.microsoft.com\/fr-fr\/2019\/07\/31\/adlam\/<\/a><\/li>\n\n\n\n<li><strong>la revue \u00e9lectronique de l\u2019Institut de Recherche et d\u2019Information sur le Volontariat<\/strong>&nbsp;(iriv)<br><a href=\"https:\/\/www.benevolat.net\/\">https:\/\/www.benevolat.net\/<\/a><\/li>\n\n\n\n<li><strong>International Higher Education Declaration to Support the Implementation of the United Nations Sustainability Goals<\/strong><br><a href=\"http:\/\/pascalobservatory.org\/pascalnow\/pascal-activities\/news\/eighth-big-tent-global-communique-he-and-un-sdgs-global-networks-hi\">http:\/\/pascalobservatory.org\/pascalnow\/pascal-activities\/news\/eighth-big-tent-global-communique-he-and-un-sdgs-global-networks-hi<\/a><\/li>\n\n\n\n<li><strong>soliself \u2013 Self associatif, Lisieux<\/strong><br>Un self inter g\u00e9n\u00e9rations pour les revenus inf\u00e9rieurs \u00e0 1200 \u20ac<br><a href=\"https:\/\/fr.ulule.com\/soliself-lisieux\/\" target=\"_blank\" rel=\"noreferrer noopener\">https:\/\/fr.ulule.com\/soliself-lisieux\/<\/a><\/li>\n\n\n\n<li><strong>Low-tech lab<\/strong>&nbsp;: recherche et documentation collaborative visant \u00e0 diffuser et promouvoir les low-technologies<br><a href=\"http:\/\/lowtechlab.org\/wiki\/About\" target=\"_blank\" rel=\"noreferrer noopener\">lowtechlab.org\/wiki\/About<\/a><\/li>\n\n\n\n<li><strong>Une \u00eele des Canaries autonome en \u00e9nergie<\/strong>Une centrale \u00e9lectrique mixte \u00e9olienne\/hydraulique assure l\u2019autonomie en \u00e9nergie de El Hierro, une \u00eele de l\u2019archipel des Canaries.<br><a href=\"https:\/\/www.notre-planete.info\/actualites\/2575-ile_canaries_energies_renouvelables\">https:\/\/www.notre-planete.info\/actualites\/2575-ile_canaries_energies_renouvelables<\/a><\/li>\n\n\n\n<li><strong>Le petit village de Saint-Pierre de Frugie en Dordogne<\/strong>&nbsp;\u00e9tait quasi mort il y a 10 ans.<br>\u00c0 l\u2019initiative du maire, une reprise en main a redynamis\u00e9 le village qui se d\u00e9veloppe&nbsp; \u00e0 nouveau.<br><a href=\"https:\/\/www.francebleu.fr\/infos\/societe\/saint-pierre-de-frugie-1474716738\">https:\/\/www.francebleu.fr\/infos\/societe\/saint-pierre-de-frugie-1474716738<\/a><\/li>\n\n\n\n<li><strong>La tente des Glaneurs<\/strong>&nbsp;est une \u201cassociation de redistribution solidaire alimentaire\u201d selon les mots de Jean-Loup Lemaire (fondateur de l\u2019association). Elle r\u00e9cup\u00e8re les invendus sur les march\u00e9s pour les redistribuer.<br><a href=\"https:\/\/fr.wikipedia.org\/wiki\/La_tente_des_Glaneurs\">https:\/\/fr.wikipedia.org\/wiki\/La_tente_des_Glaneurs<\/a><\/li>\n\n\n\n<li><a href=\"https:\/\/www.entransition.fr\/\">Transition France&nbsp;<\/a>&nbsp;le mouvement de la Transition en France<br>Il y a aujourd\u2019hui plus de 2 000 initiatives de Transition \u00e0 travers le monde, dans 50 pays, dont 150 en France, r\u00e9unies au sein du&nbsp;<a href=\"http:\/\/www.transitionnetwork.org\/\">r\u00e9seau international de la Transition.<\/a><br>Il s\u2019agit d\u2019inciter les citoyens d\u2019un territoire (bourg, quartier d\u2019une ville, village\u2026), \u00e0 prendre conscience, d\u2019une part, des profondes cons\u00e9quences que vont avoir sur nos vies la convergence du pic&nbsp; p\u00e9trolier et du d\u00e9r\u00e8glement du climat et, d\u2019autre part, de la n\u00e9cessit\u00e9 de s\u2019y pr\u00e9parer concr\u00e8tement. Il s\u2019agit de mettre en place des solutions fond\u00e9es sur une vision positive de l\u2019avenir.<\/li>\n\n\n\n<li><strong>Carrefour des initiatives sociales<\/strong>&nbsp;: Plateforme coop\u00e9rative au service du bien commun qui r\u00e9unit aujourd\u2019hui plus de 50 acteurs de l\u2019innovation sociale, associations, r\u00e9seaux professionnels, accompagnateurs, financeurs, observateurs, chercheurs et acteurs publics. Ils partagent leurs exp\u00e9riences et leurs savoirs sur l\u2019innovation sociale pour les rendre plus accessibles et acc\u00e9l\u00e9rer les mises en contacts.<br><a href=\"https:\/\/www.carrefourdesinnovationssociales.fr\/fr\/node\/564\">https:\/\/www.carrefourdesinnovationssociales.fr\/fr\/node\/564<\/a><\/li>\n\n\n\n<li><strong>Semeurs de for\u00eats.&nbsp;<\/strong>Planter de vraies for\u00eats (30 \u00e0 50 essences par parcelle) denses, prot\u00e9g\u00e9es et propices \u00e0 la vie.&nbsp;<a href=\"https:\/\/semeursdeforets.org\/\">Semeurs de For\u00eats \u2013 Des for\u00eats indig\u00e8nes perp\u00e9tuelles partout en France \u2013 Association d\u2019Int\u00e9r\u00eat G\u00e9n\u00e9ral (semeursdeforets.org)<\/a><\/li>\n\n\n\n<li><strong>ASHOKA<\/strong>. ONG qui aide des entrepreneurs qui innovent pour apporter des solutions \u00e0 des probl\u00e8mes soci\u00e9taux et environnementaux.&nbsp;<a href=\"https:\/\/www.ashoka.org\/fr-fr\">https:\/\/www.ashoka.org\/fr-fr<\/a><\/li>\n\n\n\n<li><strong>Lire c\u2019est partir<\/strong>&nbsp;: rendre accessible le livre au plus grand nombre par un prix de 0, 80 \u20ac<br><a href=\"https:\/\/www.lirecestpartir.fr\/presentation\/\">https:\/\/www.lirecestpartir.fr\/presentation\/<\/a><\/li>\n\n\n\n<li><strong>Lire et faire lire<\/strong> : des ain\u00e9s s&rsquo;engagent aupr\u00e8s des jeunes pour faire aimer la lecture<br><a href=\"https:\/\/www.lireetfairelire.org\/\">https:\/\/www.lireetfairelire.org\/<\/a><\/li>\n\n\n\n<li><strong>L&rsquo;alliance pour la lecture<\/strong> : un collectif de plus de 100 associations, organismes et f\u00e9d\u00e9rations, engag\u00e9s pour le d\u00e9veloppement de la lecture.<br><a href=\"https:\/\/alliancepourlalecture.fr\/\">https:\/\/alliancepourlalecture.fr\/<\/a><\/li>\n\n\n\n<li>Mots &amp; merveilles<br>Lire, \u00e9crire et compter sont les cl\u00e9s pour comprendre le monde qui nous entoure, y prendre sa place et communiquer.<br><a href=\"https:\/\/www.asso-motsetmerveilles.fr\/\">https:\/\/www.asso-motsetmerveilles.fr\/<\/a><\/li>\n<\/ul>\n","protected":false},"excerpt":{"rendered":"","protected":false},"author":1,"featured_media":0,"parent":0,"menu_order":0,"comment_status":"closed","ping_status":"closed","template":"","meta":{"site-sidebar-layout":"default","site-content-layout":"","ast-site-content-layout":"default","site-content-style":"default","site-sidebar-style":"default","ast-global-header-display":"","ast-banner-title-visibility":"","ast-main-header-display":"","ast-hfb-above-header-display":"","ast-hfb-below-header-display":"","ast-hfb-mobile-header-display":"","site-post-title":"","ast-breadcrumbs-content":"","ast-featured-img":"","footer-sml-layout":"","ast-disable-related-posts":"","theme-transparent-header-meta":"","adv-header-id-meta":"","stick-header-meta":"","header-above-stick-meta":"","header-main-stick-meta":"","header-below-stick-meta":"","astra-migrate-meta-layouts":"default","ast-page-background-enabled":"default","ast-page-background-meta":{"desktop":{"background-color":"var(--ast-global-color-5)","background-image":"","background-repeat":"repeat","background-position":"center center","background-size":"auto","background-attachment":"scroll","background-type":"","background-media":"","overlay-type":"","overlay-color":"","overlay-opacity":"","overlay-gradient":""},"tablet":{"background-color":"","background-image":"","background-repeat":"repeat","background-position":"center center","background-size":"auto","background-attachment":"scroll","background-type":"","background-media":"","overlay-type":"","overlay-color":"","overlay-opacity":"","overlay-gradient":""},"mobile":{"background-color":"","background-image":"","background-repeat":"repeat","background-position":"center center","background-size":"auto","background-attachment":"scroll","background-type":"","background-media":"","overlay-type":"","overlay-color":"","overlay-opacity":"","overlay-gradient":""}},"ast-content-background-meta":{"desktop":{"background-color":"var(--ast-global-color-4)","background-image":"","background-repeat":"repeat","background-position":"center center","background-size":"auto","background-attachment":"scroll","background-type":"","background-media":"","overlay-type":"","overlay-color":"","overlay-opacity":"","overlay-gradient":""},"tablet":{"background-color":"var(--ast-global-color-4)","background-image":"","background-repeat":"repeat","background-position":"center center","background-size":"auto","background-attachment":"scroll","background-type":"","background-media":"","overlay-type":"","overlay-color":"","overlay-opacity":"","overlay-gradient":""},"mobile":{"background-color":"var(--ast-global-color-4)","background-image":"","background-repeat":"repeat","background-position":"center center","background-size":"auto","background-attachment":"scroll","background-type":"","background-media":"","overlay-type":"","overlay-color":"","overlay-opacity":"","overlay-gradient":""}},"h5ap_radio_sources":[],"footnotes":""},"class_list":["post-3326","page","type-page","status-publish","hentry"],"_links":{"self":[{"href":"https:\/\/colllearning.info\/CISHE\/wp-json\/wp\/v2\/pages\/3326","targetHints":{"allow":["GET"]}}],"collection":[{"href":"https:\/\/colllearning.info\/CISHE\/wp-json\/wp\/v2\/pages"}],"about":[{"href":"https:\/\/colllearning.info\/CISHE\/wp-json\/wp\/v2\/types\/page"}],"author":[{"embeddable":true,"href":"https:\/\/colllearning.info\/CISHE\/wp-json\/wp\/v2\/users\/1"}],"replies":[{"embeddable":true,"href":"https:\/\/colllearning.info\/CISHE\/wp-json\/wp\/v2\/comments?post=3326"}],"version-history":[{"count":4,"href":"https:\/\/colllearning.info\/CISHE\/wp-json\/wp\/v2\/pages\/3326\/revisions"}],"predecessor-version":[{"id":3812,"href":"https:\/\/colllearning.info\/CISHE\/wp-json\/wp\/v2\/pages\/3326\/revisions\/3812"}],"wp:attachment":[{"href":"https:\/\/colllearning.info\/CISHE\/wp-json\/wp\/v2\/media?parent=3326"}],"curies":[{"name":"wp","href":"https:\/\/api.w.org\/{rel}","templated":true}]}}