{"id":31,"date":"2018-05-23T07:22:41","date_gmt":"2018-05-23T05:22:41","guid":{"rendered":"http:\/\/colllearning.info\/CISHE\/?page_id=31"},"modified":"2023-09-25T17:55:00","modified_gmt":"2023-09-25T15:55:00","slug":"liens","status":"publish","type":"page","link":"https:\/\/colllearning.info\/CISHE\/liens\/","title":{"rendered":"LIENS"},"content":{"rendered":"<ul>\n<li><strong>annuaire-association<br \/>\n<a href=\"http:\/\/annuaire-association.com\">http:\/\/annuaire-association.com<\/a><br \/>\n<\/strong><\/li>\n<li><a href=\"https:\/\/vif-fragiles.org\/\">VIF Vieux, In\u00e9gaux, Fous<\/a><\/li>\n<li><strong>3Saisons<\/strong> : Pour un art de vivre et de vieillir<br \/>\n<a href=\"https:\/\/3saisons.jimdo.com\/\">https:\/\/3saisons.jimdo.com\/<\/a><\/li>\n<li><strong>Age Village<\/strong><br \/>\n<a href=\"https:\/\/www.agevillage.com\/\">https:\/\/www.agevillage.com\/<\/a><\/li>\n<li><strong>Arts, Culture, \u00c9ducation (ACE)<br \/>\n<\/strong><a href=\"http:\/\/artscultureseducation.com\/\" target=\"_blank\" rel=\"noopener\">http:\/\/artscultureseducation.com\/<\/a><\/li>\n<li><strong>Association A6 : Ad hoc, Ad\u00e9quat, Adoptable, Altruiste, Artistique<\/strong><br \/>\n<a href=\"http:\/\/alliance-respons.net\/bdf_organisme-6_fr.html\" target=\"_blank\" rel=\"noopener\">http:\/\/alliance-respons.net\/bdf_organisme-6_fr.html<\/a><\/li>\n<li><strong>Bien vieillir longtemps<\/strong><br \/>\n<a href=\"http:\/\/bienvieillirlongtemps.fr\/\">http:\/\/bienvieillirlongtemps.fr\/<\/a><\/li>\n<li><strong>Collection Cahiers du CIS.H<br \/>\n<\/strong><em><strong>No 1<\/strong> : Transmissions et transitions<\/em><br \/>\n<a href=\"https:\/\/www.editions-harmattan.fr\/index.asp?navig=catalogue&amp;obj=numero&amp;no_revue=973&amp;no=70306\">https:\/\/www.editions-harmattan.fr\/index.asp?navig=catalogue&amp;obj=numero&amp;no_revue=973&amp;no=70306<\/a><br \/>\n<em><strong>No 2<\/strong> : Long\u00e9vit\u00e9 : quelles solidarit\u00e9 et \u00e9quit\u00e9 interg\u00e9n\u00e9rationnelles ?<\/em><br \/>\n<a href=\"https:\/\/www.editions-harmattan.fr\/index.asp?navig=catalogue&amp;obj=numero&amp;no_revue=973&amp;no=67171\">https:\/\/www.editions-harmattan.fr\/index.asp?navig=catalogue&amp;obj=numero&amp;no_revue=973&amp;no=67171<\/a><\/li>\n<li><strong>Collection College international des seniors<\/strong><br \/>\n<a href=\"https:\/\/www.editions-harmattan.fr\/index.asp?navig=catalogue&amp;obj=collection&amp;no=1449\">https:\/\/www.editions-harmattan.fr\/index.asp?navig=catalogue&amp;obj=collection&amp;no=1449<\/a><\/li>\n<li><strong>Ecosophie pour l&rsquo;anthropoc\u00e8ne<br \/>\n<\/strong><a href=\"http:\/\/cis-h.fr\/ecosophie\/\"><strong>http:\/\/cis-h.fr\/ecosophie\/<\/strong><\/a><\/li>\n<li><strong>\u00c9ditions l&rsquo;HARMATTAN<\/strong><br \/>\n<a href=\"https:\/\/www.editions-harmattan.fr\/\" target=\"_blank\" rel=\"noopener\">https:\/\/www.editions-harmattan.fr\/<\/a><\/li>\n<li><strong>IDAR<\/strong> Information, D\u00e9fense, Action, Retraite<br \/>\nvoir <a href=\"http:\/\/cis-h.org\">cis-h.org<\/a><\/li>\n<li><strong>Lire c&rsquo;est partir<\/strong><br \/>\n<a href=\"https:\/\/www.lirecestpartir.fr\/presentation\/\">https:\/\/www.lirecestpartir.fr\/presentation\/<\/a><\/li>\n<li><strong>MICHEL, Anne<\/strong>\u00a0<a href=\"https:\/\/www.annemichel.fr\" target=\"_blank\" rel=\"noopener\">https:\/\/www.annemichel.fr<\/a><\/li>\n<li><strong>OLD SCHOOL<\/strong> <a href=\"https:\/\/oldschool.info\/\">https:\/\/oldschool.info\/<\/a><br \/>\n<a href=\"https:\/\/oldschool.info\/resource\/mecanismes-de-lagisme\">M\u00e9canismes de l&rsquo;\u00e2gisme<\/a><\/li>\n<li><strong>OLD&rsquo;UP<\/strong> Plus si jeunes, mais pas si vieux<br \/>\n<a href=\"https:\/\/www.oldup.fr\/\">https:\/\/www.oldup.fr\/<\/a><\/li>\n<li><strong>Projet EMOH, Guadalajara, Mexique<\/strong><br \/>\n<a href=\"https:\/\/formacionsocial.iteso.mx\/fr\/morin\" target=\"_blank\" rel=\"noopener\">https:\/\/formacionsocial.iteso.mx\/fr\/morin<\/a><\/li>\n<li><a href=\"https:\/\/www.wedemain.fr\/initiatives-territoires\/?top-category=th%c3%a8mes\">Le guide des initiatives dans les territoires<\/a><\/li>\n<\/ul>\n","protected":false},"excerpt":{"rendered":"<p>annuaire-association http:\/\/annuaire-association.com VIF Vieux, In\u00e9gaux, Fous 3Saisons : Pour un art de vivre et de vieillir https:\/\/3saisons.jimdo.com\/ Age Village https:\/\/www.agevillage.com\/ [&hellip;]<\/p>\n","protected":false},"author":1,"featured_media":0,"parent":0,"menu_order":0,"comment_status":"closed","ping_status":"closed","template":"","meta":{"site-sidebar-layout":"default","site-content-layout":"","ast-site-content-layout":"default","site-content-style":"default","site-sidebar-style":"default","ast-global-header-display":"","ast-banner-title-visibility":"","ast-main-header-display":"","ast-hfb-above-header-display":"","ast-hfb-below-header-display":"","ast-hfb-mobile-header-display":"","site-post-title":"","ast-breadcrumbs-content":"","ast-featured-img":"","footer-sml-layout":"","ast-disable-related-posts":"","theme-transparent-header-meta":"","adv-header-id-meta":"","stick-header-meta":"","header-above-stick-meta":"","header-main-stick-meta":"","header-below-stick-meta":"","astra-migrate-meta-layouts":"default","ast-page-background-enabled":"default","ast-page-background-meta":{"desktop":{"background-color":"var(--ast-global-color-5)","background-image":"","background-repeat":"repeat","background-position":"center center","background-size":"auto","background-attachment":"scroll","background-type":"","background-media":"","overlay-type":"","overlay-color":"","overlay-opacity":"","overlay-gradient":""},"tablet":{"background-color":"","background-image":"","background-repeat":"repeat","background-position":"center center","background-size":"auto","background-attachment":"scroll","background-type":"","background-media":"","overlay-type":"","overlay-color":"","overlay-opacity":"","overlay-gradient":""},"mobile":{"background-color":"","background-image":"","background-repeat":"repeat","background-position":"center center","background-size":"auto","background-attachment":"scroll","background-type":"","background-media":"","overlay-type":"","overlay-color":"","overlay-opacity":"","overlay-gradient":""}},"ast-content-background-meta":{"desktop":{"background-color":"var(--ast-global-color-4)","background-image":"","background-repeat":"repeat","background-position":"center center","background-size":"auto","background-attachment":"scroll","background-type":"","background-media":"","overlay-type":"","overlay-color":"","overlay-opacity":"","overlay-gradient":""},"tablet":{"background-color":"var(--ast-global-color-4)","background-image":"","background-repeat":"repeat","background-position":"center center","background-size":"auto","background-attachment":"scroll","background-type":"","background-media":"","overlay-type":"","overlay-color":"","overlay-opacity":"","overlay-gradient":""},"mobile":{"background-color":"var(--ast-global-color-4)","background-image":"","background-repeat":"repeat","background-position":"center center","background-size":"auto","background-attachment":"scroll","background-type":"","background-media":"","overlay-type":"","overlay-color":"","overlay-opacity":"","overlay-gradient":""}},"h5ap_radio_sources":[],"footnotes":""},"class_list":["post-31","page","type-page","status-publish","hentry"],"_links":{"self":[{"href":"https:\/\/colllearning.info\/CISHE\/wp-json\/wp\/v2\/pages\/31","targetHints":{"allow":["GET"]}}],"collection":[{"href":"https:\/\/colllearning.info\/CISHE\/wp-json\/wp\/v2\/pages"}],"about":[{"href":"https:\/\/colllearning.info\/CISHE\/wp-json\/wp\/v2\/types\/page"}],"author":[{"embeddable":true,"href":"https:\/\/colllearning.info\/CISHE\/wp-json\/wp\/v2\/users\/1"}],"replies":[{"embeddable":true,"href":"https:\/\/colllearning.info\/CISHE\/wp-json\/wp\/v2\/comments?post=31"}],"version-history":[{"count":21,"href":"https:\/\/colllearning.info\/CISHE\/wp-json\/wp\/v2\/pages\/31\/revisions"}],"predecessor-version":[{"id":3201,"href":"https:\/\/colllearning.info\/CISHE\/wp-json\/wp\/v2\/pages\/31\/revisions\/3201"}],"wp:attachment":[{"href":"https:\/\/colllearning.info\/CISHE\/wp-json\/wp\/v2\/media?parent=31"}],"curies":[{"name":"wp","href":"https:\/\/api.w.org\/{rel}","templated":true}]}}