{"id":2233,"date":"2021-07-15T18:35:02","date_gmt":"2021-07-15T16:35:02","guid":{"rendered":"http:\/\/colllearning.info\/CISHE\/?page_id=2233"},"modified":"2024-01-21T18:09:30","modified_gmt":"2024-01-21T17:09:30","slug":"presse","status":"publish","type":"page","link":"https:\/\/colllearning.info\/CISHE\/presse\/","title":{"rendered":"PRESSE"},"content":{"rendered":"\n<h2 class=\"wp-block-heading\"><strong>Pr\u00e9sentation du <em>Coll\u00e8ge international des seniors CIS.H<\/em><\/strong> :<\/h2>\n\n\n\n<div class=\"wp-block-file\"><a id=\"wp-block-file--media-cb4b1ed1-c8cf-4cfc-ba97-d4e4904d6d58\" href=\"http:\/\/colllearning.info\/CISHE\/wp-content\/uploads\/2023\/05\/AP-college-international-senior.pdf\">AP-college-international-senior<\/a><a href=\"http:\/\/colllearning.info\/CISHE\/wp-content\/uploads\/2023\/05\/AP-college-international-senior.pdf\" class=\"wp-block-file__button wp-element-button\" download aria-describedby=\"wp-block-file--media-cb4b1ed1-c8cf-4cfc-ba97-d4e4904d6d58\">T\u00e9l\u00e9charger<\/a><\/div>\n\n\n\n<h2 class=\"wp-block-heading\"><a href=\"https:\/\/www.editions-harmattan.fr\/index.asp?navig=catalogue&amp;obj=collection&amp;no=1461\">Cahiers du CIS.H<\/a>Cahiers du CIS.H<br><a href=\"https:\/\/www.editions-harmattan.fr\/index.asp?navig=catalogue&amp;obj=collection&amp;no=1449\">Collection du Coll\u00e8ge international des seniors<\/a>Collection du Coll\u00e8ge<\/h2>\n\n\n\n<h2 class=\"wp-block-heading\"><a href=\"http:\/\/colllearning.info\/CISHE\/ressources\/missives\/\" data-type=\"page\" data-id=\"2061\">Les missives<\/a><\/h2>\n\n\n\n<p><strong>We are&#8230;<\/strong><br>an INTERNATIONAL ASSOCIATION, working in cooperation with \u00c9DITIONS L&rsquo;HARMATTAN, in an open collegial spirit of SOLIDARITY and VOLUNTEERING, made up of people in the second half of their lives :<br>&#8211; in a variety of countries,<br>&#8211; often the authors of books, published by L&rsquo;Harmattan among others,<br>&#8211; passionate about expression, the arts and sciences,<br>&#8211; aware that there is only one life.<br>&#8211; who wish to question others and the world, to explore together and influence on contemporary issues.<br><strong>Our values<\/strong><br>1. WITNESS our experiences to enlighten the future.<br>2. DIALOGUE without borders to gather a polyphony of viewpoints.<br>3. ACT for greater solidarity and equity between generations.<br><\/p>\n\n\n\n<p>A third of life for a quarter of Humanity can be generously devoted to cultivating the contributions of seniority.<br>Rich in the multiple skills of its members, CIS.H wishes to work at the crossroads of cultures and generations.<br>&#8211; during CIS.H&rsquo;s one-day GATHERING sessions, held twice a year, to debate, get to know each other better and forge links.<br>&#8211; at CAF\u00c9S-PHILO, to discuss a particular issue.<br><\/p>\n\n\n\n<p><strong>Our publications<\/strong><br>Les Cahiers du CIS-H: <a href=\"https:\/\/www.editions-harmattan.fr\/index.asp?navig=catalogue&amp;obj=numero&amp;no=76326&amp;no_revue=973&amp;razSqlClone=1\">https:\/\/www.editions-harmattan.fr\/index.asp?navig=catalogue&amp;obj=numero&amp;no=76326&amp;no_revue=973&amp;razSqlClone=1<\/a><br>La Collection du Coll\u00e8ge international des seniors: <a href=\"https:\/\/www.editions-harmattan.fr\/index.asp?navig=catalogue&amp;obj=collection&amp;no=1449\">https:\/\/www.editions-harmattan.fr\/index.asp?navig=catalogue&amp;obj=collection&amp;no=1449<\/a><br><\/p>\n\n\n\n<p>Our physical adress<\/p>\n\n\n\n<p>MVACQL (Maison de la Vie Associative et Citoyenne du&nbsp;<strong>Quartier<\/strong>&nbsp;<strong>Latin)<\/strong><br>Boite Aux Lettres no 1,<br>&nbsp;4, rue des ar\u00e8nes 75005 PARIS<\/p>\n","protected":false},"excerpt":{"rendered":"<p>Pr\u00e9sentation du Coll\u00e8ge international des seniors CIS.H : Cahiers du CIS.HCahiers du CIS.HCollection du Coll\u00e8ge international des seniorsCollection du Coll\u00e8ge [&hellip;]<\/p>\n","protected":false},"author":1,"featured_media":0,"parent":0,"menu_order":0,"comment_status":"closed","ping_status":"closed","template":"","meta":{"site-sidebar-layout":"default","site-content-layout":"","ast-site-content-layout":"default","site-content-style":"default","site-sidebar-style":"default","ast-global-header-display":"","ast-banner-title-visibility":"","ast-main-header-display":"","ast-hfb-above-header-display":"","ast-hfb-below-header-display":"","ast-hfb-mobile-header-display":"","site-post-title":"","ast-breadcrumbs-content":"","ast-featured-img":"","footer-sml-layout":"","ast-disable-related-posts":"","theme-transparent-header-meta":"","adv-header-id-meta":"","stick-header-meta":"","header-above-stick-meta":"","header-main-stick-meta":"","header-below-stick-meta":"","astra-migrate-meta-layouts":"default","ast-page-background-enabled":"default","ast-page-background-meta":{"desktop":{"background-color":"var(--ast-global-color-5)","background-image":"","background-repeat":"repeat","background-position":"center center","background-size":"auto","background-attachment":"scroll","background-type":"","background-media":"","overlay-type":"","overlay-color":"","overlay-opacity":"","overlay-gradient":""},"tablet":{"background-color":"","background-image":"","background-repeat":"repeat","background-position":"center center","background-size":"auto","background-attachment":"scroll","background-type":"","background-media":"","overlay-type":"","overlay-color":"","overlay-opacity":"","overlay-gradient":""},"mobile":{"background-color":"","background-image":"","background-repeat":"repeat","background-position":"center center","background-size":"auto","background-attachment":"scroll","background-type":"","background-media":"","overlay-type":"","overlay-color":"","overlay-opacity":"","overlay-gradient":""}},"ast-content-background-meta":{"desktop":{"background-color":"var(--ast-global-color-4)","background-image":"","background-repeat":"repeat","background-position":"center center","background-size":"auto","background-attachment":"scroll","background-type":"","background-media":"","overlay-type":"","overlay-color":"","overlay-opacity":"","overlay-gradient":""},"tablet":{"background-color":"var(--ast-global-color-4)","background-image":"","background-repeat":"repeat","background-position":"center center","background-size":"auto","background-attachment":"scroll","background-type":"","background-media":"","overlay-type":"","overlay-color":"","overlay-opacity":"","overlay-gradient":""},"mobile":{"background-color":"var(--ast-global-color-4)","background-image":"","background-repeat":"repeat","background-position":"center center","background-size":"auto","background-attachment":"scroll","background-type":"","background-media":"","overlay-type":"","overlay-color":"","overlay-opacity":"","overlay-gradient":""}},"h5ap_radio_sources":[],"footnotes":""},"class_list":["post-2233","page","type-page","status-publish","hentry"],"_links":{"self":[{"href":"https:\/\/colllearning.info\/CISHE\/wp-json\/wp\/v2\/pages\/2233","targetHints":{"allow":["GET"]}}],"collection":[{"href":"https:\/\/colllearning.info\/CISHE\/wp-json\/wp\/v2\/pages"}],"about":[{"href":"https:\/\/colllearning.info\/CISHE\/wp-json\/wp\/v2\/types\/page"}],"author":[{"embeddable":true,"href":"https:\/\/colllearning.info\/CISHE\/wp-json\/wp\/v2\/users\/1"}],"replies":[{"embeddable":true,"href":"https:\/\/colllearning.info\/CISHE\/wp-json\/wp\/v2\/comments?post=2233"}],"version-history":[{"count":8,"href":"https:\/\/colllearning.info\/CISHE\/wp-json\/wp\/v2\/pages\/2233\/revisions"}],"predecessor-version":[{"id":3418,"href":"https:\/\/colllearning.info\/CISHE\/wp-json\/wp\/v2\/pages\/2233\/revisions\/3418"}],"wp:attachment":[{"href":"https:\/\/colllearning.info\/CISHE\/wp-json\/wp\/v2\/media?parent=2233"}],"curies":[{"name":"wp","href":"https:\/\/api.w.org\/{rel}","templated":true}]}}