{"id":83,"date":"2018-07-12T18:20:32","date_gmt":"2018-07-12T16:20:32","guid":{"rendered":"http:\/\/colllearning.info\/CISHE\/?page_id=83"},"modified":"2023-02-12T10:11:07","modified_gmt":"2023-02-12T09:11:07","slug":"espace-membre","status":"publish","type":"page","link":"http:\/\/colllearning.info\/CISHE\/espace-membre\/","title":{"rendered":"Adh\u00e9rents"},"content":{"rendered":"<h4 style=\"text-align: center;\">\u00a0<\/h4>\n<h1><a href=\"http:\/\/colllearning.info\/CISHI\/\" target=\"_blank\" rel=\"noopener noreferrer\">Acc\u00e8s \u00e0 la section r\u00e9serv\u00e9e aux adh\u00e9rents<\/a><br \/>du Coll\u00e8ge international de seniors Harmattan<\/h1>\n<p style=\"text-align: center;\"><a href=\"http:\/\/colllearning.info\/CISHE\/wp-content\/uploads\/2021\/12\/CISH%20prospectus10.pdf\">Le CISH en bref<\/a><\/p>\n<p style=\"text-align: center;\"><em>Vous \u00eates une personne, une association, une ONG \u2026 impliqu\u00e9e dans ces th\u00e9matiques ou int\u00e9ress\u00e9e \u00e0 l\u2019\u00eatre. Vous avez le choix entre<\/em><\/p>\n<p style=\"text-align: center;\"><em><a href=\"http:\/\/colllearning.info\/CISHE\/contact\/\"><strong>prendre contact avec nous\u00a0<\/strong><\/a>ou\u00a0<\/em><strong><a href=\"http:\/\/colllearning.info\/CISHE\/wp-content\/uploads\/2023\/01\/CIS-H-fiche-adhesion-annee-2023.docx\">nous rejoindre<\/a><\/strong><\/p>\n\n\n<p class=\"has-text-align-center\">0<\/p>\n","protected":false},"excerpt":{"rendered":"<p>\u00a0 Acc\u00e8s \u00e0 la section r\u00e9serv\u00e9e aux adh\u00e9rentsdu Coll\u00e8ge international de seniors Harmattan Le CISH en bref Vous \u00eates une [&hellip;]<\/p>\n","protected":false},"author":1,"featured_media":0,"parent":0,"menu_order":0,"comment_status":"closed","ping_status":"closed","template":"","meta":{"site-sidebar-layout":"default","site-content-layout":"","ast-site-content-layout":"default","site-content-style":"default","site-sidebar-style":"default","ast-global-header-display":"","ast-banner-title-visibility":"","ast-main-header-display":"","ast-hfb-above-header-display":"","ast-hfb-below-header-display":"","ast-hfb-mobile-header-display":"","site-post-title":"","ast-breadcrumbs-content":"","ast-featured-img":"","footer-sml-layout":"","ast-disable-related-posts":"","theme-transparent-header-meta":"","adv-header-id-meta":"","stick-header-meta":"","header-above-stick-meta":"","header-main-stick-meta":"","header-below-stick-meta":"","astra-migrate-meta-layouts":"default","ast-page-background-enabled":"default","ast-page-background-meta":{"desktop":{"background-color":"var(--ast-global-color-5)","background-image":"","background-repeat":"repeat","background-position":"center center","background-size":"auto","background-attachment":"scroll","background-type":"","background-media":"","overlay-type":"","overlay-color":"","overlay-opacity":"","overlay-gradient":""},"tablet":{"background-color":"","background-image":"","background-repeat":"repeat","background-position":"center center","background-size":"auto","background-attachment":"scroll","background-type":"","background-media":"","overlay-type":"","overlay-color":"","overlay-opacity":"","overlay-gradient":""},"mobile":{"background-color":"","background-image":"","background-repeat":"repeat","background-position":"center center","background-size":"auto","background-attachment":"scroll","background-type":"","background-media":"","overlay-type":"","overlay-color":"","overlay-opacity":"","overlay-gradient":""}},"ast-content-background-meta":{"desktop":{"background-color":"var(--ast-global-color-4)","background-image":"","background-repeat":"repeat","background-position":"center center","background-size":"auto","background-attachment":"scroll","background-type":"","background-media":"","overlay-type":"","overlay-color":"","overlay-opacity":"","overlay-gradient":""},"tablet":{"background-color":"var(--ast-global-color-4)","background-image":"","background-repeat":"repeat","background-position":"center center","background-size":"auto","background-attachment":"scroll","background-type":"","background-media":"","overlay-type":"","overlay-color":"","overlay-opacity":"","overlay-gradient":""},"mobile":{"background-color":"var(--ast-global-color-4)","background-image":"","background-repeat":"repeat","background-position":"center center","background-size":"auto","background-attachment":"scroll","background-type":"","background-media":"","overlay-type":"","overlay-color":"","overlay-opacity":"","overlay-gradient":""}},"h5ap_radio_sources":[],"footnotes":""},"class_list":["post-83","page","type-page","status-publish","hentry"],"_links":{"self":[{"href":"http:\/\/colllearning.info\/CISHE\/wp-json\/wp\/v2\/pages\/83","targetHints":{"allow":["GET"]}}],"collection":[{"href":"http:\/\/colllearning.info\/CISHE\/wp-json\/wp\/v2\/pages"}],"about":[{"href":"http:\/\/colllearning.info\/CISHE\/wp-json\/wp\/v2\/types\/page"}],"author":[{"embeddable":true,"href":"http:\/\/colllearning.info\/CISHE\/wp-json\/wp\/v2\/users\/1"}],"replies":[{"embeddable":true,"href":"http:\/\/colllearning.info\/CISHE\/wp-json\/wp\/v2\/comments?post=83"}],"version-history":[{"count":15,"href":"http:\/\/colllearning.info\/CISHE\/wp-json\/wp\/v2\/pages\/83\/revisions"}],"predecessor-version":[{"id":2915,"href":"http:\/\/colllearning.info\/CISHE\/wp-json\/wp\/v2\/pages\/83\/revisions\/2915"}],"wp:attachment":[{"href":"http:\/\/colllearning.info\/CISHE\/wp-json\/wp\/v2\/media?parent=83"}],"curies":[{"name":"wp","href":"https:\/\/api.w.org\/{rel}","templated":true}]}}