{"id":62,"date":"2018-07-09T14:26:55","date_gmt":"2018-07-09T12:26:55","guid":{"rendered":"http:\/\/colllearning.info\/CISHE\/?page_id=62"},"modified":"2018-07-09T15:12:42","modified_gmt":"2018-07-09T13:12:42","slug":"le-temps-qui-passe","status":"publish","type":"page","link":"http:\/\/colllearning.info\/CISHE\/ressources\/textes\/le-temps-qui-passe\/","title":{"rendered":"Le temps qui passe"},"content":{"rendered":"<p>Le temps s&rsquo;est \u00e9coul\u00e9 comme une rivi\u00e8re, je ne l&rsquo;ai pas vu passer !<\/p>\n<p>J&rsquo;ai compt\u00e9 mes ann\u00e9es et j&rsquo;ai d\u00e9couvert que j&rsquo;ai moins de temps \u00e0 vivre ici que je n&rsquo;en ai d\u00e9j\u00e0 v\u00e9cu.<\/p>\n<p>Je n&rsquo;ai d\u00e9sormais pas le temps pour des r\u00e9unions interminables, o\u00f9 on discute de statuts, de r\u00e8gles, de proc\u00e9dures et de r\u00e8gles internes, sachant qu&rsquo;il ne se combinera rien&#8230;<\/p>\n<p>Je n&rsquo;ai pas le temps de supporter des gens absurdes qui, en d\u00e9pit de leur \u00e2ge, n&rsquo;ont pas grandi.<br \/>\nJe n&rsquo;ai pas le temps de n\u00e9gocier avec la m\u00e9diocrit\u00e9. Je ne veux pas \u00eatre dans des r\u00e9unions o\u00f9 les gens et leur ego d\u00e9filent.<\/p>\n<p>Les gens ne discutent pas du contenu, \u00e0 peine des titres<br \/>\nMon temps est trop faible pour discuter de titres.<\/p>\n<p>Je veux vivre \u00e0 c\u00f4t\u00e9 de gens humains, tr\u00e8s humains.<br \/>\nQui savent sourire de leurs erreurs.<br \/>\nQui ne se glorifient pas de victoires.<br \/>\nQui d\u00e9fendent la dignit\u00e9 humaine et qui ne souhaitent qu&rsquo;\u00eatre du c\u00f4t\u00e9 de la v\u00e9rit\u00e9 et de l&rsquo;honn\u00eatet\u00e9.<\/p>\n<p>L&rsquo;essentiel est ce qui fait que la vie vaut la peine d&rsquo;\u00eatre v\u00e9cue.<br \/>\nJe veux m&rsquo;entourer de gens qui savent arriver au c\u0153ur des gens.<br \/>\nLes gens \u00e0 qui les coups durs de la vie ont appris \u00e0 grandir avec des caresses minces dans l&rsquo;\u00e2me.<\/p>\n<p>Oui&#8230; J&rsquo;ai h\u00e2te&#8230; de vivre avec intensit\u00e9, que seule la maturit\u00e9 peut me donner.<br \/>\nJ&rsquo;exige de ne pas gaspiller un bonbon de ce qu&rsquo;il me reste&#8230;<\/p>\n<p>Je suis s\u00fbr qu&rsquo;ils seront plus d\u00e9licieux que ceux que j&rsquo;ai mang\u00e9 jusqu&rsquo;\u00e0 pr\u00e9sent.- personne n&rsquo;y \u00e9chappe riche , pauvre intelligent , d\u00e9muni &#8230;<\/p>\n<p style=\"text-align: right;\"><strong><em>Pascal Lindeman<br \/>\n<\/em><\/strong><\/p>\n","protected":false},"excerpt":{"rendered":"<p>Le temps s&rsquo;est \u00e9coul\u00e9 comme une rivi\u00e8re, je ne l&rsquo;ai pas vu passer ! J&rsquo;ai compt\u00e9 mes ann\u00e9es et j&rsquo;ai [&hellip;]<\/p>\n","protected":false},"author":1,"featured_media":0,"parent":57,"menu_order":0,"comment_status":"closed","ping_status":"closed","template":"","meta":{"site-sidebar-layout":"default","site-content-layout":"","ast-site-content-layout":"default","site-content-style":"default","site-sidebar-style":"default","ast-global-header-display":"","ast-banner-title-visibility":"","ast-main-header-display":"","ast-hfb-above-header-display":"","ast-hfb-below-header-display":"","ast-hfb-mobile-header-display":"","site-post-title":"","ast-breadcrumbs-content":"","ast-featured-img":"","footer-sml-layout":"","ast-disable-related-posts":"","theme-transparent-header-meta":"","adv-header-id-meta":"","stick-header-meta":"","header-above-stick-meta":"","header-main-stick-meta":"","header-below-stick-meta":"","astra-migrate-meta-layouts":"default","ast-page-background-enabled":"default","ast-page-background-meta":{"desktop":{"background-color":"var(--ast-global-color-5)","background-image":"","background-repeat":"repeat","background-position":"center center","background-size":"auto","background-attachment":"scroll","background-type":"","background-media":"","overlay-type":"","overlay-color":"","overlay-opacity":"","overlay-gradient":""},"tablet":{"background-color":"","background-image":"","background-repeat":"repeat","background-position":"center center","background-size":"auto","background-attachment":"scroll","background-type":"","background-media":"","overlay-type":"","overlay-color":"","overlay-opacity":"","overlay-gradient":""},"mobile":{"background-color":"","background-image":"","background-repeat":"repeat","background-position":"center center","background-size":"auto","background-attachment":"scroll","background-type":"","background-media":"","overlay-type":"","overlay-color":"","overlay-opacity":"","overlay-gradient":""}},"ast-content-background-meta":{"desktop":{"background-color":"var(--ast-global-color-4)","background-image":"","background-repeat":"repeat","background-position":"center center","background-size":"auto","background-attachment":"scroll","background-type":"","background-media":"","overlay-type":"","overlay-color":"","overlay-opacity":"","overlay-gradient":""},"tablet":{"background-color":"var(--ast-global-color-4)","background-image":"","background-repeat":"repeat","background-position":"center center","background-size":"auto","background-attachment":"scroll","background-type":"","background-media":"","overlay-type":"","overlay-color":"","overlay-opacity":"","overlay-gradient":""},"mobile":{"background-color":"var(--ast-global-color-4)","background-image":"","background-repeat":"repeat","background-position":"center center","background-size":"auto","background-attachment":"scroll","background-type":"","background-media":"","overlay-type":"","overlay-color":"","overlay-opacity":"","overlay-gradient":""}},"h5ap_radio_sources":[],"footnotes":""},"class_list":["post-62","page","type-page","status-publish","hentry"],"_links":{"self":[{"href":"http:\/\/colllearning.info\/CISHE\/wp-json\/wp\/v2\/pages\/62","targetHints":{"allow":["GET"]}}],"collection":[{"href":"http:\/\/colllearning.info\/CISHE\/wp-json\/wp\/v2\/pages"}],"about":[{"href":"http:\/\/colllearning.info\/CISHE\/wp-json\/wp\/v2\/types\/page"}],"author":[{"embeddable":true,"href":"http:\/\/colllearning.info\/CISHE\/wp-json\/wp\/v2\/users\/1"}],"replies":[{"embeddable":true,"href":"http:\/\/colllearning.info\/CISHE\/wp-json\/wp\/v2\/comments?post=62"}],"version-history":[{"count":5,"href":"http:\/\/colllearning.info\/CISHE\/wp-json\/wp\/v2\/pages\/62\/revisions"}],"predecessor-version":[{"id":68,"href":"http:\/\/colllearning.info\/CISHE\/wp-json\/wp\/v2\/pages\/62\/revisions\/68"}],"up":[{"embeddable":true,"href":"http:\/\/colllearning.info\/CISHE\/wp-json\/wp\/v2\/pages\/57"}],"wp:attachment":[{"href":"http:\/\/colllearning.info\/CISHE\/wp-json\/wp\/v2\/media?parent=62"}],"curies":[{"name":"wp","href":"https:\/\/api.w.org\/{rel}","templated":true}]}}