{"id":470,"date":"2019-03-25T08:11:36","date_gmt":"2019-03-25T07:11:36","guid":{"rendered":"http:\/\/colllearning.info\/CISHE\/?page_id=470"},"modified":"2019-03-25T10:12:49","modified_gmt":"2019-03-25T09:12:49","slug":"sante","status":"publish","type":"page","link":"http:\/\/colllearning.info\/CISHE\/production\/sante\/","title":{"rendered":"Sant\u00e9"},"content":{"rendered":"\n<ul class=\"wp-block-list\"><li><strong>Sant\u00e9 et Afrique<\/strong><ul><li> Une exploration pour aller vers des actions diverses <\/li><\/ul><\/li><li><strong>Le handicap \u00e0 l\u2019\u00e9cole<\/strong><ul><li> Exploration du domaine. Apr\u00e8s une analyse de documents, recueil de donn\u00e9es sur le terrain <\/li><\/ul><\/li><li><strong>France Afrique \u00c9ducation<\/strong><ul><li>Concerne tous les enseignements donc l\u2019universit\u00e9.<\/li><li>S\u2019inscrit dans l\u2019\u00e9ducation et les apprentissages tout au long de la vie.<\/li><li>Pr\u00e9sente des actions r\u00e9ellement en coop\u00e9ration donc et en Afrique et en France.<\/li><li>Tr\u00e8s sensible aux questions de sant\u00e9 et de culture.<\/li><\/ul><\/li><\/ul>\n","protected":false},"excerpt":{"rendered":"<p>Sant\u00e9 et Afrique Une exploration pour aller vers des actions diverses Le handicap \u00e0 l\u2019\u00e9cole Exploration du domaine. Apr\u00e8s une [&hellip;]<\/p>\n","protected":false},"author":1,"featured_media":0,"parent":10,"menu_order":0,"comment_status":"closed","ping_status":"closed","template":"","meta":{"site-sidebar-layout":"default","site-content-layout":"","ast-site-content-layout":"default","site-content-style":"default","site-sidebar-style":"default","ast-global-header-display":"","ast-banner-title-visibility":"","ast-main-header-display":"","ast-hfb-above-header-display":"","ast-hfb-below-header-display":"","ast-hfb-mobile-header-display":"","site-post-title":"","ast-breadcrumbs-content":"","ast-featured-img":"","footer-sml-layout":"","ast-disable-related-posts":"","theme-transparent-header-meta":"","adv-header-id-meta":"","stick-header-meta":"","header-above-stick-meta":"","header-main-stick-meta":"","header-below-stick-meta":"","astra-migrate-meta-layouts":"default","ast-page-background-enabled":"default","ast-page-background-meta":{"desktop":{"background-color":"var(--ast-global-color-5)","background-image":"","background-repeat":"repeat","background-position":"center center","background-size":"auto","background-attachment":"scroll","background-type":"","background-media":"","overlay-type":"","overlay-color":"","overlay-opacity":"","overlay-gradient":""},"tablet":{"background-color":"","background-image":"","background-repeat":"repeat","background-position":"center center","background-size":"auto","background-attachment":"scroll","background-type":"","background-media":"","overlay-type":"","overlay-color":"","overlay-opacity":"","overlay-gradient":""},"mobile":{"background-color":"","background-image":"","background-repeat":"repeat","background-position":"center center","background-size":"auto","background-attachment":"scroll","background-type":"","background-media":"","overlay-type":"","overlay-color":"","overlay-opacity":"","overlay-gradient":""}},"ast-content-background-meta":{"desktop":{"background-color":"var(--ast-global-color-4)","background-image":"","background-repeat":"repeat","background-position":"center center","background-size":"auto","background-attachment":"scroll","background-type":"","background-media":"","overlay-type":"","overlay-color":"","overlay-opacity":"","overlay-gradient":""},"tablet":{"background-color":"var(--ast-global-color-4)","background-image":"","background-repeat":"repeat","background-position":"center center","background-size":"auto","background-attachment":"scroll","background-type":"","background-media":"","overlay-type":"","overlay-color":"","overlay-opacity":"","overlay-gradient":""},"mobile":{"background-color":"var(--ast-global-color-4)","background-image":"","background-repeat":"repeat","background-position":"center center","background-size":"auto","background-attachment":"scroll","background-type":"","background-media":"","overlay-type":"","overlay-color":"","overlay-opacity":"","overlay-gradient":""}},"h5ap_radio_sources":[],"footnotes":""},"class_list":["post-470","page","type-page","status-publish","hentry"],"_links":{"self":[{"href":"http:\/\/colllearning.info\/CISHE\/wp-json\/wp\/v2\/pages\/470","targetHints":{"allow":["GET"]}}],"collection":[{"href":"http:\/\/colllearning.info\/CISHE\/wp-json\/wp\/v2\/pages"}],"about":[{"href":"http:\/\/colllearning.info\/CISHE\/wp-json\/wp\/v2\/types\/page"}],"author":[{"embeddable":true,"href":"http:\/\/colllearning.info\/CISHE\/wp-json\/wp\/v2\/users\/1"}],"replies":[{"embeddable":true,"href":"http:\/\/colllearning.info\/CISHE\/wp-json\/wp\/v2\/comments?post=470"}],"version-history":[{"count":3,"href":"http:\/\/colllearning.info\/CISHE\/wp-json\/wp\/v2\/pages\/470\/revisions"}],"predecessor-version":[{"id":505,"href":"http:\/\/colllearning.info\/CISHE\/wp-json\/wp\/v2\/pages\/470\/revisions\/505"}],"up":[{"embeddable":true,"href":"http:\/\/colllearning.info\/CISHE\/wp-json\/wp\/v2\/pages\/10"}],"wp:attachment":[{"href":"http:\/\/colllearning.info\/CISHE\/wp-json\/wp\/v2\/media?parent=470"}],"curies":[{"name":"wp","href":"https:\/\/api.w.org\/{rel}","templated":true}]}}