{"id":466,"date":"2019-03-24T18:30:23","date_gmt":"2019-03-24T17:30:23","guid":{"rendered":"http:\/\/colllearning.info\/CISHE\/?page_id=466"},"modified":"2019-03-25T09:51:06","modified_gmt":"2019-03-25T08:51:06","slug":"geo-politique","status":"publish","type":"page","link":"http:\/\/colllearning.info\/CISHE\/production\/geo-politique\/","title":{"rendered":"G\u00e9o politique"},"content":{"rendered":"\n<p><strong>G\u00e9o politique<\/strong> (Socio \u00e9conomie, Afrique&#8230;)<\/p>\n\n\n\n<p>Ateliers reli\u00e9s au th\u00e8me :<\/p>\n\n\n\n<ul class=\"wp-block-list\"><li><strong>Agriculture familiale, biodiversit\u00e9 et sant\u00e9 <\/strong>communautaire<ul><li> Un th\u00e8me dont l\u2019int\u00e9r\u00eat d\u00e9passe l\u2019Afrique<\/li><\/ul><\/li><li><strong>Gouvernance et finances publiques<\/strong> <ul><li> De l\u2019analyse \u00e0 la sensibilisation du public<\/li><\/ul><\/li><li><strong>Sant\u00e9 et Afrique<\/strong><ul><li> Une exploration pour aller vers des actions diverses <\/li><\/ul><\/li><li><strong>Gouvernance de l\u2019Afrique<\/strong> <ul><li> Approche globale et pluridisciplinaire des acteurs<\/li><\/ul><\/li><li><strong>France Afrique \u00c9ducation<\/strong><ul><li>Concerne tous les enseignements donc l\u2019universit\u00e9.<\/li><li>S\u2019inscrit dans l\u2019\u00e9ducation et les apprentissages tout au long de la vie.<\/li><li>Pr\u00e9sente des actions r\u00e9ellement en coop\u00e9ration donc et en Afrique et en France.<\/li><li>Tr\u00e8s sensible aux questions de sant\u00e9 et de culture.<\/li><\/ul><\/li><li><strong>Afrique France Temps Travail Retraite<\/strong><ul><li>Approche compar\u00e9e Afrique\u2013France TEMPS, TRAVAIL ET RETRAITE<br> <a href=\"http:\/\/colllearning.info\/CISHE\/wp-content\/uploads\/2018\/10\/Appel-\u00e0-contribution-s\u00e9minaire-ouvrage-temps-et-retraite-Afrique-France-version-finale.pdf\">Appel \u00e0 contribution s\u00e9minaire-ouvrage temps et retraite Afrique-France<\/a>. Vous pouvez envoyer une proposition jusqu\u2019au 15 Mars 2019 \u00e0 <a href=\"mailto:cish@cis-h.org\">cish@cis-h.org<\/a><\/li><\/ul><\/li><li><strong>Lecteurs et leaders <\/strong><ul><li>\u00c0 partir de nombreuses initiatives et projets, en quoi et comment, avec des seniors, cr\u00e9er des conditions pour d\u00e9velopper la lecture chez les leaders en Afrique <\/li><\/ul><\/li><\/ul>\n","protected":false},"excerpt":{"rendered":"<p>G\u00e9o politique (Socio \u00e9conomie, Afrique&#8230;) Ateliers reli\u00e9s au th\u00e8me : Agriculture familiale, biodiversit\u00e9 et sant\u00e9 communautaire Un th\u00e8me dont l\u2019int\u00e9r\u00eat [&hellip;]<\/p>\n","protected":false},"author":1,"featured_media":0,"parent":10,"menu_order":0,"comment_status":"closed","ping_status":"closed","template":"","meta":{"site-sidebar-layout":"default","site-content-layout":"","ast-site-content-layout":"default","site-content-style":"default","site-sidebar-style":"default","ast-global-header-display":"","ast-banner-title-visibility":"","ast-main-header-display":"","ast-hfb-above-header-display":"","ast-hfb-below-header-display":"","ast-hfb-mobile-header-display":"","site-post-title":"","ast-breadcrumbs-content":"","ast-featured-img":"","footer-sml-layout":"","ast-disable-related-posts":"","theme-transparent-header-meta":"","adv-header-id-meta":"","stick-header-meta":"","header-above-stick-meta":"","header-main-stick-meta":"","header-below-stick-meta":"","astra-migrate-meta-layouts":"default","ast-page-background-enabled":"default","ast-page-background-meta":{"desktop":{"background-color":"var(--ast-global-color-5)","background-image":"","background-repeat":"repeat","background-position":"center center","background-size":"auto","background-attachment":"scroll","background-type":"","background-media":"","overlay-type":"","overlay-color":"","overlay-opacity":"","overlay-gradient":""},"tablet":{"background-color":"","background-image":"","background-repeat":"repeat","background-position":"center center","background-size":"auto","background-attachment":"scroll","background-type":"","background-media":"","overlay-type":"","overlay-color":"","overlay-opacity":"","overlay-gradient":""},"mobile":{"background-color":"","background-image":"","background-repeat":"repeat","background-position":"center center","background-size":"auto","background-attachment":"scroll","background-type":"","background-media":"","overlay-type":"","overlay-color":"","overlay-opacity":"","overlay-gradient":""}},"ast-content-background-meta":{"desktop":{"background-color":"var(--ast-global-color-4)","background-image":"","background-repeat":"repeat","background-position":"center center","background-size":"auto","background-attachment":"scroll","background-type":"","background-media":"","overlay-type":"","overlay-color":"","overlay-opacity":"","overlay-gradient":""},"tablet":{"background-color":"var(--ast-global-color-4)","background-image":"","background-repeat":"repeat","background-position":"center center","background-size":"auto","background-attachment":"scroll","background-type":"","background-media":"","overlay-type":"","overlay-color":"","overlay-opacity":"","overlay-gradient":""},"mobile":{"background-color":"var(--ast-global-color-4)","background-image":"","background-repeat":"repeat","background-position":"center center","background-size":"auto","background-attachment":"scroll","background-type":"","background-media":"","overlay-type":"","overlay-color":"","overlay-opacity":"","overlay-gradient":""}},"h5ap_radio_sources":[],"footnotes":""},"class_list":["post-466","page","type-page","status-publish","hentry"],"_links":{"self":[{"href":"http:\/\/colllearning.info\/CISHE\/wp-json\/wp\/v2\/pages\/466","targetHints":{"allow":["GET"]}}],"collection":[{"href":"http:\/\/colllearning.info\/CISHE\/wp-json\/wp\/v2\/pages"}],"about":[{"href":"http:\/\/colllearning.info\/CISHE\/wp-json\/wp\/v2\/types\/page"}],"author":[{"embeddable":true,"href":"http:\/\/colllearning.info\/CISHE\/wp-json\/wp\/v2\/users\/1"}],"replies":[{"embeddable":true,"href":"http:\/\/colllearning.info\/CISHE\/wp-json\/wp\/v2\/comments?post=466"}],"version-history":[{"count":4,"href":"http:\/\/colllearning.info\/CISHE\/wp-json\/wp\/v2\/pages\/466\/revisions"}],"predecessor-version":[{"id":493,"href":"http:\/\/colllearning.info\/CISHE\/wp-json\/wp\/v2\/pages\/466\/revisions\/493"}],"up":[{"embeddable":true,"href":"http:\/\/colllearning.info\/CISHE\/wp-json\/wp\/v2\/pages\/10"}],"wp:attachment":[{"href":"http:\/\/colllearning.info\/CISHE\/wp-json\/wp\/v2\/media?parent=466"}],"curies":[{"name":"wp","href":"https:\/\/api.w.org\/{rel}","templated":true}]}}