{"id":464,"date":"2019-03-24T18:26:26","date_gmt":"2019-03-24T17:26:26","guid":{"rendered":"http:\/\/colllearning.info\/CISHE\/?page_id=464"},"modified":"2019-03-25T13:57:23","modified_gmt":"2019-03-25T12:57:23","slug":"exploration-et-debats","status":"publish","type":"page","link":"http:\/\/colllearning.info\/CISHE\/production\/exploration-et-debats\/","title":{"rendered":"Exploration et d\u00e9bats"},"content":{"rendered":"\n<p><strong>Exploration<\/strong> <strong>et d\u00e9bats contemporains<\/strong> (\u00c9thique, Religions et modernit\u00e9)<\/p>\n\n\n\n<p>Ateliers reli\u00e9s au th\u00e8me<\/p>\n\n\n\n<ul class=\"wp-block-list\"><li><strong>Explorer ce qui s\u2019en va et ce qui s\u2019en vient<\/strong><ul><li>Recueil de donn\u00e9es tr\u00e8s vari\u00e9es et questionnement de ces donn\u00e9es.<\/li><li>Une approche plurielle sur au moins 5 g\u00e9n\u00e9rations pour lire notre monde en mouvement<\/li><\/ul><\/li><\/ul>\n\n\n\n<ul class=\"wp-block-list\"><li><strong>Enjeux et d\u00e9fis du monde contemporain<\/strong><ul><li>Pour  la compr\u00e9hension de notre monde <\/li><\/ul><\/li><\/ul>\n","protected":false},"excerpt":{"rendered":"<p>Exploration et d\u00e9bats contemporains (\u00c9thique, Religions et modernit\u00e9) Ateliers reli\u00e9s au th\u00e8me Explorer ce qui s\u2019en va et ce qui [&hellip;]<\/p>\n","protected":false},"author":1,"featured_media":0,"parent":10,"menu_order":0,"comment_status":"closed","ping_status":"closed","template":"","meta":{"site-sidebar-layout":"default","site-content-layout":"","ast-site-content-layout":"default","site-content-style":"default","site-sidebar-style":"default","ast-global-header-display":"","ast-banner-title-visibility":"","ast-main-header-display":"","ast-hfb-above-header-display":"","ast-hfb-below-header-display":"","ast-hfb-mobile-header-display":"","site-post-title":"","ast-breadcrumbs-content":"","ast-featured-img":"","footer-sml-layout":"","ast-disable-related-posts":"","theme-transparent-header-meta":"","adv-header-id-meta":"","stick-header-meta":"","header-above-stick-meta":"","header-main-stick-meta":"","header-below-stick-meta":"","astra-migrate-meta-layouts":"default","ast-page-background-enabled":"default","ast-page-background-meta":{"desktop":{"background-color":"var(--ast-global-color-5)","background-image":"","background-repeat":"repeat","background-position":"center center","background-size":"auto","background-attachment":"scroll","background-type":"","background-media":"","overlay-type":"","overlay-color":"","overlay-opacity":"","overlay-gradient":""},"tablet":{"background-color":"","background-image":"","background-repeat":"repeat","background-position":"center center","background-size":"auto","background-attachment":"scroll","background-type":"","background-media":"","overlay-type":"","overlay-color":"","overlay-opacity":"","overlay-gradient":""},"mobile":{"background-color":"","background-image":"","background-repeat":"repeat","background-position":"center center","background-size":"auto","background-attachment":"scroll","background-type":"","background-media":"","overlay-type":"","overlay-color":"","overlay-opacity":"","overlay-gradient":""}},"ast-content-background-meta":{"desktop":{"background-color":"var(--ast-global-color-4)","background-image":"","background-repeat":"repeat","background-position":"center center","background-size":"auto","background-attachment":"scroll","background-type":"","background-media":"","overlay-type":"","overlay-color":"","overlay-opacity":"","overlay-gradient":""},"tablet":{"background-color":"var(--ast-global-color-4)","background-image":"","background-repeat":"repeat","background-position":"center center","background-size":"auto","background-attachment":"scroll","background-type":"","background-media":"","overlay-type":"","overlay-color":"","overlay-opacity":"","overlay-gradient":""},"mobile":{"background-color":"var(--ast-global-color-4)","background-image":"","background-repeat":"repeat","background-position":"center center","background-size":"auto","background-attachment":"scroll","background-type":"","background-media":"","overlay-type":"","overlay-color":"","overlay-opacity":"","overlay-gradient":""}},"h5ap_radio_sources":[],"footnotes":""},"class_list":["post-464","page","type-page","status-publish","hentry"],"_links":{"self":[{"href":"http:\/\/colllearning.info\/CISHE\/wp-json\/wp\/v2\/pages\/464","targetHints":{"allow":["GET"]}}],"collection":[{"href":"http:\/\/colllearning.info\/CISHE\/wp-json\/wp\/v2\/pages"}],"about":[{"href":"http:\/\/colllearning.info\/CISHE\/wp-json\/wp\/v2\/types\/page"}],"author":[{"embeddable":true,"href":"http:\/\/colllearning.info\/CISHE\/wp-json\/wp\/v2\/users\/1"}],"replies":[{"embeddable":true,"href":"http:\/\/colllearning.info\/CISHE\/wp-json\/wp\/v2\/comments?post=464"}],"version-history":[{"count":3,"href":"http:\/\/colllearning.info\/CISHE\/wp-json\/wp\/v2\/pages\/464\/revisions"}],"predecessor-version":[{"id":507,"href":"http:\/\/colllearning.info\/CISHE\/wp-json\/wp\/v2\/pages\/464\/revisions\/507"}],"up":[{"embeddable":true,"href":"http:\/\/colllearning.info\/CISHE\/wp-json\/wp\/v2\/pages\/10"}],"wp:attachment":[{"href":"http:\/\/colllearning.info\/CISHE\/wp-json\/wp\/v2\/media?parent=464"}],"curies":[{"name":"wp","href":"https:\/\/api.w.org\/{rel}","templated":true}]}}