{"id":462,"date":"2019-03-24T18:22:09","date_gmt":"2019-03-24T17:22:09","guid":{"rendered":"http:\/\/colllearning.info\/CISHE\/?page_id=462"},"modified":"2019-03-25T09:57:37","modified_gmt":"2019-03-25T08:57:37","slug":"europe","status":"publish","type":"page","link":"http:\/\/colllearning.info\/CISHE\/production\/europe\/","title":{"rendered":"Europe"},"content":{"rendered":"\n<p>Ateliers reli\u00e9s au th\u00e8me :<\/p>\n\n\n\n<ul class=\"wp-block-list\"><li><strong>Le narratif de l\u2019Europe f\u00e9d\u00e9rale<\/strong><ul><li> Pour promouvoir l\u2019Europe F\u00e9d\u00e9rale <\/li><\/ul><\/li><li><strong>Parlons femmes en Europe: France-Finlande<\/strong> <ul><li>L\u2019\u00e9galit\u00e9 et la solidarit\u00e9 en perspective. <\/li><li>L\u2019\u00e9galit\u00e9 en progr\u00e8s est un th\u00e8me actuel en France<\/li><li>La Finlande, depuis longtemps pionni\u00e8re, \u00e9tend aujourd\u2019hui sa l\u00e9gislation \u00e9galitaire hommes-femmes \u00e0 l\u2019interg\u00e9n\u00e9rationnel. <\/li><\/ul><\/li><\/ul>\n\n\n\n<ul class=\"wp-block-list\"><li><strong>Vers l\u2019avenir europ\u00e9en<\/strong><\/li><li><strong>Les trois Europes<\/strong><\/li><\/ul>\n\n\n\n<p><\/p>\n","protected":false},"excerpt":{"rendered":"<p>Ateliers reli\u00e9s au th\u00e8me : Le narratif de l\u2019Europe f\u00e9d\u00e9rale Pour promouvoir l\u2019Europe F\u00e9d\u00e9rale Parlons femmes en Europe: France-Finlande L\u2019\u00e9galit\u00e9 [&hellip;]<\/p>\n","protected":false},"author":1,"featured_media":0,"parent":10,"menu_order":0,"comment_status":"closed","ping_status":"closed","template":"","meta":{"site-sidebar-layout":"default","site-content-layout":"","ast-site-content-layout":"default","site-content-style":"default","site-sidebar-style":"default","ast-global-header-display":"","ast-banner-title-visibility":"","ast-main-header-display":"","ast-hfb-above-header-display":"","ast-hfb-below-header-display":"","ast-hfb-mobile-header-display":"","site-post-title":"","ast-breadcrumbs-content":"","ast-featured-img":"","footer-sml-layout":"","ast-disable-related-posts":"","theme-transparent-header-meta":"","adv-header-id-meta":"","stick-header-meta":"","header-above-stick-meta":"","header-main-stick-meta":"","header-below-stick-meta":"","astra-migrate-meta-layouts":"default","ast-page-background-enabled":"default","ast-page-background-meta":{"desktop":{"background-color":"var(--ast-global-color-5)","background-image":"","background-repeat":"repeat","background-position":"center center","background-size":"auto","background-attachment":"scroll","background-type":"","background-media":"","overlay-type":"","overlay-color":"","overlay-opacity":"","overlay-gradient":""},"tablet":{"background-color":"","background-image":"","background-repeat":"repeat","background-position":"center center","background-size":"auto","background-attachment":"scroll","background-type":"","background-media":"","overlay-type":"","overlay-color":"","overlay-opacity":"","overlay-gradient":""},"mobile":{"background-color":"","background-image":"","background-repeat":"repeat","background-position":"center center","background-size":"auto","background-attachment":"scroll","background-type":"","background-media":"","overlay-type":"","overlay-color":"","overlay-opacity":"","overlay-gradient":""}},"ast-content-background-meta":{"desktop":{"background-color":"var(--ast-global-color-4)","background-image":"","background-repeat":"repeat","background-position":"center center","background-size":"auto","background-attachment":"scroll","background-type":"","background-media":"","overlay-type":"","overlay-color":"","overlay-opacity":"","overlay-gradient":""},"tablet":{"background-color":"var(--ast-global-color-4)","background-image":"","background-repeat":"repeat","background-position":"center center","background-size":"auto","background-attachment":"scroll","background-type":"","background-media":"","overlay-type":"","overlay-color":"","overlay-opacity":"","overlay-gradient":""},"mobile":{"background-color":"var(--ast-global-color-4)","background-image":"","background-repeat":"repeat","background-position":"center center","background-size":"auto","background-attachment":"scroll","background-type":"","background-media":"","overlay-type":"","overlay-color":"","overlay-opacity":"","overlay-gradient":""}},"h5ap_radio_sources":[],"footnotes":""},"class_list":["post-462","page","type-page","status-publish","hentry"],"_links":{"self":[{"href":"http:\/\/colllearning.info\/CISHE\/wp-json\/wp\/v2\/pages\/462","targetHints":{"allow":["GET"]}}],"collection":[{"href":"http:\/\/colllearning.info\/CISHE\/wp-json\/wp\/v2\/pages"}],"about":[{"href":"http:\/\/colllearning.info\/CISHE\/wp-json\/wp\/v2\/types\/page"}],"author":[{"embeddable":true,"href":"http:\/\/colllearning.info\/CISHE\/wp-json\/wp\/v2\/users\/1"}],"replies":[{"embeddable":true,"href":"http:\/\/colllearning.info\/CISHE\/wp-json\/wp\/v2\/comments?post=462"}],"version-history":[{"count":4,"href":"http:\/\/colllearning.info\/CISHE\/wp-json\/wp\/v2\/pages\/462\/revisions"}],"predecessor-version":[{"id":496,"href":"http:\/\/colllearning.info\/CISHE\/wp-json\/wp\/v2\/pages\/462\/revisions\/496"}],"up":[{"embeddable":true,"href":"http:\/\/colllearning.info\/CISHE\/wp-json\/wp\/v2\/pages\/10"}],"wp:attachment":[{"href":"http:\/\/colllearning.info\/CISHE\/wp-json\/wp\/v2\/media?parent=462"}],"curies":[{"name":"wp","href":"https:\/\/api.w.org\/{rel}","templated":true}]}}