{"id":460,"date":"2019-03-24T18:19:04","date_gmt":"2019-03-24T17:19:04","guid":{"rendered":"http:\/\/colllearning.info\/CISHE\/?page_id=460"},"modified":"2019-03-25T09:49:17","modified_gmt":"2019-03-25T08:49:17","slug":"education","status":"publish","type":"page","link":"http:\/\/colllearning.info\/CISHE\/production\/education\/","title":{"rendered":"\u00c9ducation"},"content":{"rendered":"\n<p>Ateliers reli\u00e9s au th\u00e8me :<\/p>\n\n\n\n<ul class=\"wp-block-list\"><li><strong>Penser et Agir Autrement<\/strong><ul><li>Effectuer en ce domaine, une synth\u00e8se de la pens\u00e9e d\u2019Edgar Morin.<\/li><li> Construire un ensemble sur PENSER autrement en r\u00e9f\u00e9rence \u00e0 sept approches.<\/li><li> Proposer une formation sur les Nouvelles Humanit\u00e9s.<\/li><\/ul><\/li><li><strong>Apprentissages et \u00c9ducation tout au long de la vie<\/strong><ul><li>Apr\u00e8s un \u00e9tat des lieux \u2013\u00c9ducation, enseignement, formation, autoformation, apprentissages \u2014 et une clarification du langage retenue, il y aura d\u00e9finition de la probl\u00e9matique, des objectifs et des modalit\u00e9s de travail.<\/li><\/ul><\/li><li><strong>France Afrique \u00c9ducation<\/strong><ul><li>Il concerne tous les enseignements donc l\u2019universit\u00e9.<\/li><li> Il s\u2019inscrit dans l\u2019\u00e9ducation et les apprentissages tout au long de la vie.<\/li><li> Il pr\u00e9sente des actions r\u00e9ellement en coop\u00e9ration donc et en Afrique et en France.<\/li><li> Il est tr\u00e8s sensible aux questions de sant\u00e9 et de culture.<\/li><\/ul><\/li><\/ul>\n","protected":false},"excerpt":{"rendered":"<p>Ateliers reli\u00e9s au th\u00e8me : Penser et Agir Autrement Effectuer en ce domaine, une synth\u00e8se de la pens\u00e9e d\u2019Edgar Morin. [&hellip;]<\/p>\n","protected":false},"author":1,"featured_media":0,"parent":10,"menu_order":0,"comment_status":"closed","ping_status":"closed","template":"","meta":{"site-sidebar-layout":"default","site-content-layout":"","ast-site-content-layout":"default","site-content-style":"default","site-sidebar-style":"default","ast-global-header-display":"","ast-banner-title-visibility":"","ast-main-header-display":"","ast-hfb-above-header-display":"","ast-hfb-below-header-display":"","ast-hfb-mobile-header-display":"","site-post-title":"","ast-breadcrumbs-content":"","ast-featured-img":"","footer-sml-layout":"","ast-disable-related-posts":"","theme-transparent-header-meta":"","adv-header-id-meta":"","stick-header-meta":"","header-above-stick-meta":"","header-main-stick-meta":"","header-below-stick-meta":"","astra-migrate-meta-layouts":"default","ast-page-background-enabled":"default","ast-page-background-meta":{"desktop":{"background-color":"var(--ast-global-color-5)","background-image":"","background-repeat":"repeat","background-position":"center center","background-size":"auto","background-attachment":"scroll","background-type":"","background-media":"","overlay-type":"","overlay-color":"","overlay-opacity":"","overlay-gradient":""},"tablet":{"background-color":"","background-image":"","background-repeat":"repeat","background-position":"center center","background-size":"auto","background-attachment":"scroll","background-type":"","background-media":"","overlay-type":"","overlay-color":"","overlay-opacity":"","overlay-gradient":""},"mobile":{"background-color":"","background-image":"","background-repeat":"repeat","background-position":"center center","background-size":"auto","background-attachment":"scroll","background-type":"","background-media":"","overlay-type":"","overlay-color":"","overlay-opacity":"","overlay-gradient":""}},"ast-content-background-meta":{"desktop":{"background-color":"var(--ast-global-color-4)","background-image":"","background-repeat":"repeat","background-position":"center center","background-size":"auto","background-attachment":"scroll","background-type":"","background-media":"","overlay-type":"","overlay-color":"","overlay-opacity":"","overlay-gradient":""},"tablet":{"background-color":"var(--ast-global-color-4)","background-image":"","background-repeat":"repeat","background-position":"center center","background-size":"auto","background-attachment":"scroll","background-type":"","background-media":"","overlay-type":"","overlay-color":"","overlay-opacity":"","overlay-gradient":""},"mobile":{"background-color":"var(--ast-global-color-4)","background-image":"","background-repeat":"repeat","background-position":"center center","background-size":"auto","background-attachment":"scroll","background-type":"","background-media":"","overlay-type":"","overlay-color":"","overlay-opacity":"","overlay-gradient":""}},"h5ap_radio_sources":[],"footnotes":""},"class_list":["post-460","page","type-page","status-publish","hentry"],"_links":{"self":[{"href":"http:\/\/colllearning.info\/CISHE\/wp-json\/wp\/v2\/pages\/460","targetHints":{"allow":["GET"]}}],"collection":[{"href":"http:\/\/colllearning.info\/CISHE\/wp-json\/wp\/v2\/pages"}],"about":[{"href":"http:\/\/colllearning.info\/CISHE\/wp-json\/wp\/v2\/types\/page"}],"author":[{"embeddable":true,"href":"http:\/\/colllearning.info\/CISHE\/wp-json\/wp\/v2\/users\/1"}],"replies":[{"embeddable":true,"href":"http:\/\/colllearning.info\/CISHE\/wp-json\/wp\/v2\/comments?post=460"}],"version-history":[{"count":4,"href":"http:\/\/colllearning.info\/CISHE\/wp-json\/wp\/v2\/pages\/460\/revisions"}],"predecessor-version":[{"id":491,"href":"http:\/\/colllearning.info\/CISHE\/wp-json\/wp\/v2\/pages\/460\/revisions\/491"}],"up":[{"embeddable":true,"href":"http:\/\/colllearning.info\/CISHE\/wp-json\/wp\/v2\/pages\/10"}],"wp:attachment":[{"href":"http:\/\/colllearning.info\/CISHE\/wp-json\/wp\/v2\/media?parent=460"}],"curies":[{"name":"wp","href":"https:\/\/api.w.org\/{rel}","templated":true}]}}