{"id":458,"date":"2019-03-24T18:16:06","date_gmt":"2019-03-24T17:16:06","guid":{"rendered":"http:\/\/colllearning.info\/CISHE\/?page_id=458"},"modified":"2024-02-19T11:32:23","modified_gmt":"2024-02-19T10:32:23","slug":"ecosophie","status":"publish","type":"page","link":"http:\/\/colllearning.info\/CISHE\/production\/ateliers\/ecosophie\/","title":{"rendered":"\u00c9cosophie"},"content":{"rendered":"\n<p>Courriel :&nbsp;<a href=\"mailto:ecosophie-et-anthropocene@framalistes.org\">ecosophie-et-anthropocene@framalistes.org<\/a><\/p>\n\n\n\n<p><strong>\u00c9cosophie pour l\u2019Anthropoc\u00e8ne<\/strong> <\/p>\n\n\n\n<p> Comment faire pour aider aux transitions indispensables dans le monde de la d\u00e9stabilisation climatique globale ? <\/p>\n\n\n\n<p><strong>Trois questions<\/strong><\/p>\n\n\n\n<p>D\u2019abord, profitons de la dimension internationale du Coll\u00e8ge pour inviter des regards \u00e9loign\u00e9s de l\u2019occidentalocentrisme r\u00e9gnant. Nous probl\u00e9matisons la catastrophe \u00e9cologique en privil\u00e9giant les crit\u00e8res \u00e9conomiques, moralisateurs et en faisant march\u00e9s des changements mat\u00e9riels et mentaux \u00e0 mettre en \u0153uvre&#8230; mais que disent les Autres, ceux d\u2019ailleurs ?<\/p>\n\n\n\n<p>Ensuite, ce sont les \u00ab\u00a0actifs\u00a0\u00bb d\u2019aujourd\u2019hui qui parlent et dissertent, mais ce sont les jeunes qui vont faire Monde&#8230; Comment vont-ils s\u2019y prendre ? Quelles surprises nous r\u00e9servent-ils&nbsp;?<\/p>\n\n\n\n<p>Enfin, le senior (non par son \u00e2ge, mais par son exp\u00e9rience) peut \u00eatre t\u00e9moin et porteur d\u2019un certain \u00ab\u00a0Art de vivre\u00a0\u00bb et c\u2019est bien de cela dont tout le monde a besoin urgemment&#8230; Savent-ils le raconter, en donner les fondements ? Et s\u2019en rendent-ils compte&nbsp;?<\/p>\n\n\n\n<p>Les membres de l&rsquo;atelier : Victor Bella, Norbert Caldero, Pierre Caro, Herv\u00e9 Cochet, Muriel Grimaldi, Marc Lagana, Pierre Landry, Barbara Ndimurukundo,  Didier Racine, Barth\u00e9lemy Tanoh, Clara Wajs.<\/p>\n\n\n\n<h3 class=\"wp-block-heading\">Le num\u00e9ro 4 des Cahiers du CIS.H, janvier 203<br><strong><a href=\"https:\/\/www.editions-harmattan.fr\/livre-face_aux_cris_du_monde_quelle_ecosophie_pour_l_anthropocene_catherine_d_wajs-9782140323980-75917.html\">Face aux cris du monde, quelle \u00e9cosophie pour l\u2019anthropoc\u00e8ne<\/a><br>Sous la direction de Catherine-D. Wajs<\/strong><\/h3>\n\n\n\n<h3 class=\"wp-block-heading\">Le num\u00e9ro 5 des Cahiers du CIS.H<br><a href=\"https:\/\/www.editions-harmattan.fr\/index.asp?navig=catalogue&amp;obj=numero&amp;no=76326&amp;no_revue=973&amp;razSqlClone=1\">Ecosophie pour l\u2019anthropoc\u00e8ne : quelles pratiques ?<\/a><br><strong><small>Sous la direction de\u00a0<\/small>Muriel Grimaldi<\/strong><\/h3>\n\n\n\n<p>5<\/p>\n","protected":false},"excerpt":{"rendered":"<p>Courriel :&nbsp;ecosophie-et-anthropocene@framalistes.org \u00c9cosophie pour l\u2019Anthropoc\u00e8ne Comment faire pour aider aux transitions indispensables dans le monde de la d\u00e9stabilisation climatique globale [&hellip;]<\/p>\n","protected":false},"author":1,"featured_media":0,"parent":2532,"menu_order":0,"comment_status":"closed","ping_status":"closed","template":"","meta":{"site-sidebar-layout":"default","site-content-layout":"","ast-site-content-layout":"default","site-content-style":"default","site-sidebar-style":"default","ast-global-header-display":"","ast-banner-title-visibility":"","ast-main-header-display":"","ast-hfb-above-header-display":"","ast-hfb-below-header-display":"","ast-hfb-mobile-header-display":"","site-post-title":"","ast-breadcrumbs-content":"","ast-featured-img":"","footer-sml-layout":"","ast-disable-related-posts":"","theme-transparent-header-meta":"","adv-header-id-meta":"","stick-header-meta":"","header-above-stick-meta":"","header-main-stick-meta":"","header-below-stick-meta":"","astra-migrate-meta-layouts":"default","ast-page-background-enabled":"default","ast-page-background-meta":{"desktop":{"background-color":"var(--ast-global-color-5)","background-image":"","background-repeat":"repeat","background-position":"center center","background-size":"auto","background-attachment":"scroll","background-type":"","background-media":"","overlay-type":"","overlay-color":"","overlay-opacity":"","overlay-gradient":""},"tablet":{"background-color":"","background-image":"","background-repeat":"repeat","background-position":"center center","background-size":"auto","background-attachment":"scroll","background-type":"","background-media":"","overlay-type":"","overlay-color":"","overlay-opacity":"","overlay-gradient":""},"mobile":{"background-color":"","background-image":"","background-repeat":"repeat","background-position":"center center","background-size":"auto","background-attachment":"scroll","background-type":"","background-media":"","overlay-type":"","overlay-color":"","overlay-opacity":"","overlay-gradient":""}},"ast-content-background-meta":{"desktop":{"background-color":"var(--ast-global-color-4)","background-image":"","background-repeat":"repeat","background-position":"center center","background-size":"auto","background-attachment":"scroll","background-type":"","background-media":"","overlay-type":"","overlay-color":"","overlay-opacity":"","overlay-gradient":""},"tablet":{"background-color":"var(--ast-global-color-4)","background-image":"","background-repeat":"repeat","background-position":"center center","background-size":"auto","background-attachment":"scroll","background-type":"","background-media":"","overlay-type":"","overlay-color":"","overlay-opacity":"","overlay-gradient":""},"mobile":{"background-color":"var(--ast-global-color-4)","background-image":"","background-repeat":"repeat","background-position":"center center","background-size":"auto","background-attachment":"scroll","background-type":"","background-media":"","overlay-type":"","overlay-color":"","overlay-opacity":"","overlay-gradient":""}},"h5ap_radio_sources":[],"footnotes":""},"class_list":["post-458","page","type-page","status-publish","hentry"],"_links":{"self":[{"href":"http:\/\/colllearning.info\/CISHE\/wp-json\/wp\/v2\/pages\/458","targetHints":{"allow":["GET"]}}],"collection":[{"href":"http:\/\/colllearning.info\/CISHE\/wp-json\/wp\/v2\/pages"}],"about":[{"href":"http:\/\/colllearning.info\/CISHE\/wp-json\/wp\/v2\/types\/page"}],"author":[{"embeddable":true,"href":"http:\/\/colllearning.info\/CISHE\/wp-json\/wp\/v2\/users\/1"}],"replies":[{"embeddable":true,"href":"http:\/\/colllearning.info\/CISHE\/wp-json\/wp\/v2\/comments?post=458"}],"version-history":[{"count":6,"href":"http:\/\/colllearning.info\/CISHE\/wp-json\/wp\/v2\/pages\/458\/revisions"}],"predecessor-version":[{"id":3458,"href":"http:\/\/colllearning.info\/CISHE\/wp-json\/wp\/v2\/pages\/458\/revisions\/3458"}],"up":[{"embeddable":true,"href":"http:\/\/colllearning.info\/CISHE\/wp-json\/wp\/v2\/pages\/2532"}],"wp:attachment":[{"href":"http:\/\/colllearning.info\/CISHE\/wp-json\/wp\/v2\/media?parent=458"}],"curies":[{"name":"wp","href":"https:\/\/api.w.org\/{rel}","templated":true}]}}