{"id":454,"date":"2019-03-24T18:03:52","date_gmt":"2019-03-24T17:03:52","guid":{"rendered":"http:\/\/colllearning.info\/CISHE\/?page_id=454"},"modified":"2019-03-25T09:14:59","modified_gmt":"2019-03-25T08:14:59","slug":"anthropologie","status":"publish","type":"page","link":"http:\/\/colllearning.info\/CISHE\/production\/anthropologie\/","title":{"rendered":"Anthropologie"},"content":{"rendered":"\n<p>Ateliers reli\u00e9s au th\u00e8me :<\/p>\n\n\n\n<ul class=\"wp-block-list\"><li><strong>Vie actuelle des seniors<\/strong> <ul><li>Il s\u2019agit d\u2019une \u00e9tude empirique\u00a0 ayant comme d\u00e9marche l\u2019entretien compr\u00e9hensif<\/li><li>D\u00e9marche qualitative devant conduire \u00e0 des donn\u00e9es susceptibles de mieux connaitre et comprendre la vie actuelle des seniors. L\u2019accent est mis sur l\u2019importance des relations interg\u00e9n\u00e9rationnelles visant \u00e0 la transmission<\/li><\/ul><\/li><li><strong>Arts et existence<\/strong> <\/li><li><strong>L\u2019\u00e9criture marionnette<\/strong><\/li><li><strong>Les femmes dans l\u2019Histoire de la musique<\/strong><ul><li>La pianiste Maria Yudina affronte Staline.<\/li><\/ul><\/li><li><strong>La commune de PARIS 1871<\/strong><ul><li> Analyse des lieux \u00e0 Paris et en province. Quelle est la place de la commune dans l\u2019histoire nationale et internationale ? Quel apport pour notre \u00e9poque ?  <\/li><\/ul><\/li><\/ul>\n\n\n\n<ul class=\"wp-block-list\"><li><strong>Les nouveaux colibris<\/strong><ul><li> produire des notes de lecture par des personnes d&rsquo;horizons tr\u00e8s vari\u00e9s, <\/li><li>diffuser ces notes pour provoquer le d\u00e9sir de d\u00e9couvrir en fonction des situations et des v\u00e9cus. Et d\u00e9j\u00e0 informer et inviter \u00e0 entrer en connaissance, <\/li><li> faire conna\u00eetre le livre, l&rsquo;auteur et contribuer \u00e0 cr\u00e9er des situations de lectures, d&rsquo;\u00e9changes, de partage. Dans cette perspective, encourager \u00e0 le faire acheter \u00e0 titre personnel ou collectif <\/li><\/ul><\/li><li><strong>Une photographie bienveillante de la vieillesse<\/strong> <ul><li> L&rsquo;art au c\u0153ur de l&rsquo;humain<\/li><\/ul><\/li><li><strong>Club auteurs\/lecteurs<\/strong> <\/li><li><strong>Lecteurs et leaders<\/strong><ul><li> \u00c0 partir de nombreuses initiatives et projets, en quoi et comment, avec des seniors, cr\u00e9er des conditions pour d\u00e9velopper la lecture chez les leaders en Afrique <\/li><\/ul><\/li><li><strong>Anna Akhmatova<\/strong><ul><li> La l\u00e9gende\u00a0d&rsquo;une \u0153uvre musel\u00e9e par la dictature stalinienne.<\/li><li> Fascicule 1 de la collection <em>Les voix r\u00e9sistantes en arts, litt\u00e9rature et po\u00e9sie<\/em><\/li><\/ul><\/li><\/ul>\n\n\n\n<ul class=\"wp-block-list\"><li><strong>Connaissances et tradition<\/strong>s<ul><li> Voyager dans le temps et rep\u00e9rer des enjeux majeurs }}{<\/li><\/ul><\/li><li><strong>La photographie<\/strong><\/li><li>1- Valoriser la photographie en r\u00e9f\u00e9rence \u00e0 des th\u00e8mes<br>2- Produire un petit ouvrage pour s\u2019initier \u00e0 la photographie<br>3- R\u00e9aliser des expositions anim\u00e9es par des d\u00e9bats<br>4- Accueillir des propositions en d\u00e9battre et les concr\u00e9tiser<\/li><\/ul>\n","protected":false},"excerpt":{"rendered":"<p>Ateliers reli\u00e9s au th\u00e8me : Vie actuelle des seniors Il s\u2019agit d\u2019une \u00e9tude empirique\u00a0 ayant comme d\u00e9marche l\u2019entretien compr\u00e9hensif D\u00e9marche [&hellip;]<\/p>\n","protected":false},"author":1,"featured_media":0,"parent":10,"menu_order":0,"comment_status":"closed","ping_status":"closed","template":"","meta":{"site-sidebar-layout":"default","site-content-layout":"","ast-site-content-layout":"default","site-content-style":"default","site-sidebar-style":"default","ast-global-header-display":"","ast-banner-title-visibility":"","ast-main-header-display":"","ast-hfb-above-header-display":"","ast-hfb-below-header-display":"","ast-hfb-mobile-header-display":"","site-post-title":"","ast-breadcrumbs-content":"","ast-featured-img":"","footer-sml-layout":"","ast-disable-related-posts":"","theme-transparent-header-meta":"","adv-header-id-meta":"","stick-header-meta":"","header-above-stick-meta":"","header-main-stick-meta":"","header-below-stick-meta":"","astra-migrate-meta-layouts":"default","ast-page-background-enabled":"default","ast-page-background-meta":{"desktop":{"background-color":"var(--ast-global-color-5)","background-image":"","background-repeat":"repeat","background-position":"center center","background-size":"auto","background-attachment":"scroll","background-type":"","background-media":"","overlay-type":"","overlay-color":"","overlay-opacity":"","overlay-gradient":""},"tablet":{"background-color":"","background-image":"","background-repeat":"repeat","background-position":"center center","background-size":"auto","background-attachment":"scroll","background-type":"","background-media":"","overlay-type":"","overlay-color":"","overlay-opacity":"","overlay-gradient":""},"mobile":{"background-color":"","background-image":"","background-repeat":"repeat","background-position":"center center","background-size":"auto","background-attachment":"scroll","background-type":"","background-media":"","overlay-type":"","overlay-color":"","overlay-opacity":"","overlay-gradient":""}},"ast-content-background-meta":{"desktop":{"background-color":"var(--ast-global-color-4)","background-image":"","background-repeat":"repeat","background-position":"center center","background-size":"auto","background-attachment":"scroll","background-type":"","background-media":"","overlay-type":"","overlay-color":"","overlay-opacity":"","overlay-gradient":""},"tablet":{"background-color":"var(--ast-global-color-4)","background-image":"","background-repeat":"repeat","background-position":"center center","background-size":"auto","background-attachment":"scroll","background-type":"","background-media":"","overlay-type":"","overlay-color":"","overlay-opacity":"","overlay-gradient":""},"mobile":{"background-color":"var(--ast-global-color-4)","background-image":"","background-repeat":"repeat","background-position":"center center","background-size":"auto","background-attachment":"scroll","background-type":"","background-media":"","overlay-type":"","overlay-color":"","overlay-opacity":"","overlay-gradient":""}},"h5ap_radio_sources":[],"footnotes":""},"class_list":["post-454","page","type-page","status-publish","hentry"],"_links":{"self":[{"href":"http:\/\/colllearning.info\/CISHE\/wp-json\/wp\/v2\/pages\/454","targetHints":{"allow":["GET"]}}],"collection":[{"href":"http:\/\/colllearning.info\/CISHE\/wp-json\/wp\/v2\/pages"}],"about":[{"href":"http:\/\/colllearning.info\/CISHE\/wp-json\/wp\/v2\/types\/page"}],"author":[{"embeddable":true,"href":"http:\/\/colllearning.info\/CISHE\/wp-json\/wp\/v2\/users\/1"}],"replies":[{"embeddable":true,"href":"http:\/\/colllearning.info\/CISHE\/wp-json\/wp\/v2\/comments?post=454"}],"version-history":[{"count":5,"href":"http:\/\/colllearning.info\/CISHE\/wp-json\/wp\/v2\/pages\/454\/revisions"}],"predecessor-version":[{"id":486,"href":"http:\/\/colllearning.info\/CISHE\/wp-json\/wp\/v2\/pages\/454\/revisions\/486"}],"up":[{"embeddable":true,"href":"http:\/\/colllearning.info\/CISHE\/wp-json\/wp\/v2\/pages\/10"}],"wp:attachment":[{"href":"http:\/\/colllearning.info\/CISHE\/wp-json\/wp\/v2\/media?parent=454"}],"curies":[{"name":"wp","href":"https:\/\/api.w.org\/{rel}","templated":true}]}}