{"id":384,"date":"2019-02-13T09:26:00","date_gmt":"2019-02-13T08:26:00","guid":{"rendered":"http:\/\/colllearning.info\/CISHE\/?page_id=384"},"modified":"2019-02-13T09:26:00","modified_gmt":"2019-02-13T08:26:00","slug":"vie-actuelle-des-seniors","status":"publish","type":"page","link":"http:\/\/colllearning.info\/CISHE\/production\/vie-actuelle-des-seniors\/","title":{"rendered":"VIE ACTUELLE DES SENIORS"},"content":{"rendered":"<p><!--StartFragment--><\/p>\n\n\n<p>Ce&nbsp; chantier est centr\u00e9 sur le recueil de LA VIE ACTUELLE DES SENIORS.<br>Il s\u2019agit d\u2019une \u00e9tude empirique&nbsp; ayant comme d\u00e9marche l\u2019entretien compr\u00e9hensif<\/p>\n\n\n\n<p>&nbsp; Cf. ouvrage&nbsp;<strong><em>L\u2019entretien compr\u00e9hensif <\/em><\/strong>, Jean Claude Kaufmann<br>Collection 124&nbsp; 4<sup>e<\/sup> \u00e9dition 2016, Armand\nColin<\/p>\n\n\n\n<p>Pour cela, j\u2019ai \u00e9labore et test\u00e9 un questionnaire que je tiens \u00e0 disposition de celles et ceux qui s\u2019engage \u00e0 r\u00e9aliser au moins TROIS entretiens.<br>D\u00e9marche qualitative devant conduire \u00e0 des donn\u00e9es susceptibles de mieux connaitre et comprendre la vie actuelle des seniors.<br>L\u2019accent est mis sur l\u2019importance des relations interg\u00e9n\u00e9rationnelles visant \u00e0 la transmission.<\/p>\n\n\n\n<p>Je suis \u00e0 disposition de celles et ceux qui veulent participer \u00e0 ce travail.<br>Fin juin 2019, une analyse des donn\u00e9es recueillies sera effectu\u00e9e. Elle sera adress\u00e9e \u00e0 tous les adh\u00e9rents du CIS.H.<\/p>\n\n\n\n<p>Alors, la poursuite de ce chantier sera d\u00e9finie pour Octobre 2019.<br>J\u2019insiste sur la n\u00e9cessit\u00e9 \u00ab&nbsp;d\u2019ouvrir&nbsp;\u00bb le domaine des recherches \u00e0 d\u2019autres milieux que nous-m\u00eames ou nos amis proche.<br><strong>Nicole Colas 02 2019&nbsp;&nbsp;&nbsp;&nbsp;&nbsp;&nbsp; <a href=\"mailto:nicole.colas42@gmail.com\">nicole.colas42@gmail.com<\/a><\/strong><\/p>\n\n\n<p><!--EndFragment--><\/p>","protected":false},"excerpt":{"rendered":"<p>Ce&nbsp; chantier est centr\u00e9 sur le recueil de LA VIE ACTUELLE DES SENIORS.Il s\u2019agit d\u2019une \u00e9tude empirique&nbsp; ayant comme d\u00e9marche [&hellip;]<\/p>\n","protected":false},"author":1,"featured_media":0,"parent":10,"menu_order":0,"comment_status":"closed","ping_status":"closed","template":"","meta":{"site-sidebar-layout":"default","site-content-layout":"","ast-site-content-layout":"default","site-content-style":"default","site-sidebar-style":"default","ast-global-header-display":"","ast-banner-title-visibility":"","ast-main-header-display":"","ast-hfb-above-header-display":"","ast-hfb-below-header-display":"","ast-hfb-mobile-header-display":"","site-post-title":"","ast-breadcrumbs-content":"","ast-featured-img":"","footer-sml-layout":"","ast-disable-related-posts":"","theme-transparent-header-meta":"","adv-header-id-meta":"","stick-header-meta":"","header-above-stick-meta":"","header-main-stick-meta":"","header-below-stick-meta":"","astra-migrate-meta-layouts":"default","ast-page-background-enabled":"default","ast-page-background-meta":{"desktop":{"background-color":"var(--ast-global-color-5)","background-image":"","background-repeat":"repeat","background-position":"center center","background-size":"auto","background-attachment":"scroll","background-type":"","background-media":"","overlay-type":"","overlay-color":"","overlay-opacity":"","overlay-gradient":""},"tablet":{"background-color":"","background-image":"","background-repeat":"repeat","background-position":"center center","background-size":"auto","background-attachment":"scroll","background-type":"","background-media":"","overlay-type":"","overlay-color":"","overlay-opacity":"","overlay-gradient":""},"mobile":{"background-color":"","background-image":"","background-repeat":"repeat","background-position":"center center","background-size":"auto","background-attachment":"scroll","background-type":"","background-media":"","overlay-type":"","overlay-color":"","overlay-opacity":"","overlay-gradient":""}},"ast-content-background-meta":{"desktop":{"background-color":"var(--ast-global-color-4)","background-image":"","background-repeat":"repeat","background-position":"center center","background-size":"auto","background-attachment":"scroll","background-type":"","background-media":"","overlay-type":"","overlay-color":"","overlay-opacity":"","overlay-gradient":""},"tablet":{"background-color":"var(--ast-global-color-4)","background-image":"","background-repeat":"repeat","background-position":"center center","background-size":"auto","background-attachment":"scroll","background-type":"","background-media":"","overlay-type":"","overlay-color":"","overlay-opacity":"","overlay-gradient":""},"mobile":{"background-color":"var(--ast-global-color-4)","background-image":"","background-repeat":"repeat","background-position":"center center","background-size":"auto","background-attachment":"scroll","background-type":"","background-media":"","overlay-type":"","overlay-color":"","overlay-opacity":"","overlay-gradient":""}},"h5ap_radio_sources":[],"footnotes":""},"class_list":["post-384","page","type-page","status-publish","hentry"],"_links":{"self":[{"href":"http:\/\/colllearning.info\/CISHE\/wp-json\/wp\/v2\/pages\/384","targetHints":{"allow":["GET"]}}],"collection":[{"href":"http:\/\/colllearning.info\/CISHE\/wp-json\/wp\/v2\/pages"}],"about":[{"href":"http:\/\/colllearning.info\/CISHE\/wp-json\/wp\/v2\/types\/page"}],"author":[{"embeddable":true,"href":"http:\/\/colllearning.info\/CISHE\/wp-json\/wp\/v2\/users\/1"}],"replies":[{"embeddable":true,"href":"http:\/\/colllearning.info\/CISHE\/wp-json\/wp\/v2\/comments?post=384"}],"version-history":[{"count":1,"href":"http:\/\/colllearning.info\/CISHE\/wp-json\/wp\/v2\/pages\/384\/revisions"}],"predecessor-version":[{"id":385,"href":"http:\/\/colllearning.info\/CISHE\/wp-json\/wp\/v2\/pages\/384\/revisions\/385"}],"up":[{"embeddable":true,"href":"http:\/\/colllearning.info\/CISHE\/wp-json\/wp\/v2\/pages\/10"}],"wp:attachment":[{"href":"http:\/\/colllearning.info\/CISHE\/wp-json\/wp\/v2\/media?parent=384"}],"curies":[{"name":"wp","href":"https:\/\/api.w.org\/{rel}","templated":true}]}}