{"id":382,"date":"2019-02-13T09:24:51","date_gmt":"2019-02-13T08:24:51","guid":{"rendered":"http:\/\/colllearning.info\/CISHE\/?page_id=382"},"modified":"2019-02-13T09:24:51","modified_gmt":"2019-02-13T08:24:51","slug":"la-photographie","status":"publish","type":"page","link":"http:\/\/colllearning.info\/CISHE\/production\/la-photographie\/","title":{"rendered":"La PHOTOGRAPHIE"},"content":{"rendered":"<p><br \/><!--StartFragment--><\/p>\n\n\n<p><em>Ce que la photographie reproduit \u00e0 l\u2019infini, <\/em><br><em>n\u2019a lieu qu\u2019une fois.&nbsp;<\/em><br><em>&nbsp;&nbsp;&nbsp;&nbsp;&nbsp;&nbsp;&nbsp;&nbsp;&nbsp;&nbsp;&nbsp;&nbsp;&nbsp;&nbsp;&nbsp;&nbsp;&nbsp;&nbsp;&nbsp;&nbsp;&nbsp;&nbsp;&nbsp;&nbsp;&nbsp;&nbsp;&nbsp;&nbsp;&nbsp;&nbsp;&nbsp;&nbsp;&nbsp;&nbsp;&nbsp;&nbsp;&nbsp;&nbsp;&nbsp;&nbsp;&nbsp;&nbsp;&nbsp;&nbsp;&nbsp;&nbsp;&nbsp; Roland Barthes<\/em><\/p>\n\n\n\n<p>La photographie reste une approche unique pour recueillir le monde et la vie.<br>Le senior disposant de plus de temps pour contempler, \u00eatre attentionn\u00e9, est particuli\u00e8rement sensible \u00e0 la photographie.<br>Dans cet esprit est cr\u00e9e le chantier&nbsp;: La Photographie<\/p>\n\n\n\n<p>&nbsp;&nbsp;&nbsp;&nbsp;&nbsp;&nbsp;&nbsp;&nbsp;&nbsp;&nbsp;&nbsp;&nbsp;&nbsp;&nbsp;&nbsp;&nbsp; Ses Objectifs.<br>1- Valoriser la photographie en r\u00e9f\u00e9rence \u00e0 des th\u00e8mes<br>2- Produire un petit ouvrage pour s\u2019initier \u00e0 la photographie<br>3- R\u00e9aliser des expositions anim\u00e9es par des d\u00e9bats<br>4- Accueillir des propositions en d\u00e9battre et les concr\u00e9tiser<\/p>\n\n\n\n<p>(Ex&nbsp;: La photographie \u00e0 la d\u00e9couverte de la France&nbsp;\u2026de\nl\u2019Afrique ; Regards bienveillants sur l\u2019interg\u00e9n\u00e9rationnel etc. )<\/p>\n\n\n\n<p>&nbsp; &nbsp;&nbsp;&nbsp;&nbsp;&nbsp;&nbsp;&nbsp;&nbsp;&nbsp;&nbsp;&nbsp;&nbsp;&nbsp;&nbsp;&nbsp;&nbsp;&nbsp;&nbsp;&nbsp;&nbsp;&nbsp;&nbsp;&nbsp;&nbsp;&nbsp;&nbsp;&nbsp;Alors, soyez les\nbienvenus.<\/p>\n\n\n\n<p><strong>Co responsables&nbsp;:<\/strong><br>Jean&nbsp; Rieucau&nbsp;&nbsp; <a href=\"mailto:jean.rieucau@wanadoo.fr\">jean.rieucau@wanadoo.fr<\/a><br>&nbsp;R\u00e9alisateur de s\u00e9ries <strong><em>La photographie \u00e0 la d\u00e9couverte de l\u2019Afrique<\/em><\/strong><\/p>\n\n\n\n<p>Daniele Bolchenko. <a href=\"mailto:danielebolchenko@gmail.com\">danielebolchenko@gmail.com<\/a>\n\nR\u00e9alisatrice&nbsp;.Th\u00e8me <strong><em>Regards bienveillants sur la vieillesse<\/em><\/strong><\/p>\n\n\n<p><!--EndFragment--><\/p>","protected":false},"excerpt":{"rendered":"<p>Ce que la photographie reproduit \u00e0 l\u2019infini, n\u2019a lieu qu\u2019une fois.&nbsp;&nbsp;&nbsp;&nbsp;&nbsp;&nbsp;&nbsp;&nbsp;&nbsp;&nbsp;&nbsp;&nbsp;&nbsp;&nbsp;&nbsp;&nbsp;&nbsp;&nbsp;&nbsp;&nbsp;&nbsp;&nbsp;&nbsp;&nbsp;&nbsp;&nbsp;&nbsp;&nbsp;&nbsp;&nbsp;&nbsp;&nbsp;&nbsp;&nbsp;&nbsp;&nbsp;&nbsp;&nbsp;&nbsp;&nbsp;&nbsp;&nbsp;&nbsp;&nbsp;&nbsp;&nbsp;&nbsp;&nbsp; Roland Barthes La photographie reste une approche unique pour [&hellip;]<\/p>\n","protected":false},"author":1,"featured_media":0,"parent":10,"menu_order":0,"comment_status":"closed","ping_status":"closed","template":"","meta":{"site-sidebar-layout":"default","site-content-layout":"","ast-site-content-layout":"default","site-content-style":"default","site-sidebar-style":"default","ast-global-header-display":"","ast-banner-title-visibility":"","ast-main-header-display":"","ast-hfb-above-header-display":"","ast-hfb-below-header-display":"","ast-hfb-mobile-header-display":"","site-post-title":"","ast-breadcrumbs-content":"","ast-featured-img":"","footer-sml-layout":"","ast-disable-related-posts":"","theme-transparent-header-meta":"","adv-header-id-meta":"","stick-header-meta":"","header-above-stick-meta":"","header-main-stick-meta":"","header-below-stick-meta":"","astra-migrate-meta-layouts":"default","ast-page-background-enabled":"default","ast-page-background-meta":{"desktop":{"background-color":"var(--ast-global-color-5)","background-image":"","background-repeat":"repeat","background-position":"center center","background-size":"auto","background-attachment":"scroll","background-type":"","background-media":"","overlay-type":"","overlay-color":"","overlay-opacity":"","overlay-gradient":""},"tablet":{"background-color":"","background-image":"","background-repeat":"repeat","background-position":"center center","background-size":"auto","background-attachment":"scroll","background-type":"","background-media":"","overlay-type":"","overlay-color":"","overlay-opacity":"","overlay-gradient":""},"mobile":{"background-color":"","background-image":"","background-repeat":"repeat","background-position":"center center","background-size":"auto","background-attachment":"scroll","background-type":"","background-media":"","overlay-type":"","overlay-color":"","overlay-opacity":"","overlay-gradient":""}},"ast-content-background-meta":{"desktop":{"background-color":"var(--ast-global-color-4)","background-image":"","background-repeat":"repeat","background-position":"center center","background-size":"auto","background-attachment":"scroll","background-type":"","background-media":"","overlay-type":"","overlay-color":"","overlay-opacity":"","overlay-gradient":""},"tablet":{"background-color":"var(--ast-global-color-4)","background-image":"","background-repeat":"repeat","background-position":"center center","background-size":"auto","background-attachment":"scroll","background-type":"","background-media":"","overlay-type":"","overlay-color":"","overlay-opacity":"","overlay-gradient":""},"mobile":{"background-color":"var(--ast-global-color-4)","background-image":"","background-repeat":"repeat","background-position":"center center","background-size":"auto","background-attachment":"scroll","background-type":"","background-media":"","overlay-type":"","overlay-color":"","overlay-opacity":"","overlay-gradient":""}},"h5ap_radio_sources":[],"footnotes":""},"class_list":["post-382","page","type-page","status-publish","hentry"],"_links":{"self":[{"href":"http:\/\/colllearning.info\/CISHE\/wp-json\/wp\/v2\/pages\/382","targetHints":{"allow":["GET"]}}],"collection":[{"href":"http:\/\/colllearning.info\/CISHE\/wp-json\/wp\/v2\/pages"}],"about":[{"href":"http:\/\/colllearning.info\/CISHE\/wp-json\/wp\/v2\/types\/page"}],"author":[{"embeddable":true,"href":"http:\/\/colllearning.info\/CISHE\/wp-json\/wp\/v2\/users\/1"}],"replies":[{"embeddable":true,"href":"http:\/\/colllearning.info\/CISHE\/wp-json\/wp\/v2\/comments?post=382"}],"version-history":[{"count":1,"href":"http:\/\/colllearning.info\/CISHE\/wp-json\/wp\/v2\/pages\/382\/revisions"}],"predecessor-version":[{"id":383,"href":"http:\/\/colllearning.info\/CISHE\/wp-json\/wp\/v2\/pages\/382\/revisions\/383"}],"up":[{"embeddable":true,"href":"http:\/\/colllearning.info\/CISHE\/wp-json\/wp\/v2\/pages\/10"}],"wp:attachment":[{"href":"http:\/\/colllearning.info\/CISHE\/wp-json\/wp\/v2\/media?parent=382"}],"curies":[{"name":"wp","href":"https:\/\/api.w.org\/{rel}","templated":true}]}}