{"id":3601,"date":"2024-05-04T17:53:43","date_gmt":"2024-05-04T15:53:43","guid":{"rendered":"http:\/\/colllearning.info\/CISHE\/?page_id=3601"},"modified":"2024-05-04T18:34:36","modified_gmt":"2024-05-04T16:34:36","slug":"vie","status":"publish","type":"page","link":"http:\/\/colllearning.info\/CISHE\/production\/ateliers\/vie\/","title":{"rendered":"VIE"},"content":{"rendered":"\n<h2 class=\"wp-block-heading\">Valorisation Infinie de l&rsquo;Existence<\/h2>\n\n\n\n<p>Lien : <a href=\"mailto:vie@framagroupes.org\">vie@framagroupes.org<\/a><\/p>\n\n\n\n<p>Herv\u00e9 Cochet, Muriel Grimaldi, Anne-Marie Guillemard, Alain Javeau, Pierre Landry, Barbara Ndimurukundo, Clara Wajs<\/p>\n\n\n\n<figure class=\"wp-block-embed is-type-wp-embed is-provider-lvsl-fr-tout-reconstruire-tout-reinventer wp-block-embed-lvsl-fr-tout-reconstruire-tout-reinventer\"><div class=\"wp-block-embed__wrapper\">\n<blockquote class=\"wp-embedded-content\" data-secret=\"9G80rPy0Zm\"><a href=\"https:\/\/lvsl.fr\/loi-sur-la-fin-de-vie-progres-ou-regression-collective\/\">Loi sur la fin de vie&nbsp;: progr\u00e8s ou r\u00e9gression collective&nbsp;?<\/a><\/blockquote><iframe class=\"wp-embedded-content\" sandbox=\"allow-scripts\" security=\"restricted\" style=\"position: absolute; visibility: hidden;\" title=\"\u00ab\u00a0Loi sur la fin de vie&nbsp;: progr\u00e8s ou r\u00e9gression collective&nbsp;?\u00a0\u00bb &#8212; lvsl.fr - Tout reconstruire, tout r\u00e9inventer\" src=\"https:\/\/lvsl.fr\/loi-sur-la-fin-de-vie-progres-ou-regression-collective\/embed\/#?secret=mk0HfqRmVn#?secret=9G80rPy0Zm\" data-secret=\"9G80rPy0Zm\" width=\"500\" height=\"282\" frameborder=\"0\" marginwidth=\"0\" marginheight=\"0\" scrolling=\"no\"><\/iframe>\n<\/div><\/figure>\n\n\n\n<div data-wp-interactive=\"core\/file\" class=\"wp-block-file\"><object data-wp-bind--hidden=\"!state.hasPdfPreview\" hidden class=\"wp-block-file__embed\" data=\"http:\/\/colllearning.info\/CISHE\/wp-content\/uploads\/2024\/05\/Premiers-echanges-atelier-VIE.pdf\" type=\"application\/pdf\" style=\"width:100%;height:600px\" aria-label=\"Contenu embarqu\u00e9 Premiers-echanges-atelier-VIE.\"><\/object><a id=\"wp-block-file--media-e8ac9969-3801-4522-9b14-6c14924428b5\" href=\"http:\/\/colllearning.info\/CISHE\/wp-content\/uploads\/2024\/05\/Premiers-echanges-atelier-VIE.pdf\">Premiers-echanges-atelier-VIE<\/a><a href=\"http:\/\/colllearning.info\/CISHE\/wp-content\/uploads\/2024\/05\/Premiers-echanges-atelier-VIE.pdf\" class=\"wp-block-file__button wp-element-button\" download aria-describedby=\"wp-block-file--media-e8ac9969-3801-4522-9b14-6c14924428b5\">T\u00e9l\u00e9charger<\/a><\/div>\n\n\n\n<hr class=\"wp-block-separator has-alpha-channel-opacity\"\/>\n\n\n\n<p>PETIT, Jacques, VIAL, Ana\u00efs, <em><a href=\"https:\/\/www.editions-harmattan.fr\/livre-le_droit_a_la_mort_jacques_petit_anais_vial-9782336447384-79879.html\"><strong>Le droit \u00e0 la mort<\/strong><\/a><\/em>, L&rsquo;Harmattan, 2024<\/p>\n\n\n\n<p>La mort est un myst\u00e8re. Personne ne peut pr\u00e9dire quand et comment sa vie se finira. L\u2019Homme cherche toujours \u00e0 repousser les effets du temps et par cons\u00e9quent, sa propre fin. Il est toutefois des situations dans lesquelles la mort est recherch\u00e9e, attendue.<br>La sc\u00e8ne juridique n\u2019a vu apparaitre cette question de la mort et d\u2019un droit \u00e0 celle-ci que tardivement par le biais de propositions de lois \u00e0 la fin des ann\u00e9es 1970. Cette notion de droit \u00e0 la mort est floue parce qu\u2019aucune d\u00e9finition pr\u00e9cise et aucun cadre juridique n\u2019ont jamais \u00e9t\u00e9 pos\u00e9s. Il convenait d\u00e8s lors de d\u00e9finir minutieusement cette notion de \u00ab\u2009Droit \u00e0 la mort\u2009\u00bb et de s\u2019int\u00e9resser aux fondements juridiques qui pourraient permettre une \u00e9ventuelle cons\u00e9cration en droit interne.<\/p>\n","protected":false},"excerpt":{"rendered":"<p>Valorisation Infinie de l&rsquo;Existence Lien : vie@framagroupes.org Herv\u00e9 Cochet, Muriel Grimaldi, Anne-Marie Guillemard, Alain Javeau, Pierre Landry, Barbara Ndimurukundo, Clara [&hellip;]<\/p>\n","protected":false},"author":1,"featured_media":0,"parent":2532,"menu_order":0,"comment_status":"closed","ping_status":"closed","template":"","meta":{"site-sidebar-layout":"default","site-content-layout":"","ast-site-content-layout":"default","site-content-style":"default","site-sidebar-style":"default","ast-global-header-display":"","ast-banner-title-visibility":"","ast-main-header-display":"","ast-hfb-above-header-display":"","ast-hfb-below-header-display":"","ast-hfb-mobile-header-display":"","site-post-title":"","ast-breadcrumbs-content":"","ast-featured-img":"","footer-sml-layout":"","ast-disable-related-posts":"","theme-transparent-header-meta":"","adv-header-id-meta":"","stick-header-meta":"","header-above-stick-meta":"","header-main-stick-meta":"","header-below-stick-meta":"","astra-migrate-meta-layouts":"default","ast-page-background-enabled":"default","ast-page-background-meta":{"desktop":{"background-color":"var(--ast-global-color-5)","background-image":"","background-repeat":"repeat","background-position":"center center","background-size":"auto","background-attachment":"scroll","background-type":"","background-media":"","overlay-type":"","overlay-color":"","overlay-opacity":"","overlay-gradient":""},"tablet":{"background-color":"","background-image":"","background-repeat":"repeat","background-position":"center center","background-size":"auto","background-attachment":"scroll","background-type":"","background-media":"","overlay-type":"","overlay-color":"","overlay-opacity":"","overlay-gradient":""},"mobile":{"background-color":"","background-image":"","background-repeat":"repeat","background-position":"center center","background-size":"auto","background-attachment":"scroll","background-type":"","background-media":"","overlay-type":"","overlay-color":"","overlay-opacity":"","overlay-gradient":""}},"ast-content-background-meta":{"desktop":{"background-color":"var(--ast-global-color-4)","background-image":"","background-repeat":"repeat","background-position":"center center","background-size":"auto","background-attachment":"scroll","background-type":"","background-media":"","overlay-type":"","overlay-color":"","overlay-opacity":"","overlay-gradient":""},"tablet":{"background-color":"var(--ast-global-color-4)","background-image":"","background-repeat":"repeat","background-position":"center center","background-size":"auto","background-attachment":"scroll","background-type":"","background-media":"","overlay-type":"","overlay-color":"","overlay-opacity":"","overlay-gradient":""},"mobile":{"background-color":"var(--ast-global-color-4)","background-image":"","background-repeat":"repeat","background-position":"center center","background-size":"auto","background-attachment":"scroll","background-type":"","background-media":"","overlay-type":"","overlay-color":"","overlay-opacity":"","overlay-gradient":""}},"h5ap_radio_sources":[],"footnotes":""},"class_list":["post-3601","page","type-page","status-publish","hentry"],"_links":{"self":[{"href":"http:\/\/colllearning.info\/CISHE\/wp-json\/wp\/v2\/pages\/3601","targetHints":{"allow":["GET"]}}],"collection":[{"href":"http:\/\/colllearning.info\/CISHE\/wp-json\/wp\/v2\/pages"}],"about":[{"href":"http:\/\/colllearning.info\/CISHE\/wp-json\/wp\/v2\/types\/page"}],"author":[{"embeddable":true,"href":"http:\/\/colllearning.info\/CISHE\/wp-json\/wp\/v2\/users\/1"}],"replies":[{"embeddable":true,"href":"http:\/\/colllearning.info\/CISHE\/wp-json\/wp\/v2\/comments?post=3601"}],"version-history":[{"count":4,"href":"http:\/\/colllearning.info\/CISHE\/wp-json\/wp\/v2\/pages\/3601\/revisions"}],"predecessor-version":[{"id":3608,"href":"http:\/\/colllearning.info\/CISHE\/wp-json\/wp\/v2\/pages\/3601\/revisions\/3608"}],"up":[{"embeddable":true,"href":"http:\/\/colllearning.info\/CISHE\/wp-json\/wp\/v2\/pages\/2532"}],"wp:attachment":[{"href":"http:\/\/colllearning.info\/CISHE\/wp-json\/wp\/v2\/media?parent=3601"}],"curies":[{"name":"wp","href":"https:\/\/api.w.org\/{rel}","templated":true}]}}