{"id":3101,"date":"2023-06-04T17:51:46","date_gmt":"2023-06-04T15:51:46","guid":{"rendered":"http:\/\/colllearning.info\/CISHE\/?page_id=3101"},"modified":"2023-06-04T18:03:59","modified_gmt":"2023-06-04T16:03:59","slug":"harakat-mohamed","status":"publish","type":"page","link":"http:\/\/colllearning.info\/CISHE\/espace-membre\/nouvelles-des-adherents\/harakat-mohamed\/","title":{"rendered":"HARAKAT Mohamed"},"content":{"rendered":"\n<p>L\u2019Institut Royal des Etudes Strat\u00e9giques (IRES) participe, \u00e0 l&rsquo;instar d&rsquo;autres institutions nationales, \u00e0 la 28\u00e8me \u00e9dition du Salon International de l\u2019Edition et du Livre (SIEL). Ev\u00e9nement international et carrefour culturel incontournable, l\u2019\u00e9dition 2023 du SIEL se tient du 1er au 11 juin 2023 \u00e0 Rabat \u00e0 l&rsquo;espace OLM Souissi.<\/p>\n\n\n\n<p>Dans le cadre de son programme d&rsquo;\u00e9v\u00e9nements parall\u00e8les, l&rsquo;IRES organise, mardi 6 juin 2023 \u00e0 17 heures, une pr\u00e9sentation de l&rsquo;ouvrage \u00ab\u00a0<a href=\"https:\/\/www.editions-harmattan.fr\/livre-geopolitique_et_geoeconomie_marocaines_en_afrique_mohamed_harakat-9782343241210-72257.html\">G\u00e9opolitique et g\u00e9o\u00e9conomie marocaines en Afrique<\/a>\u00a0\u00bb de son auteur Pr. Mohamed HARAKAT- Universit\u00e9 Mohammed v -Rabat, au stand de l&rsquo;IRES au SIEL (Hall A- A15).<\/p>\n","protected":false},"excerpt":{"rendered":"<p>L\u2019Institut Royal des Etudes Strat\u00e9giques (IRES) participe, \u00e0 l&rsquo;instar d&rsquo;autres institutions nationales, \u00e0 la 28\u00e8me \u00e9dition du Salon International de [&hellip;]<\/p>\n","protected":false},"author":1,"featured_media":0,"parent":2676,"menu_order":0,"comment_status":"closed","ping_status":"closed","template":"","meta":{"site-sidebar-layout":"default","site-content-layout":"","ast-site-content-layout":"default","site-content-style":"default","site-sidebar-style":"default","ast-global-header-display":"","ast-banner-title-visibility":"","ast-main-header-display":"","ast-hfb-above-header-display":"","ast-hfb-below-header-display":"","ast-hfb-mobile-header-display":"","site-post-title":"","ast-breadcrumbs-content":"","ast-featured-img":"","footer-sml-layout":"","ast-disable-related-posts":"","theme-transparent-header-meta":"","adv-header-id-meta":"","stick-header-meta":"","header-above-stick-meta":"","header-main-stick-meta":"","header-below-stick-meta":"","astra-migrate-meta-layouts":"default","ast-page-background-enabled":"default","ast-page-background-meta":{"desktop":{"background-color":"var(--ast-global-color-5)","background-image":"","background-repeat":"repeat","background-position":"center center","background-size":"auto","background-attachment":"scroll","background-type":"","background-media":"","overlay-type":"","overlay-color":"","overlay-opacity":"","overlay-gradient":""},"tablet":{"background-color":"","background-image":"","background-repeat":"repeat","background-position":"center center","background-size":"auto","background-attachment":"scroll","background-type":"","background-media":"","overlay-type":"","overlay-color":"","overlay-opacity":"","overlay-gradient":""},"mobile":{"background-color":"","background-image":"","background-repeat":"repeat","background-position":"center center","background-size":"auto","background-attachment":"scroll","background-type":"","background-media":"","overlay-type":"","overlay-color":"","overlay-opacity":"","overlay-gradient":""}},"ast-content-background-meta":{"desktop":{"background-color":"var(--ast-global-color-4)","background-image":"","background-repeat":"repeat","background-position":"center center","background-size":"auto","background-attachment":"scroll","background-type":"","background-media":"","overlay-type":"","overlay-color":"","overlay-opacity":"","overlay-gradient":""},"tablet":{"background-color":"var(--ast-global-color-4)","background-image":"","background-repeat":"repeat","background-position":"center center","background-size":"auto","background-attachment":"scroll","background-type":"","background-media":"","overlay-type":"","overlay-color":"","overlay-opacity":"","overlay-gradient":""},"mobile":{"background-color":"var(--ast-global-color-4)","background-image":"","background-repeat":"repeat","background-position":"center center","background-size":"auto","background-attachment":"scroll","background-type":"","background-media":"","overlay-type":"","overlay-color":"","overlay-opacity":"","overlay-gradient":""}},"h5ap_radio_sources":[],"footnotes":""},"class_list":["post-3101","page","type-page","status-publish","hentry"],"_links":{"self":[{"href":"http:\/\/colllearning.info\/CISHE\/wp-json\/wp\/v2\/pages\/3101","targetHints":{"allow":["GET"]}}],"collection":[{"href":"http:\/\/colllearning.info\/CISHE\/wp-json\/wp\/v2\/pages"}],"about":[{"href":"http:\/\/colllearning.info\/CISHE\/wp-json\/wp\/v2\/types\/page"}],"author":[{"embeddable":true,"href":"http:\/\/colllearning.info\/CISHE\/wp-json\/wp\/v2\/users\/1"}],"replies":[{"embeddable":true,"href":"http:\/\/colllearning.info\/CISHE\/wp-json\/wp\/v2\/comments?post=3101"}],"version-history":[{"count":2,"href":"http:\/\/colllearning.info\/CISHE\/wp-json\/wp\/v2\/pages\/3101\/revisions"}],"predecessor-version":[{"id":3107,"href":"http:\/\/colllearning.info\/CISHE\/wp-json\/wp\/v2\/pages\/3101\/revisions\/3107"}],"up":[{"embeddable":true,"href":"http:\/\/colllearning.info\/CISHE\/wp-json\/wp\/v2\/pages\/2676"}],"wp:attachment":[{"href":"http:\/\/colllearning.info\/CISHE\/wp-json\/wp\/v2\/media?parent=3101"}],"curies":[{"name":"wp","href":"https:\/\/api.w.org\/{rel}","templated":true}]}}