{"id":3024,"date":"2023-03-21T17:18:10","date_gmt":"2023-03-21T16:18:10","guid":{"rendered":"http:\/\/colllearning.info\/CISHE\/?page_id=3024"},"modified":"2023-03-28T17:02:29","modified_gmt":"2023-03-28T15:02:29","slug":"le-moigne-jean-louis","status":"publish","type":"page","link":"http:\/\/colllearning.info\/CISHE\/espace-membre\/nouvelles-des-adherents\/le-moigne-jean-louis\/","title":{"rendered":"LE MOIGNE Jean-Louis"},"content":{"rendered":"\n<p>D\u00e9c\u00e9d\u00e9 le 16 novembre 2022.<\/p>\n\n\n\n<p>Jean-Louis Le Moigne faisait parti du Coll\u00e8ge depuis le d\u00e9but. Il \u00e9tait jury de la Ma\u00eetrise et de la Th\u00e8se d&rsquo;Herv\u00e9 Cochet \u00e0 qui il a beaucoup ouvert la compr\u00e9hension \u00e0 la Mod\u00e9lisation de la Complexit\u00e9 qui avec lui n&rsquo;\u00e9tait pas qu&rsquo;un souhait th\u00e9orique.<\/p>\n\n\n\n<p><strong>I. Parcours<\/strong><\/p>\n\n\n\n<p><strong>II. Centres d\u2019int\u00e9r\u00eat<\/strong><br>Lien avec le r\u00e9seau \u00ab&nbsp;Intelligence de la complexit\u00e9&nbsp;\u00bb<\/p>\n\n\n\n<p><strong>III. Publications<\/strong><\/p>\n\n\n\n<p>___&nbsp;<a href=\"https:\/\/www.editions-harmattan.fr\/index.asp?navig=catalogue&amp;obj=livre&amp;no=42493\"><em>EXERCICES CITOYENS DE VEILLE \u00c9PIST\u00c9MOLOGIQUE<\/em><\/a><em>&nbsp;: En bonne intelligence de la complexit\u00e9<\/em>, L\u2019Harmattan, 2014<br>___ &amp; MORIN, Edgard,&nbsp;<a href=\"https:\/\/www.editions-harmattan.fr\/index.asp?navig=catalogue&amp;obj=livre&amp;no=9175&amp;razSqlClone=1\"><em>L\u2019INTELLIGENCE DE LA COMPLEXIT\u00c9<\/em><\/a>, L\u2019Harmattan<\/p>\n","protected":false},"excerpt":{"rendered":"<p>D\u00e9c\u00e9d\u00e9 le 16 novembre 2022. Jean-Louis Le Moigne faisait parti du Coll\u00e8ge depuis le d\u00e9but. Il \u00e9tait jury de la [&hellip;]<\/p>\n","protected":false},"author":1,"featured_media":0,"parent":2676,"menu_order":0,"comment_status":"closed","ping_status":"closed","template":"","meta":{"site-sidebar-layout":"default","site-content-layout":"","ast-site-content-layout":"default","site-content-style":"default","site-sidebar-style":"default","ast-global-header-display":"","ast-banner-title-visibility":"","ast-main-header-display":"","ast-hfb-above-header-display":"","ast-hfb-below-header-display":"","ast-hfb-mobile-header-display":"","site-post-title":"","ast-breadcrumbs-content":"","ast-featured-img":"","footer-sml-layout":"","ast-disable-related-posts":"","theme-transparent-header-meta":"","adv-header-id-meta":"","stick-header-meta":"","header-above-stick-meta":"","header-main-stick-meta":"","header-below-stick-meta":"","astra-migrate-meta-layouts":"default","ast-page-background-enabled":"default","ast-page-background-meta":{"desktop":{"background-color":"var(--ast-global-color-5)","background-image":"","background-repeat":"repeat","background-position":"center center","background-size":"auto","background-attachment":"scroll","background-type":"","background-media":"","overlay-type":"","overlay-color":"","overlay-opacity":"","overlay-gradient":""},"tablet":{"background-color":"","background-image":"","background-repeat":"repeat","background-position":"center center","background-size":"auto","background-attachment":"scroll","background-type":"","background-media":"","overlay-type":"","overlay-color":"","overlay-opacity":"","overlay-gradient":""},"mobile":{"background-color":"","background-image":"","background-repeat":"repeat","background-position":"center center","background-size":"auto","background-attachment":"scroll","background-type":"","background-media":"","overlay-type":"","overlay-color":"","overlay-opacity":"","overlay-gradient":""}},"ast-content-background-meta":{"desktop":{"background-color":"var(--ast-global-color-4)","background-image":"","background-repeat":"repeat","background-position":"center center","background-size":"auto","background-attachment":"scroll","background-type":"","background-media":"","overlay-type":"","overlay-color":"","overlay-opacity":"","overlay-gradient":""},"tablet":{"background-color":"var(--ast-global-color-4)","background-image":"","background-repeat":"repeat","background-position":"center center","background-size":"auto","background-attachment":"scroll","background-type":"","background-media":"","overlay-type":"","overlay-color":"","overlay-opacity":"","overlay-gradient":""},"mobile":{"background-color":"var(--ast-global-color-4)","background-image":"","background-repeat":"repeat","background-position":"center center","background-size":"auto","background-attachment":"scroll","background-type":"","background-media":"","overlay-type":"","overlay-color":"","overlay-opacity":"","overlay-gradient":""}},"h5ap_radio_sources":[],"footnotes":""},"class_list":["post-3024","page","type-page","status-publish","hentry"],"_links":{"self":[{"href":"http:\/\/colllearning.info\/CISHE\/wp-json\/wp\/v2\/pages\/3024","targetHints":{"allow":["GET"]}}],"collection":[{"href":"http:\/\/colllearning.info\/CISHE\/wp-json\/wp\/v2\/pages"}],"about":[{"href":"http:\/\/colllearning.info\/CISHE\/wp-json\/wp\/v2\/types\/page"}],"author":[{"embeddable":true,"href":"http:\/\/colllearning.info\/CISHE\/wp-json\/wp\/v2\/users\/1"}],"replies":[{"embeddable":true,"href":"http:\/\/colllearning.info\/CISHE\/wp-json\/wp\/v2\/comments?post=3024"}],"version-history":[{"count":3,"href":"http:\/\/colllearning.info\/CISHE\/wp-json\/wp\/v2\/pages\/3024\/revisions"}],"predecessor-version":[{"id":3050,"href":"http:\/\/colllearning.info\/CISHE\/wp-json\/wp\/v2\/pages\/3024\/revisions\/3050"}],"up":[{"embeddable":true,"href":"http:\/\/colllearning.info\/CISHE\/wp-json\/wp\/v2\/pages\/2676"}],"wp:attachment":[{"href":"http:\/\/colllearning.info\/CISHE\/wp-json\/wp\/v2\/media?parent=3024"}],"curies":[{"name":"wp","href":"https:\/\/api.w.org\/{rel}","templated":true}]}}