{"id":2980,"date":"2023-03-12T11:00:31","date_gmt":"2023-03-12T10:00:31","guid":{"rendered":"http:\/\/colllearning.info\/CISHE\/?page_id=2980"},"modified":"2023-08-16T18:41:30","modified_gmt":"2023-08-16T16:41:30","slug":"apprendre","status":"publish","type":"page","link":"http:\/\/colllearning.info\/CISHE\/production\/ateliers\/apprendre\/","title":{"rendered":"Apprendre"},"content":{"rendered":"\n<p><a href=\"mailto:apprendre@framalistes.org\" target=\"_blank\" rel=\"noreferrer noopener\">apprendre@framalistes.org<\/a><\/p>\n\n\n\n<h2 class=\"wp-block-heading\">Atelier 3<\/h2>\n\n\n\n<ul class=\"wp-block-list\">\n<li>Pierre Caro<\/li>\n\n\n\n<li>Herv\u00e9 Cochet<\/li>\n\n\n\n<li>Raymonde Ferrandi,<\/li>\n\n\n\n<li>Muriel Grimaldi<\/li>\n\n\n\n<li>Mohamed Harakat<\/li>\n\n\n\n<li>Pierre Landry<\/li>\n\n\n\n<li>Brigitte Tison<\/li>\n<\/ul>\n\n\n\n<p><strong>Qu\u2019est-ce qu&rsquo;apprendre ? <\/strong><\/p>\n\n\n\n<h2 class=\"wp-block-heading\">R\u00e9f\u00e9rences<\/h2>\n\n\n\n<ul class=\"wp-block-list\">\n<li><a href=\"https:\/\/colllearning.info\/CISHE\/education-et-pensee-complexe-chez-edgarmorin\/\">BACHTAR, Abdelkader,<em> \u00c9ducation et pens\u00e9e complexe chez Edgar Morin<\/em><\/a><\/li>\n\n\n\n<li>BEZILLE, H\u00e9l\u00e8ne, COURTOIS, B., <em><a href=\"https:\/\/www.chroniquesociale.com\/pedagogie-formation\/45-penser-la-relation-experience-formation.html\">Penser la relation Exp\u00e9rience\u2013Formation<\/a><\/em>, Lyon, Chronique sociale, 2006<\/li>\n\n\n\n<li>BIASIN, Chiara, \u00ab\u00a0<a href=\"https:\/\/www.cairn.info\/revue-phronesis-2018-3-page-1.htm&amp;wt.src=pdf\">L\u2019apprentissage transformateur : \u00e9tat des lieux et port\u00e9e heuristique d\u2019un construit en d\u00e9veloppement<\/a>\u00ab\u00a0, <em>PHRONESIS<\/em>, Vol 7, 2018\/3<\/li>\n\n\n\n<li>CARRE, Philippe, <a href=\"https:\/\/www.cairn.info\/pourquoi-et-comment-les-adultes-apprennent--9782100798773.htm\"><em>Pourquoi et comment les adultes apprennent. De la formation \u00e0 l&rsquo;apprenance<\/em>,<\/a> Dunod, 2020<\/li>\n\n\n\n<li>CARRE, Philippe, <em><a href=\"https:\/\/www.dunod.com\/sciences-humaines-et-sociales\/apprenance-un-nouveau-rapport-au-savoir\">L&rsquo;Apprenance : vers un nouveau rapport au savoir<\/a><\/em>, Dunod, 2005<\/li>\n\n\n\n<li>Collectif, <a href=\"https:\/\/www.cairn.info\/revue-administration-et-education-2016-4.htm\">Qu&rsquo;est-ce qu&rsquo;apprendre ?<\/a>, A<em>dministration &amp; \u00c9ducation<\/em>, 2016\/4 (N\u00b0 152)<\/li>\n\n\n\n<li>Collectif, <a href=\"https:\/\/www.cahiers-pedagogiques.com\/comment-apprennent-les-eleves\/#\">Comment apprennent les \u00e9l\u00e8ves ?<\/a>, <em>Administration et \u00e9ducation<\/em>, 2010 (N\u00b0 2)<\/li>\n\n\n\n<li>DEBRAY, Rosine, <em><a href=\"https:\/\/www.decitre.fr\/livres\/apprendre-a-penser-9782906704121.html\">Apprendre \u00e0 penser<\/a><\/em>. L<em>e programme d&rsquo;enrichissement instrumental de R. Feuerstein, une issue \u00e0 l&rsquo;\u00e9chec scolaire<\/em>, Eshel, 1989<\/li>\n\n\n\n<li>DEHAENE, Stanislas, <em><a href=\"https:\/\/www.odilejacob.fr\/catalogue\/psychologie\/developpement-de-l-enfant\/apprendre-_9782738145420.php\">Apprendre ! Les talents du cerveau, le d\u00e9fi des machines<\/a>,<\/em> Editions Odile Jacob, 2018<\/li>\n\n\n\n<li>DELORS, Jacques, L&rsquo;Education &#8211; un tr\u00e9sor est cach\u00e9 dedans, Odile Jacob, 1996<\/li>\n\n\n\n<li>FAURE, Edgar, <em><a href=\"https:\/\/unesdoc.unesco.org\/ark:\/48223\/pf0000132982\">Apprendre \u00e0 \u00eatre<\/a><\/em>, UNESCO, Fayard, 1972<\/li>\n\n\n\n<li>GIORDAN, Andr\u00e9,<em> <a href=\"https:\/\/www.belin-editeur.com\/apprendre-0#anchor1\">Apprendre !<\/a>,<\/em> Belin, 2016 [1998]<\/li>\n\n\n\n<li>HOUDE, Olivier, <em><a href=\"https:\/\/www.cairn.info\/le-raisonnement--9782130595250.htm\">Le raisonnement<\/a><\/em>, PUF, 2014<\/li>\n\n\n\n<li>KRISHNAMURTI, <em>Apprendre est l&rsquo;essence de la vie<\/em>, Presses du Chatelet, 2006<\/li>\n\n\n\n<li>LE MEUR, Georges, <em><a href=\"https:\/\/www.chroniquesociale.com\/savoir-communiquer\/499-organiser-sa-pensee-apprendre-a-decider-avec-l-entrainement-mental.html\">Organiser sa pens\u00e9e, apprendre \u00e0 d\u00e9cider avec l\u2019Entra\u00eenement Mental<\/a><\/em>, Lyon, Chronique Sociale, 2009<\/li>\n\n\n\n<li>MORIN, Edgar, <em><a href=\"https:\/\/unesdoc.unesco.org\/ark:\/48223\/pf0000117740_fre\">Les Sept savoirs n\u00e9cessaires \u00e0 l&rsquo;\u00e9ducation du futur<\/a><\/em>, UNESCO, 1999, Seuil, 2000<\/li>\n\n\n\n<li>REBOUL, Olivier, <a href=\"https:\/\/www.cairn.info\/qu-est-ce-qu-apprendre--9782130583066.htm\"><em>Qu&rsquo;est-ce qu&rsquo;apprendre ?<\/em><\/a>, PUF, 1980<\/li>\n\n\n\n<li>SERRES, Michel, <em><a href=\"https:\/\/www.editions-lepommier.fr\/le-tiers-instruit\">Le tiers instruit<\/a><\/em>, Le pommier, 2018 <\/li>\n\n\n\n<li>Sciences cognitives, <em><a href=\"https:\/\/www.sciences-cognitives.fr\/wp-content\/uploads\/2020\/10\/AFSC-Fiches-Theoriques-Definir-apprendre.pdf\">AXE : QU\u2019EST-CE QU\u2019APPRENDRE ?<\/a><\/em>, document en ligne<\/li>\n\n\n\n<li>TARPINIAN, Armen, <em><a href=\"https:\/\/www.decitre.fr\/livres\/l-education-psycho-sociale-a-l-ecole-9782367170923.html#resume\">L\u2019\u00e9ducation psycho-sociale \u00e0 l\u2019\u00e9cole : enjeux et pratiques<\/a><\/em>, Chronique Sociale, 2014<\/li>\n\n\n\n<li>THIEVENAZ, Joris, <em><a href=\"https:\/\/www.deboecksuperieur.com\/ouvrage\/9782807307117-de-l-etonnement-l-apprentissage\">De l&rsquo;\u00e9tonnement \u00e0 l&rsquo;apprentissage : enqu\u00eater pour comprendre<\/a><\/em>, De Boek, 2017<\/li>\n\n\n\n<li>TROCME-FABRE H\u00e9l\u00e8ne, <em><a href=\"https:\/\/www.decitre.fr\/livres\/reinventer-le-metier-d-apprendre-9782708122444.html#resume\">R\u00e9inventer le m\u00e9tier d\u2019apprendre<\/a><\/em>, Les \u00e9ditions d\u2019organisation, 1999<\/li>\n<\/ul>\n","protected":false},"excerpt":{"rendered":"<p>apprendre@framalistes.org Atelier 3 Qu\u2019est-ce qu&rsquo;apprendre ? R\u00e9f\u00e9rences<\/p>\n","protected":false},"author":1,"featured_media":0,"parent":2532,"menu_order":0,"comment_status":"closed","ping_status":"closed","template":"","meta":{"site-sidebar-layout":"default","site-content-layout":"","ast-site-content-layout":"default","site-content-style":"default","site-sidebar-style":"default","ast-global-header-display":"","ast-banner-title-visibility":"","ast-main-header-display":"","ast-hfb-above-header-display":"","ast-hfb-below-header-display":"","ast-hfb-mobile-header-display":"","site-post-title":"","ast-breadcrumbs-content":"","ast-featured-img":"","footer-sml-layout":"","ast-disable-related-posts":"","theme-transparent-header-meta":"","adv-header-id-meta":"","stick-header-meta":"","header-above-stick-meta":"","header-main-stick-meta":"","header-below-stick-meta":"","astra-migrate-meta-layouts":"default","ast-page-background-enabled":"default","ast-page-background-meta":{"desktop":{"background-color":"var(--ast-global-color-5)","background-image":"","background-repeat":"repeat","background-position":"center center","background-size":"auto","background-attachment":"scroll","background-type":"","background-media":"","overlay-type":"","overlay-color":"","overlay-opacity":"","overlay-gradient":""},"tablet":{"background-color":"","background-image":"","background-repeat":"repeat","background-position":"center center","background-size":"auto","background-attachment":"scroll","background-type":"","background-media":"","overlay-type":"","overlay-color":"","overlay-opacity":"","overlay-gradient":""},"mobile":{"background-color":"","background-image":"","background-repeat":"repeat","background-position":"center center","background-size":"auto","background-attachment":"scroll","background-type":"","background-media":"","overlay-type":"","overlay-color":"","overlay-opacity":"","overlay-gradient":""}},"ast-content-background-meta":{"desktop":{"background-color":"var(--ast-global-color-4)","background-image":"","background-repeat":"repeat","background-position":"center center","background-size":"auto","background-attachment":"scroll","background-type":"","background-media":"","overlay-type":"","overlay-color":"","overlay-opacity":"","overlay-gradient":""},"tablet":{"background-color":"var(--ast-global-color-4)","background-image":"","background-repeat":"repeat","background-position":"center center","background-size":"auto","background-attachment":"scroll","background-type":"","background-media":"","overlay-type":"","overlay-color":"","overlay-opacity":"","overlay-gradient":""},"mobile":{"background-color":"var(--ast-global-color-4)","background-image":"","background-repeat":"repeat","background-position":"center center","background-size":"auto","background-attachment":"scroll","background-type":"","background-media":"","overlay-type":"","overlay-color":"","overlay-opacity":"","overlay-gradient":""}},"h5ap_radio_sources":[],"footnotes":""},"class_list":["post-2980","page","type-page","status-publish","hentry"],"_links":{"self":[{"href":"http:\/\/colllearning.info\/CISHE\/wp-json\/wp\/v2\/pages\/2980","targetHints":{"allow":["GET"]}}],"collection":[{"href":"http:\/\/colllearning.info\/CISHE\/wp-json\/wp\/v2\/pages"}],"about":[{"href":"http:\/\/colllearning.info\/CISHE\/wp-json\/wp\/v2\/types\/page"}],"author":[{"embeddable":true,"href":"http:\/\/colllearning.info\/CISHE\/wp-json\/wp\/v2\/users\/1"}],"replies":[{"embeddable":true,"href":"http:\/\/colllearning.info\/CISHE\/wp-json\/wp\/v2\/comments?post=2980"}],"version-history":[{"count":16,"href":"http:\/\/colllearning.info\/CISHE\/wp-json\/wp\/v2\/pages\/2980\/revisions"}],"predecessor-version":[{"id":3185,"href":"http:\/\/colllearning.info\/CISHE\/wp-json\/wp\/v2\/pages\/2980\/revisions\/3185"}],"up":[{"embeddable":true,"href":"http:\/\/colllearning.info\/CISHE\/wp-json\/wp\/v2\/pages\/2532"}],"wp:attachment":[{"href":"http:\/\/colllearning.info\/CISHE\/wp-json\/wp\/v2\/media?parent=2980"}],"curies":[{"name":"wp","href":"https:\/\/api.w.org\/{rel}","templated":true}]}}