{"id":2952,"date":"2023-03-06T10:08:43","date_gmt":"2023-03-06T09:08:43","guid":{"rendered":"http:\/\/colllearning.info\/CISHE\/?page_id=2952"},"modified":"2023-03-06T10:08:43","modified_gmt":"2023-03-06T09:08:43","slug":"plocieniak-claude","status":"publish","type":"page","link":"http:\/\/colllearning.info\/CISHE\/espace-membre\/nouvelles-des-adherents\/plocieniak-claude\/","title":{"rendered":"PLOCIENIAK Claude"},"content":{"rendered":"\n<p>A v\u00e9cu les vingt premi\u00e8res ann\u00e9es de sa vie \u00e0 Alger et en Grande Kabylie. Apr\u00e8s des \u00e9tudes secondaires \u00e0 Alger et Paris, elle devient Docteur en m\u00e9decine en 1965 (Stomatologie et orthodontiste, ancienne EHP,&nbsp; attach\u00e9e de consultation, assistante d\u2019enseignement \u00e0 la Salp\u00eatri\u00e8re). Membre de la Soci\u00e9t\u00e9 des Gens de Lettres, Soci\u00e9taire des Po\u00e8tes Fran\u00e7ais et de l\u2019AIL, etc. Elle a publi\u00e9 de nombreux po\u00e8mes pour lesquels elle a re\u00e7u des premiers prix et des m\u00e9dailles. S\u2019int\u00e9resse aux effets b\u00e9n\u00e9fiques du magn\u00e9sium sur la sant\u00e9 et \u00e0 la conservation de son capital dentaire en bon \u00e9tat jusqu\u2019\u00e0 la fin de ses jours.<\/p>\n\n\n\n<p><a href=\"https:\/\/www.editions-harmattan.fr\/livre-voyages_autour_du_soleil_nouvelles_poetiques_claude_plocieniak-9782343065670-47824.html\"><em>Voyages autour du soleil. Nouvelles po\u00e9tiques<\/em><\/a>, L\u2019Harmattan,2015.<\/p>\n\n\n\n<p><a href=\"https:\/\/www.editions-harmattan.fr\/livre-naufrage_de_kabylie_novembre_1942_claude_plocieniak-9782296996144-38824.html\"><em>Le naufrag\u00e9 de Kabylie. Novembre 1942<\/em><\/a>, L\u2019Harmattan, 2012.<\/p>\n","protected":false},"excerpt":{"rendered":"<p>A v\u00e9cu les vingt premi\u00e8res ann\u00e9es de sa vie \u00e0 Alger et en Grande Kabylie. Apr\u00e8s des \u00e9tudes secondaires \u00e0 [&hellip;]<\/p>\n","protected":false},"author":1,"featured_media":0,"parent":2676,"menu_order":0,"comment_status":"closed","ping_status":"closed","template":"","meta":{"site-sidebar-layout":"default","site-content-layout":"","ast-site-content-layout":"default","site-content-style":"default","site-sidebar-style":"default","ast-global-header-display":"","ast-banner-title-visibility":"","ast-main-header-display":"","ast-hfb-above-header-display":"","ast-hfb-below-header-display":"","ast-hfb-mobile-header-display":"","site-post-title":"","ast-breadcrumbs-content":"","ast-featured-img":"","footer-sml-layout":"","ast-disable-related-posts":"","theme-transparent-header-meta":"","adv-header-id-meta":"","stick-header-meta":"","header-above-stick-meta":"","header-main-stick-meta":"","header-below-stick-meta":"","astra-migrate-meta-layouts":"default","ast-page-background-enabled":"default","ast-page-background-meta":{"desktop":{"background-color":"var(--ast-global-color-5)","background-image":"","background-repeat":"repeat","background-position":"center center","background-size":"auto","background-attachment":"scroll","background-type":"","background-media":"","overlay-type":"","overlay-color":"","overlay-opacity":"","overlay-gradient":""},"tablet":{"background-color":"","background-image":"","background-repeat":"repeat","background-position":"center center","background-size":"auto","background-attachment":"scroll","background-type":"","background-media":"","overlay-type":"","overlay-color":"","overlay-opacity":"","overlay-gradient":""},"mobile":{"background-color":"","background-image":"","background-repeat":"repeat","background-position":"center center","background-size":"auto","background-attachment":"scroll","background-type":"","background-media":"","overlay-type":"","overlay-color":"","overlay-opacity":"","overlay-gradient":""}},"ast-content-background-meta":{"desktop":{"background-color":"var(--ast-global-color-4)","background-image":"","background-repeat":"repeat","background-position":"center center","background-size":"auto","background-attachment":"scroll","background-type":"","background-media":"","overlay-type":"","overlay-color":"","overlay-opacity":"","overlay-gradient":""},"tablet":{"background-color":"var(--ast-global-color-4)","background-image":"","background-repeat":"repeat","background-position":"center center","background-size":"auto","background-attachment":"scroll","background-type":"","background-media":"","overlay-type":"","overlay-color":"","overlay-opacity":"","overlay-gradient":""},"mobile":{"background-color":"var(--ast-global-color-4)","background-image":"","background-repeat":"repeat","background-position":"center center","background-size":"auto","background-attachment":"scroll","background-type":"","background-media":"","overlay-type":"","overlay-color":"","overlay-opacity":"","overlay-gradient":""}},"h5ap_radio_sources":[],"footnotes":""},"class_list":["post-2952","page","type-page","status-publish","hentry"],"_links":{"self":[{"href":"http:\/\/colllearning.info\/CISHE\/wp-json\/wp\/v2\/pages\/2952","targetHints":{"allow":["GET"]}}],"collection":[{"href":"http:\/\/colllearning.info\/CISHE\/wp-json\/wp\/v2\/pages"}],"about":[{"href":"http:\/\/colllearning.info\/CISHE\/wp-json\/wp\/v2\/types\/page"}],"author":[{"embeddable":true,"href":"http:\/\/colllearning.info\/CISHE\/wp-json\/wp\/v2\/users\/1"}],"replies":[{"embeddable":true,"href":"http:\/\/colllearning.info\/CISHE\/wp-json\/wp\/v2\/comments?post=2952"}],"version-history":[{"count":1,"href":"http:\/\/colllearning.info\/CISHE\/wp-json\/wp\/v2\/pages\/2952\/revisions"}],"predecessor-version":[{"id":2953,"href":"http:\/\/colllearning.info\/CISHE\/wp-json\/wp\/v2\/pages\/2952\/revisions\/2953"}],"up":[{"embeddable":true,"href":"http:\/\/colllearning.info\/CISHE\/wp-json\/wp\/v2\/pages\/2676"}],"wp:attachment":[{"href":"http:\/\/colllearning.info\/CISHE\/wp-json\/wp\/v2\/media?parent=2952"}],"curies":[{"name":"wp","href":"https:\/\/api.w.org\/{rel}","templated":true}]}}