{"id":2946,"date":"2023-03-06T10:02:45","date_gmt":"2023-03-06T09:02:45","guid":{"rendered":"http:\/\/colllearning.info\/CISHE\/?page_id=2946"},"modified":"2023-03-06T10:02:45","modified_gmt":"2023-03-06T09:02:45","slug":"guillemard-anne-marie","status":"publish","type":"page","link":"http:\/\/colllearning.info\/CISHE\/espace-membre\/nouvelles-des-adherents\/guillemard-anne-marie\/","title":{"rendered":"GUILLEMARD Anne-Marie"},"content":{"rendered":"\n<p>Sociologue fran\u00e7aise, professeur \u00e9m\u00e9rite \u00e0 l\u2019Universit\u00e9 Paris Descartes. \u00c9l\u00e8ve d\u2019Alain Touraine, elle travaille d\u2019abord sur les questions de l\u2019\u00e2ge avant d\u2019\u00e9largir son champ de recherche et de travailler sur des comparaisons internationales portant sur la protection sociale, les syst\u00e8mes de retraite et l\u2019emploi. Elle est membre du Haut Conseil de la Famille ,de l\u2019Enfance et de l\u2019\u00c2ge depuis sa cr\u00e9ation en 2017.<\/p>\n\n\n\n<p><strong>Parmi ses publications\u00a0:<\/strong><\/p>\n\n\n\n<p>\u00ab&nbsp;La cat\u00e9gorie d\u2019\u00e2ge n\u2019est plus une cat\u00e9gorie pertinente de l\u2019action publique&nbsp;\u00bb, <em>Revue fran\u00e7aise des affaires sociales <\/em>2022-3. Dossier th\u00e9matique \u00ab&nbsp;quelle pertinence de l\u2019\u00e2ge dans les politiques publiques en 2022&nbsp;? p. 147-164.<\/p>\n\n\n\n<p>\u00ab&nbsp;Dans une soci\u00e9t\u00e9 de long\u00e9vit\u00e9, les seniors sont plus qu\u2019une silver economy \u00bb Polytechnique Insights, <em>La revue de l\u2019institut polytechnique de Paris<\/em> Newsletter N\u00b051, 1er juillet 2022, en ligne <a href=\"https:\/\/www.polytechnique-insights.com\/tribunes\/societe\/la-societe-de-longevite-vers-un-silver-economy\/\">https:\/\/www.polytechnique-insights.com\/tribunes\/societe\/la-societe-de-longevite-vers-un-silver-economy\/<\/a><\/p>\n\n\n\n<p>\u00ab&nbsp;Restaurer l\u2019\u00e9quit\u00e9 du pacte de solidarit\u00e9 entre g\u00e9n\u00e9rations&nbsp;: un enjeu majeur de coh\u00e9sion sociale dans une soci\u00e9t\u00e9 de long\u00e9vit\u00e9&nbsp;\u00bb in <a href=\"https:\/\/www.editions-harmattan.fr\/livre-longevite_quelles_solidarite_et_equite_intergenerationnelles_les_cahiers_du_cis_h_n_2-9782343234649-70306.html\"><em>Les Cahiers du CIS.H<\/em><\/a>&nbsp;n\u00b02 Long\u00e9vit\u00e9 : quelles solidarit\u00e9 et \u00e9quit\u00e9 interg\u00e9n\u00e9rationnelles, L\u2019Harmattan, 2021.<\/p>\n\n\n\n<p>\u00ab&nbsp;Crise sanitaire et emploi des seniors&nbsp;:le retour aux mesures d\u2019\u00e2ge et \u00e0 ses apories&nbsp;\u00bb, <a href=\"https:\/\/www.cairn.info\/revue-rimhe-2021-3.htm\"><em>RIMHE-Revue interdisciplinaire Management<\/em>, vol 10, n\u00b044<\/a>, Et\u00e9 2021, p 81-91.<\/p>\n\n\n\n<p>\u00ab&nbsp;La r\u00e9forme universelle des retraites&nbsp;: sa place dans les \u00e9volutions de la protection sociale, son ambition syst\u00e9mique et son retour \u00e0 une logique comptable&nbsp;\u00bb, <a href=\"https:\/\/www.cairn.info\/revue-d-histoire-de-la-protection-sociale-2020-1.htm\"><em>Revue d\u2019histoire de la Protection sociale<\/em>, n\u00b013<\/a>, p 96-119.<\/p>\n\n\n\n<p><a href=\"http:\/\/www.armand-colin.com\/les-defis-du-vieillissement-9782200249205\"><em>Les d\u00e9fis du vieillissement. \u00c2ge, emploi, retraite, perspectives internationales<\/em><\/a>, coll. \u00ab U Sociologie\u00a0\u00bb, Malakoff: Armand Colin, 2010, traduction en japonais, Kyoto 2019.<\/p>\n\n\n\n<p>avec\u00a0MOSCOVA, Elena (dir.),\u00a0<a href=\"https:\/\/editionsladecouverte.fr\/catalogue\/index-Allongement_de_la_vie___Quels_d__fis___Quelles_politiques__-9782707197474.html\"><em>Allongement de la vie Quels d\u00e9fis ? Quelles politiques ?<\/em><\/a>, La D\u00e9couverte, 2017.<\/p>\n","protected":false},"excerpt":{"rendered":"<p>Sociologue fran\u00e7aise, professeur \u00e9m\u00e9rite \u00e0 l\u2019Universit\u00e9 Paris Descartes. \u00c9l\u00e8ve d\u2019Alain Touraine, elle travaille d\u2019abord sur les questions de l\u2019\u00e2ge avant [&hellip;]<\/p>\n","protected":false},"author":1,"featured_media":0,"parent":2676,"menu_order":0,"comment_status":"closed","ping_status":"closed","template":"","meta":{"site-sidebar-layout":"default","site-content-layout":"","ast-site-content-layout":"default","site-content-style":"default","site-sidebar-style":"default","ast-global-header-display":"","ast-banner-title-visibility":"","ast-main-header-display":"","ast-hfb-above-header-display":"","ast-hfb-below-header-display":"","ast-hfb-mobile-header-display":"","site-post-title":"","ast-breadcrumbs-content":"","ast-featured-img":"","footer-sml-layout":"","ast-disable-related-posts":"","theme-transparent-header-meta":"","adv-header-id-meta":"","stick-header-meta":"","header-above-stick-meta":"","header-main-stick-meta":"","header-below-stick-meta":"","astra-migrate-meta-layouts":"default","ast-page-background-enabled":"default","ast-page-background-meta":{"desktop":{"background-color":"var(--ast-global-color-5)","background-image":"","background-repeat":"repeat","background-position":"center center","background-size":"auto","background-attachment":"scroll","background-type":"","background-media":"","overlay-type":"","overlay-color":"","overlay-opacity":"","overlay-gradient":""},"tablet":{"background-color":"","background-image":"","background-repeat":"repeat","background-position":"center center","background-size":"auto","background-attachment":"scroll","background-type":"","background-media":"","overlay-type":"","overlay-color":"","overlay-opacity":"","overlay-gradient":""},"mobile":{"background-color":"","background-image":"","background-repeat":"repeat","background-position":"center center","background-size":"auto","background-attachment":"scroll","background-type":"","background-media":"","overlay-type":"","overlay-color":"","overlay-opacity":"","overlay-gradient":""}},"ast-content-background-meta":{"desktop":{"background-color":"var(--ast-global-color-4)","background-image":"","background-repeat":"repeat","background-position":"center center","background-size":"auto","background-attachment":"scroll","background-type":"","background-media":"","overlay-type":"","overlay-color":"","overlay-opacity":"","overlay-gradient":""},"tablet":{"background-color":"var(--ast-global-color-4)","background-image":"","background-repeat":"repeat","background-position":"center center","background-size":"auto","background-attachment":"scroll","background-type":"","background-media":"","overlay-type":"","overlay-color":"","overlay-opacity":"","overlay-gradient":""},"mobile":{"background-color":"var(--ast-global-color-4)","background-image":"","background-repeat":"repeat","background-position":"center center","background-size":"auto","background-attachment":"scroll","background-type":"","background-media":"","overlay-type":"","overlay-color":"","overlay-opacity":"","overlay-gradient":""}},"h5ap_radio_sources":[],"footnotes":""},"class_list":["post-2946","page","type-page","status-publish","hentry"],"_links":{"self":[{"href":"http:\/\/colllearning.info\/CISHE\/wp-json\/wp\/v2\/pages\/2946","targetHints":{"allow":["GET"]}}],"collection":[{"href":"http:\/\/colllearning.info\/CISHE\/wp-json\/wp\/v2\/pages"}],"about":[{"href":"http:\/\/colllearning.info\/CISHE\/wp-json\/wp\/v2\/types\/page"}],"author":[{"embeddable":true,"href":"http:\/\/colllearning.info\/CISHE\/wp-json\/wp\/v2\/users\/1"}],"replies":[{"embeddable":true,"href":"http:\/\/colllearning.info\/CISHE\/wp-json\/wp\/v2\/comments?post=2946"}],"version-history":[{"count":1,"href":"http:\/\/colllearning.info\/CISHE\/wp-json\/wp\/v2\/pages\/2946\/revisions"}],"predecessor-version":[{"id":2947,"href":"http:\/\/colllearning.info\/CISHE\/wp-json\/wp\/v2\/pages\/2946\/revisions\/2947"}],"up":[{"embeddable":true,"href":"http:\/\/colllearning.info\/CISHE\/wp-json\/wp\/v2\/pages\/2676"}],"wp:attachment":[{"href":"http:\/\/colllearning.info\/CISHE\/wp-json\/wp\/v2\/media?parent=2946"}],"curies":[{"name":"wp","href":"https:\/\/api.w.org\/{rel}","templated":true}]}}