{"id":2939,"date":"2023-03-06T09:50:26","date_gmt":"2023-03-06T08:50:26","guid":{"rendered":"http:\/\/colllearning.info\/CISHE\/?page_id=2939"},"modified":"2023-03-06T09:50:26","modified_gmt":"2023-03-06T08:50:26","slug":"bertaut-pierre","status":"publish","type":"page","link":"http:\/\/colllearning.info\/CISHE\/espace-membre\/nouvelles-des-adherents\/bertaut-pierre\/","title":{"rendered":"BERTAUT Pierre"},"content":{"rendered":"\n<p>Sociologue. Ancien responsable de l\u2019association Information D\u00e9fense Action Retraite (IDAR) qui a fusionn\u00e9 avec le CIS.H en 2022.<\/p>\n\n\n\n<p><a href=\"https:\/\/www.editions-harmattan.fr\/livre-la_solidarite_des_generations_c_est_l_avenir_michel_cotto_pierre_bertaut-9782343042978-44519.html\"><em>La solidarit\u00e9 des g\u00e9n\u00e9rations, c\u2019est l\u2019avenir&nbsp;!<\/em><\/a>, L\u2019Harmattan, 2014<\/p>\n","protected":false},"excerpt":{"rendered":"<p>Sociologue. Ancien responsable de l\u2019association Information D\u00e9fense Action Retraite (IDAR) qui a fusionn\u00e9 avec le CIS.H en 2022. La solidarit\u00e9 [&hellip;]<\/p>\n","protected":false},"author":1,"featured_media":0,"parent":2676,"menu_order":0,"comment_status":"closed","ping_status":"closed","template":"","meta":{"site-sidebar-layout":"default","site-content-layout":"","ast-site-content-layout":"default","site-content-style":"default","site-sidebar-style":"default","ast-global-header-display":"","ast-banner-title-visibility":"","ast-main-header-display":"","ast-hfb-above-header-display":"","ast-hfb-below-header-display":"","ast-hfb-mobile-header-display":"","site-post-title":"","ast-breadcrumbs-content":"","ast-featured-img":"","footer-sml-layout":"","ast-disable-related-posts":"","theme-transparent-header-meta":"","adv-header-id-meta":"","stick-header-meta":"","header-above-stick-meta":"","header-main-stick-meta":"","header-below-stick-meta":"","astra-migrate-meta-layouts":"default","ast-page-background-enabled":"default","ast-page-background-meta":{"desktop":{"background-color":"var(--ast-global-color-5)","background-image":"","background-repeat":"repeat","background-position":"center center","background-size":"auto","background-attachment":"scroll","background-type":"","background-media":"","overlay-type":"","overlay-color":"","overlay-opacity":"","overlay-gradient":""},"tablet":{"background-color":"","background-image":"","background-repeat":"repeat","background-position":"center center","background-size":"auto","background-attachment":"scroll","background-type":"","background-media":"","overlay-type":"","overlay-color":"","overlay-opacity":"","overlay-gradient":""},"mobile":{"background-color":"","background-image":"","background-repeat":"repeat","background-position":"center center","background-size":"auto","background-attachment":"scroll","background-type":"","background-media":"","overlay-type":"","overlay-color":"","overlay-opacity":"","overlay-gradient":""}},"ast-content-background-meta":{"desktop":{"background-color":"var(--ast-global-color-4)","background-image":"","background-repeat":"repeat","background-position":"center center","background-size":"auto","background-attachment":"scroll","background-type":"","background-media":"","overlay-type":"","overlay-color":"","overlay-opacity":"","overlay-gradient":""},"tablet":{"background-color":"var(--ast-global-color-4)","background-image":"","background-repeat":"repeat","background-position":"center center","background-size":"auto","background-attachment":"scroll","background-type":"","background-media":"","overlay-type":"","overlay-color":"","overlay-opacity":"","overlay-gradient":""},"mobile":{"background-color":"var(--ast-global-color-4)","background-image":"","background-repeat":"repeat","background-position":"center center","background-size":"auto","background-attachment":"scroll","background-type":"","background-media":"","overlay-type":"","overlay-color":"","overlay-opacity":"","overlay-gradient":""}},"h5ap_radio_sources":[],"footnotes":""},"class_list":["post-2939","page","type-page","status-publish","hentry"],"_links":{"self":[{"href":"http:\/\/colllearning.info\/CISHE\/wp-json\/wp\/v2\/pages\/2939","targetHints":{"allow":["GET"]}}],"collection":[{"href":"http:\/\/colllearning.info\/CISHE\/wp-json\/wp\/v2\/pages"}],"about":[{"href":"http:\/\/colllearning.info\/CISHE\/wp-json\/wp\/v2\/types\/page"}],"author":[{"embeddable":true,"href":"http:\/\/colllearning.info\/CISHE\/wp-json\/wp\/v2\/users\/1"}],"replies":[{"embeddable":true,"href":"http:\/\/colllearning.info\/CISHE\/wp-json\/wp\/v2\/comments?post=2939"}],"version-history":[{"count":1,"href":"http:\/\/colllearning.info\/CISHE\/wp-json\/wp\/v2\/pages\/2939\/revisions"}],"predecessor-version":[{"id":2940,"href":"http:\/\/colllearning.info\/CISHE\/wp-json\/wp\/v2\/pages\/2939\/revisions\/2940"}],"up":[{"embeddable":true,"href":"http:\/\/colllearning.info\/CISHE\/wp-json\/wp\/v2\/pages\/2676"}],"wp:attachment":[{"href":"http:\/\/colllearning.info\/CISHE\/wp-json\/wp\/v2\/media?parent=2939"}],"curies":[{"name":"wp","href":"https:\/\/api.w.org\/{rel}","templated":true}]}}