{"id":2714,"date":"2022-08-26T08:36:05","date_gmt":"2022-08-26T06:36:05","guid":{"rendered":"http:\/\/colllearning.info\/CISHE\/?page_id=2714"},"modified":"2023-03-06T10:12:37","modified_gmt":"2023-03-06T09:12:37","slug":"calderaro-norbert","status":"publish","type":"page","link":"http:\/\/colllearning.info\/CISHE\/espace-membre\/nouvelles-des-adherents\/calderaro-norbert\/","title":{"rendered":"CALDERARO Norbert"},"content":{"rendered":"\n<h4 class=\"wp-block-heading\">I. PARCOURS<\/h4>\n\n\n\n<h4 class=\"wp-block-heading\">II. Centres d\u2019int\u00e9r\u00eat<\/h4>\n\n\n\n<p><a href=\"http:\/\/colllearning.info\/CISHE\/interview-de-norbert-calderaro\/\" data-type=\"post\" data-id=\"2466\">Interview de Norbert Calderaro par Michel Bernard<\/a><\/p>\n\n\n\n<h4 class=\"wp-block-heading\">III. Publications<\/h4>\n\n\n\n<p>___&nbsp;<em>&#8230;<a rel=\"noreferrer noopener\" href=\"https:\/\/www.editions-harmattan.fr\/livre-2222_roman_norbert_calderaro-9782384173396-73883.html\" target=\"_blank\">2222<\/a>&#8230;<\/em>, Les impliqu\u00e9s, 2022<br>___&nbsp;<em><a rel=\"noreferrer noopener\" href=\"https:\/\/www.editions-harmattan.fr\/lihttps:\/\/www.editions-harmattan.fr\/livre-2050_norbert_calderaro-9782343238210-70857.htmlvre-2050_norbert_calderaro-9782343238210-70857.html\" target=\"_blank\">2050<\/a>&#8230;<\/em>, Les impliqu\u00e9s, 2021<br>___&nbsp;<em><a rel=\"noreferrer noopener\" href=\"https:\/\/www.editions-harmattan.fr\/livre-la_resistance_spirituelle_norbert_calderaro-9782343202754-66241.html\" target=\"_blank\">LA R\u00c9SISTANCE SPIRITUELLE<\/a><\/em>, Les impliqu\u00e9s, 2020<br>___&nbsp;<a rel=\"noreferrer noopener\" href=\"https:\/\/www.editions-harmattan.fr\/index.asp?navig=catalogue&amp;obj=livre&amp;no=63595\" target=\"_blank\"><em>HARMONIES SUR L\u2019AMOUR INFINI<\/em><\/a>, L\u2019Harmattan, 2019<br>___&nbsp;<em><a rel=\"noreferrer noopener\" href=\"https:\/\/www.editions-harmattan.fr\/index.asp?navig=catalogue&amp;obj=livre&amp;no=54788\" target=\"_blank\">VARIATIONS SUR L\u2019AMOUR INFINI<\/a><\/em>, L\u2019Harmattan, 2017<br>___&nbsp;<a rel=\"noreferrer noopener\" href=\"https:\/\/www.editions-harmattan.fr\/index.asp?navig=catalogue&amp;obj=livre&amp;no=48533&amp;razSqlClone=1\" target=\"_blank\"><em>LE PRINCIPE DE PR\u00c9CAUTION&nbsp;<\/em><\/a><em>: Au carrefour de la philosophie, du droit et des sciences<\/em>, L\u2019Harmattan, 2015<br>___&nbsp;<em>Le littoral<\/em>, \u00e9ditions Le Moniteur, collection Analyse juridique, 2005<br>___&nbsp;<em>Loi littoral et loi montagne, guide de jurisprudence comment\u00e9e<\/em>, \u00e9ditions EFE (Edition Formation Entreprise), 2005<\/p>\n","protected":false},"excerpt":{"rendered":"<p>I. PARCOURS II. Centres d\u2019int\u00e9r\u00eat Interview de Norbert Calderaro par Michel Bernard III. Publications ___&nbsp;&#8230;2222&#8230;, Les impliqu\u00e9s, 2022___&nbsp;2050&#8230;, Les impliqu\u00e9s, [&hellip;]<\/p>\n","protected":false},"author":1,"featured_media":0,"parent":2676,"menu_order":0,"comment_status":"closed","ping_status":"closed","template":"","meta":{"site-sidebar-layout":"default","site-content-layout":"","ast-site-content-layout":"default","site-content-style":"default","site-sidebar-style":"default","ast-global-header-display":"","ast-banner-title-visibility":"","ast-main-header-display":"","ast-hfb-above-header-display":"","ast-hfb-below-header-display":"","ast-hfb-mobile-header-display":"","site-post-title":"","ast-breadcrumbs-content":"","ast-featured-img":"","footer-sml-layout":"","ast-disable-related-posts":"","theme-transparent-header-meta":"","adv-header-id-meta":"","stick-header-meta":"","header-above-stick-meta":"","header-main-stick-meta":"","header-below-stick-meta":"","astra-migrate-meta-layouts":"default","ast-page-background-enabled":"default","ast-page-background-meta":{"desktop":{"background-color":"var(--ast-global-color-5)","background-image":"","background-repeat":"repeat","background-position":"center center","background-size":"auto","background-attachment":"scroll","background-type":"","background-media":"","overlay-type":"","overlay-color":"","overlay-opacity":"","overlay-gradient":""},"tablet":{"background-color":"","background-image":"","background-repeat":"repeat","background-position":"center center","background-size":"auto","background-attachment":"scroll","background-type":"","background-media":"","overlay-type":"","overlay-color":"","overlay-opacity":"","overlay-gradient":""},"mobile":{"background-color":"","background-image":"","background-repeat":"repeat","background-position":"center center","background-size":"auto","background-attachment":"scroll","background-type":"","background-media":"","overlay-type":"","overlay-color":"","overlay-opacity":"","overlay-gradient":""}},"ast-content-background-meta":{"desktop":{"background-color":"var(--ast-global-color-4)","background-image":"","background-repeat":"repeat","background-position":"center center","background-size":"auto","background-attachment":"scroll","background-type":"","background-media":"","overlay-type":"","overlay-color":"","overlay-opacity":"","overlay-gradient":""},"tablet":{"background-color":"var(--ast-global-color-4)","background-image":"","background-repeat":"repeat","background-position":"center center","background-size":"auto","background-attachment":"scroll","background-type":"","background-media":"","overlay-type":"","overlay-color":"","overlay-opacity":"","overlay-gradient":""},"mobile":{"background-color":"var(--ast-global-color-4)","background-image":"","background-repeat":"repeat","background-position":"center center","background-size":"auto","background-attachment":"scroll","background-type":"","background-media":"","overlay-type":"","overlay-color":"","overlay-opacity":"","overlay-gradient":""}},"h5ap_radio_sources":[],"footnotes":""},"class_list":["post-2714","page","type-page","status-publish","hentry"],"_links":{"self":[{"href":"http:\/\/colllearning.info\/CISHE\/wp-json\/wp\/v2\/pages\/2714","targetHints":{"allow":["GET"]}}],"collection":[{"href":"http:\/\/colllearning.info\/CISHE\/wp-json\/wp\/v2\/pages"}],"about":[{"href":"http:\/\/colllearning.info\/CISHE\/wp-json\/wp\/v2\/types\/page"}],"author":[{"embeddable":true,"href":"http:\/\/colllearning.info\/CISHE\/wp-json\/wp\/v2\/users\/1"}],"replies":[{"embeddable":true,"href":"http:\/\/colllearning.info\/CISHE\/wp-json\/wp\/v2\/comments?post=2714"}],"version-history":[{"count":2,"href":"http:\/\/colllearning.info\/CISHE\/wp-json\/wp\/v2\/pages\/2714\/revisions"}],"predecessor-version":[{"id":2718,"href":"http:\/\/colllearning.info\/CISHE\/wp-json\/wp\/v2\/pages\/2714\/revisions\/2718"}],"up":[{"embeddable":true,"href":"http:\/\/colllearning.info\/CISHE\/wp-json\/wp\/v2\/pages\/2676"}],"wp:attachment":[{"href":"http:\/\/colllearning.info\/CISHE\/wp-json\/wp\/v2\/media?parent=2714"}],"curies":[{"name":"wp","href":"https:\/\/api.w.org\/{rel}","templated":true}]}}