{"id":2676,"date":"2022-08-19T09:22:03","date_gmt":"2022-08-19T07:22:03","guid":{"rendered":"http:\/\/colllearning.info\/CISHE\/?page_id=2676"},"modified":"2025-06-12T11:28:26","modified_gmt":"2025-06-12T09:28:26","slug":"nouvelles-des-adherents","status":"publish","type":"page","link":"http:\/\/colllearning.info\/CISHE\/espace-membre\/nouvelles-des-adherents\/","title":{"rendered":"Nouvelles des adh\u00e9rents"},"content":{"rendered":"\n<p>*<em>BERNARD Michel<\/em><\/p>\n\n\n\n<p><a href=\"http:\/\/colllearning.info\/CISHE\/espace-membre\/nouvelles-des-adherents\/bertaut-pierre\/\" data-type=\"page\" data-id=\"2939\"><strong>BERTAUT Pierre<\/strong><\/a><\/p>\n\n\n\n<p><strong><a href=\"http:\/\/colllearning.info\/CISHE\/calderaro-norbert\/\" data-type=\"page\" data-id=\"2714\">CALDERARO Norbert<\/a><\/strong><\/p>\n\n\n\n<p><strong><a href=\"http:\/\/colllearning.info\/CISHE\/espace-membre\/nouvelles-des-adherents\/caro-pierre\/\" data-type=\"page\" data-id=\"3266\">CARO Pierre<\/a><\/strong><\/p>\n\n\n\n<p>*<em>CHOUIKI Mustapha<\/em><\/p>\n\n\n\n<p><strong><a href=\"http:\/\/colllearning.info\/CISHE\/cochet-herve\/\" data-type=\"page\" data-id=\"2941\">COCHET Herv\u00e9<\/a><\/strong><\/p>\n\n\n\n<p><strong><a href=\"http:\/\/colllearning.info\/CISHE\/espace-membre\/nouvelles-des-adherents\/grimaldi-muriel\/\" data-type=\"page\" data-id=\"2944\">GRIMAMDI Muriel<\/a><\/strong><\/p>\n\n\n\n<p><strong><a href=\"http:\/\/colllearning.info\/CISHE\/espace-membre\/nouvelles-des-adherents\/guillemard-anne-marie\/\" data-type=\"page\" data-id=\"2946\">GUILLEMARD Anne-Marie<\/a><\/strong><\/p>\n\n\n\n<p><a href=\"http:\/\/colllearning.info\/CISHE\/espace-membre\/nouvelles-des-adherents\/harakat-mohamed\/\" data-type=\"page\" data-id=\"3101\"><strong>HARAKAT Mohamed<\/strong><\/a><\/p>\n\n\n\n<p><strong><a href=\"http:\/\/colllearning.info\/CISHE\/espace-membre\/nouvelles-des-adherents\/landry-pierre\/\" data-type=\"page\" data-id=\"2948\">LANDRY Pierre<\/a><\/strong><\/p>\n\n\n\n<p>*<strong><a href=\"http:\/\/colllearning.info\/CISHE\/espace-membre\/nouvelles-des-adherents\/le-moigne-jean-louis\/\" data-type=\"page\" data-id=\"3024\"><em>LE MOIGNE Jean-Louis<\/em><\/a><\/strong><\/p>\n\n\n\n<p>*<a href=\"http:\/\/colllearning.info\/CISHE\/espace-membre\/nouvelles-des-adherents\/michel-anne\/\" data-type=\"page\" data-id=\"3026\"><strong><em>MICHEL Anne<\/em><\/strong><\/a><\/p>\n\n\n\n<p>*<strong><a href=\"http:\/\/colllearning.info\/CISHE\/espace-membre\/nouvelles-des-adherents\/nafilyan-gerard\/\" data-type=\"page\" data-id=\"3030\"><em>NAFILYAN G\u00e9rard<\/em><\/a><\/strong><\/p>\n\n\n\n<p><strong><a href=\"http:\/\/colllearning.info\/CISHE\/espace-membre\/nouvelles-des-adherents\/ndimurukundo\/\" data-type=\"page\" data-id=\"2950\">NDIMURUKUNDO Barbara<\/a><\/strong><\/p>\n\n\n\n<p><strong><a href=\"http:\/\/colllearning.info\/CISHE\/espace-membre\/nouvelles-des-adherents\/plocieniak-claude\/\" data-type=\"page\" data-id=\"2952\">PLOCIENIAK Claude<\/a><\/strong><\/p>\n\n\n\n<p><strong><a href=\"http:\/\/colllearning.info\/CISHE\/espace-membre\/nouvelles-des-adherents\/summa-francine\/\" data-type=\"page\" data-id=\"2954\">SUMMA Francine<\/a><\/strong><\/p>\n\n\n\n<p><strong><a href=\"http:\/\/colllearning.info\/CISHE\/espace-membre\/nouvelles-des-adherents\/tanoh-barthelemy\/\" data-type=\"page\" data-id=\"2678\">TANOH Barth\u00e9lemy<\/a><\/strong><\/p>\n\n\n\n<p><strong><a href=\"http:\/\/colllearning.info\/CISHE\/espace-membre\/nouvelles-des-adherents\/tison-brigitte\/\" data-type=\"page\" data-id=\"2956\">TISON Brigitte<\/a><\/strong><\/p>\n\n\n\n<p>*<strong><a href=\"http:\/\/colllearning.info\/CISHE\/espace-membre\/nouvelles-des-adherents\/villereau-claude\/\" data-type=\"page\" data-id=\"3019\"><em>VILLEREAU Claude<\/em><\/a><\/strong><\/p>\n\n\n\n<p><a href=\"https:\/\/colllearning.info\/CISHE\/wajs-clara\/\" data-type=\"page\" data-id=\"3977\"><strong>WAJS Clara<\/strong><\/a><\/p>\n\n\n\n<p>(*) d\u00e9c\u00e9d\u00e9<\/p>\n\n\n\n<p><\/p>\n","protected":false},"excerpt":{"rendered":"<p>*BERNARD Michel BERTAUT Pierre CALDERARO Norbert CARO Pierre *CHOUIKI Mustapha COCHET Herv\u00e9 GRIMAMDI Muriel GUILLEMARD Anne-Marie HARAKAT Mohamed LANDRY Pierre [&hellip;]<\/p>\n","protected":false},"author":1,"featured_media":0,"parent":83,"menu_order":0,"comment_status":"closed","ping_status":"closed","template":"","meta":{"site-sidebar-layout":"default","site-content-layout":"","ast-site-content-layout":"default","site-content-style":"default","site-sidebar-style":"default","ast-global-header-display":"","ast-banner-title-visibility":"","ast-main-header-display":"","ast-hfb-above-header-display":"","ast-hfb-below-header-display":"","ast-hfb-mobile-header-display":"","site-post-title":"","ast-breadcrumbs-content":"","ast-featured-img":"","footer-sml-layout":"","ast-disable-related-posts":"","theme-transparent-header-meta":"","adv-header-id-meta":"","stick-header-meta":"","header-above-stick-meta":"","header-main-stick-meta":"","header-below-stick-meta":"","astra-migrate-meta-layouts":"default","ast-page-background-enabled":"default","ast-page-background-meta":{"desktop":{"background-color":"var(--ast-global-color-5)","background-image":"","background-repeat":"repeat","background-position":"center center","background-size":"auto","background-attachment":"scroll","background-type":"","background-media":"","overlay-type":"","overlay-color":"","overlay-opacity":"","overlay-gradient":""},"tablet":{"background-color":"","background-image":"","background-repeat":"repeat","background-position":"center center","background-size":"auto","background-attachment":"scroll","background-type":"","background-media":"","overlay-type":"","overlay-color":"","overlay-opacity":"","overlay-gradient":""},"mobile":{"background-color":"","background-image":"","background-repeat":"repeat","background-position":"center center","background-size":"auto","background-attachment":"scroll","background-type":"","background-media":"","overlay-type":"","overlay-color":"","overlay-opacity":"","overlay-gradient":""}},"ast-content-background-meta":{"desktop":{"background-color":"var(--ast-global-color-4)","background-image":"","background-repeat":"repeat","background-position":"center center","background-size":"auto","background-attachment":"scroll","background-type":"","background-media":"","overlay-type":"","overlay-color":"","overlay-opacity":"","overlay-gradient":""},"tablet":{"background-color":"var(--ast-global-color-4)","background-image":"","background-repeat":"repeat","background-position":"center center","background-size":"auto","background-attachment":"scroll","background-type":"","background-media":"","overlay-type":"","overlay-color":"","overlay-opacity":"","overlay-gradient":""},"mobile":{"background-color":"var(--ast-global-color-4)","background-image":"","background-repeat":"repeat","background-position":"center center","background-size":"auto","background-attachment":"scroll","background-type":"","background-media":"","overlay-type":"","overlay-color":"","overlay-opacity":"","overlay-gradient":""}},"h5ap_radio_sources":[],"footnotes":""},"class_list":["post-2676","page","type-page","status-publish","hentry"],"_links":{"self":[{"href":"http:\/\/colllearning.info\/CISHE\/wp-json\/wp\/v2\/pages\/2676","targetHints":{"allow":["GET"]}}],"collection":[{"href":"http:\/\/colllearning.info\/CISHE\/wp-json\/wp\/v2\/pages"}],"about":[{"href":"http:\/\/colllearning.info\/CISHE\/wp-json\/wp\/v2\/types\/page"}],"author":[{"embeddable":true,"href":"http:\/\/colllearning.info\/CISHE\/wp-json\/wp\/v2\/users\/1"}],"replies":[{"embeddable":true,"href":"http:\/\/colllearning.info\/CISHE\/wp-json\/wp\/v2\/comments?post=2676"}],"version-history":[{"count":25,"href":"http:\/\/colllearning.info\/CISHE\/wp-json\/wp\/v2\/pages\/2676\/revisions"}],"predecessor-version":[{"id":3979,"href":"http:\/\/colllearning.info\/CISHE\/wp-json\/wp\/v2\/pages\/2676\/revisions\/3979"}],"up":[{"embeddable":true,"href":"http:\/\/colllearning.info\/CISHE\/wp-json\/wp\/v2\/pages\/83"}],"wp:attachment":[{"href":"http:\/\/colllearning.info\/CISHE\/wp-json\/wp\/v2\/media?parent=2676"}],"curies":[{"name":"wp","href":"https:\/\/api.w.org\/{rel}","templated":true}]}}