{"id":2552,"date":"2022-06-07T18:49:44","date_gmt":"2022-06-07T16:49:44","guid":{"rendered":"http:\/\/colllearning.info\/CISHE\/?page_id=2552"},"modified":"2022-07-02T18:00:28","modified_gmt":"2022-07-02T16:00:28","slug":"ce-qui-sen-va-et-ce-qui-sen-vient","status":"publish","type":"page","link":"http:\/\/colllearning.info\/CISHE\/ce-qui-sen-va-et-ce-qui-sen-vient\/","title":{"rendered":"ce qui s&rsquo;en va et ce qui s&rsquo;en vient"},"content":{"rendered":"\n<p><strong>I -D\u00e9finitio<\/strong>n<br>D\u00e9finition Google : Ce qui s\u2019en va, ce qui s\u2019en vient locution qui correspond au bonheur :<br>Pour \u00eatre heureux dans la vie, il faut laisser partir ce qui s\u2019en va, laisser venir ce qui s\u2019en vient.<br>Crit\u00e8res du ce qui s\u2019en va, et de ce qui s\u2019en vient<br>1- Notion de temps : Le pass\u00e9 \u2013 L\u2019 avenir<br>2- Notion qualitative : Le pass\u00e9 est-il moins bien ? L\u2019avenir est-il mieux ? Ou vice versa.<br>3- Notion statique de celui\/celle qui vit dans cette mouvance. Subit le changement :<br>l\u2019Homme ne se baigne jamais dans la m\u00eame eau.<br><\/p>\n\n\n\n<p><strong>II- Applications<\/strong><br><em><strong>II.1 LES \u00ab\u00a0CE QUI S\u2019EN VA\u00a0\u00bb<\/strong><\/em><br>Politique :<br>Les changements de r\u00e9gimes ont- ils \u00e9t\u00e9 meilleurs ? Ils ont chang\u00e9 les soci\u00e9t\u00e9s en<br>d\u00e9truisant les institutions r\u00e9gnantes pour un monde nouveau :<\/p>\n\n\n\n<p>La chute de Rome pour une civilisation chr\u00e9tienne 800 ans<\/p>\n\n\n\n<p>Dark Ages : retour en arri\u00e8re : de la civilisation romaine tr\u00e8s raffin\u00e9e aux invasions<br>barbares.<\/p>\n\n\n\n<p>Attila et Sainte-Genevi\u00e8ve<\/p>\n\n\n\n<p>Le Saint Empire Romano- Germanique \/ Les Royaumes\/ Les monarchies absolues.<\/p>\n\n\n\n<p>R\u00e9volution fran\u00e7aise : Fin des privil\u00e8ges, Droits de l\u2019Homme<\/p>\n\n\n\n<p>Le Romantisme : P\u00e9riode de transition avec les mouvements sociaux du 19e :<br>ouvriers, prol\u00e9tariat contre les riches patrons.<\/p>\n\n\n\n<p>Les R\u00e9volutions du 19e : 1830, 1848<\/p>\n\n\n\n<p>Les deux guerres mondiales en Europe :<br>o 1914 : Fin des empires Autriche-Hongrie,Ottoman et russe_<br>o 1939\/45 : Av\u00e8nement du communisme dans les pays occidentaux<\/p>\n\n\n\n<p>1990 : Fin de l\u2019URSS : \u00c9clatement des pays satellites \u2013 ouverture \u00e0 l\u2019Occident- adh\u00e9sion<br>\u00e0 l\u2019UE.<\/p>\n\n\n\n<p>Revendication d\u2019ind\u00e9pendance : KOSOVO.<\/p>\n\n\n\n<p>11\/09\/2001 : Word Trade Center<\/p>\n\n\n\n<p>2001 : Islam Politique<\/p>\n\n\n\n<p>2001=> 2020 : CHOC DE CIVILISATIONS : Occident \/ Islam politique-<br>Les nouveaux blocs \u00e9conomico-politiques depuis les ann\u00e9es 1980<\/p>\n\n\n\n<p>Les pays \u00e9mergents par le p\u00e9trole, les BRIC : Br\u00e9sil, Russie, Inde et la Chine<br>o industrie (m\u00e9tallurgie, fabrication : textile, manufactures (contrefa\u00e7ons<br>m\u00e9diocres), sous-traitance pour les fabricants US et UE)<\/p>\n\n\n\n<p>Les pays \u00e9merg\u00e9s : Chine\/ Russie<\/p>\n\n\n\n<p>Les pays communistes-r\u00e9volutionnaires anti \u00c9.-U. : Cor\u00e9e du Nord \u2013 Iran<\/p>\n\n\n\n<p>L\u2019UE ?<\/p>\n\n\n\n<p>Les \u00c9.-U., pionniers et premiers du monde occidental : libert\u00e9, free entreprise,<br>d\u00e9mocratie chr\u00e9tienne, mais ouverte \u00e0 tous.<\/p>\n\n\n\n<p>L\u2019Afrique toujours probl\u00e9matique.<br><strong><em>II.2 LES \u00ab\u00a0CE QUI S\u2019EN VIENT\u00a0\u00bb DE 2020 :<\/em><\/strong><br>Le Monde de ce qui s\u2019en vient :<\/p>\n\n\n\n<p>Mondial : Paix ?<\/p>\n\n\n\n<p>Mondialisation ou communautarisme<\/p>\n\n\n\n<p>\u00c9cologie ?<\/p>\n\n\n\n<p>Changement climatique ?<\/p>\n\n\n\n<p>Intelligence artificielle omnipr\u00e9sente ?<\/p>\n\n\n\n<p>Ou<\/p>\n\n\n\n<p>Retour en barbarie ?<\/p>\n\n\n\n<p>Coexistence de deux extr\u00eames : civilisation hyper technique et obscurantisme<\/p>\n\n\n\n<p>Soci\u00e9tal : Quelle place de l\u2019Homme dans la soci\u00e9t\u00e9 ?<\/p>\n\n\n\n<p>Les \u00e2ges : Inversion des valeurs traditionnelles : <br>Place de l\u2019enfant dans la soci\u00e9t\u00e9 ; Supr\u00e9matie de l\u2019enfant ; int\u00e9r\u00eat sup\u00e9rieur,<br>Convention internationale des droits de l\u2019Enfant , droit \u00e0 la parole, p\u00e9dophilie,<\/p>\n\n\n\n<p>Adulte : 25\/30 => 45\/50= plein \u00e9panouissement personnel et professionnel dans<br>l\u2019entreprise ou la Start- up.<\/p>\n\n\n\n<p>Senior : De la d\u00e9valorisation de l\u2019\u00e2ge \u00e0 la revalorisation : <br>Les charrettes des licenciements des plus de 40 ans, non reclassables des ann\u00e9es<br>1980 \u00e0 2000 : Obligation de formation professionnelle, offre de reclassement en<br>cas de licenciement \u00e9conomique.<\/p>\n\n\n\n<p>Contre-courant : La prorogation de l\u2019actif jusqu\u2019\u00e0 64 ans ou plus : La retraite<br>universelle \u00e0 points pour tous ?<\/p>\n\n\n\n<p>Pr\u00e9carisation du travail salari\u00e9 : petits CDD, contrats \u00e0 un jour.<\/p>\n\n\n\n<p>D\u00e9veloppement de l\u2019auto-entreprise : un seul salari\u00e9, sans TVA, charges : 30% en<br>tout. <\/p>\n\n\n\n<p>Les retrait\u00e9s actifs, acteurs de l\u2019\u00e9conomie : aides financi\u00e8res pour les enfants pour<br>les \u00e9tudes et au ch\u00f4mage.<\/p>\n\n\n\n<p>Les seniors actifs ou retrait\u00e9s aidants familiaux b\u00e9n\u00e9voles pour leurs ascendants ou<br>leurs enfants handicap\u00e9s : valorisation : 3 mois pay\u00e9s par l\u2019assurance maladie pour<br>les aidants salari\u00e9s (Loi de mai 2019).<\/p>\n\n\n\n<p>Droit d\u2019utiliser les RTT et de donner ses RTT \u00e0 un coll\u00e8gue- Droit au r\u00e9pit<\/p>\n\n\n\n<p>Les seniors : un secteur \u00e9conomique : D\u00e9veloppement des soci\u00e9t\u00e9s de prestations<br>de services et activit\u00e9s \u00e9conomiques pour les seniors : auxiliaires de Vie, s\u00e9curit\u00e9,<br>voyages, am\u00e9nagement du logement, services de sant\u00e9 d\u00e9di\u00e9s.<\/p>\n\n\n\n<p>D\u00e9c\u00e8s : Droit \u00e0 l\u2019euthanasie, soins palliatifs, acharnement th\u00e9rapeutique. Affaire<br>Lambert : Besoin de clarification.<\/p>\n\n\n\n<p>Refus de la douleur, de la mort (gel du corps, cellules souches, robocop)<\/p>\n\n\n\n<p>La famille :<br>D\u00e9mant\u00e8lement de la famille, du mariage.<br>Divorce facilit\u00e9 par devant notaire<br>Pacs remplace le mariage<br>Concubinage libre<br>Autorit\u00e9 familiale conjointe avec la m\u00e8re si p\u00e8re<br>Familles monoparentales : m\u00e8re seule avec enfants<br>Disparition du p\u00e8re : polygamie \u00e0 l\u2019\u00e9tranger reconnue en France<\/p>\n\n\n\n<p>Droit \u00e0 l\u2019enfant : PMA\/ GPA<\/p>\n\n\n\n<p>Valeurs de la soci\u00e9t\u00e9<\/p>\n\n\n\n<p>Jouissance consommatrice : les people, le gossip, l\u2019argent, les rois du football et<br>les stars du show bizz .<\/p>\n\n\n\n<p>Religion en baisse : ath\u00e9es<\/p>\n\n\n\n<p>Alcool des jeunes, drogue \u00e0 l\u2019\u00e9cole<\/p>\n\n\n\n<p>Contre-Courant \u00e9cologique : D\u00e9fense du g\u00e2chis, sauver la plan\u00e8te<br>Mouvement vegan<br>Maltraitance animale : ferme des mille vaches, retour \u00e0 une \u00e9conomie<br>vertueuse.<br>Greta<\/p>\n\n\n\n<p>Religion :<br>Incendie de Notre-Dame \u2013 avril 2020 : Retour aux valeurs catholiques ? Les<br>\u00e9glises sont pleines, bapt\u00eames, Retour des Valeurs morales<br>Mouvement Me too des \u00c9.-U. au monde occidental :<br>Cin\u00e9ma : Weinstein<br>Litt\u00e9raire :<br>Religion : La parole lib\u00e9r\u00e9e<br>Politique : Maire d\u2019\u00c9vry\/ Ministres<br>Sports : patinage artistique (Sarah Abitbol), football, tennis<br><\/p>\n\n\n\n<p><strong>III. Conclusion<\/strong><br>Changement consid\u00e9rable du monde, de la soci\u00e9t\u00e9 et des valeurs : Prise de conscience<br>des limites de la surconsommation, retour \u00e0 l\u2019\u00e9conomie raisonn\u00e9e : suppression des<br>transports co\u00fbteux, respect des cycles de la nature, des saisons, respect des animaux,<br>respect des droits de l\u2019HOMME, DE L\u2019\u00c9GALIT\u00c9 HOMMES\/ FEMMES. SOCI\u00c9T\u00c9 DES<br>M\u00c9DIAS plus transparente.<br>Espoir, mais danger de la manipulation avec l\u2019\u00e9lectronique.<br>Dernier exemple : blocage des primaires, pas de r\u00e9sultats \u00e0 cause d\u2019un pr\u00e9tendu<br>bogue informatique.<br>Les limites de la mondialisation.<br>Le virus coronavirus contaminant les pays commer\u00e7ants.<br>Pb de l\u2019obscurantisme, Afrique, guerres tribales barbares, d\u00e9s\u00e9quilibre des mondes.<br>Garder l\u2019esp\u00e9rance de la victoire du Bien sur le Mal.<\/p>\n","protected":false},"excerpt":{"rendered":"<p>I -D\u00e9finitionD\u00e9finition Google : Ce qui s\u2019en va, ce qui s\u2019en vient locution qui correspond au bonheur :Pour \u00eatre heureux [&hellip;]<\/p>\n","protected":false},"author":1,"featured_media":0,"parent":0,"menu_order":0,"comment_status":"closed","ping_status":"closed","template":"","meta":{"site-sidebar-layout":"default","site-content-layout":"","ast-site-content-layout":"default","site-content-style":"default","site-sidebar-style":"default","ast-global-header-display":"","ast-banner-title-visibility":"","ast-main-header-display":"","ast-hfb-above-header-display":"","ast-hfb-below-header-display":"","ast-hfb-mobile-header-display":"","site-post-title":"","ast-breadcrumbs-content":"","ast-featured-img":"","footer-sml-layout":"","ast-disable-related-posts":"","theme-transparent-header-meta":"","adv-header-id-meta":"","stick-header-meta":"","header-above-stick-meta":"","header-main-stick-meta":"","header-below-stick-meta":"","astra-migrate-meta-layouts":"default","ast-page-background-enabled":"default","ast-page-background-meta":{"desktop":{"background-color":"var(--ast-global-color-5)","background-image":"","background-repeat":"repeat","background-position":"center center","background-size":"auto","background-attachment":"scroll","background-type":"","background-media":"","overlay-type":"","overlay-color":"","overlay-opacity":"","overlay-gradient":""},"tablet":{"background-color":"","background-image":"","background-repeat":"repeat","background-position":"center center","background-size":"auto","background-attachment":"scroll","background-type":"","background-media":"","overlay-type":"","overlay-color":"","overlay-opacity":"","overlay-gradient":""},"mobile":{"background-color":"","background-image":"","background-repeat":"repeat","background-position":"center center","background-size":"auto","background-attachment":"scroll","background-type":"","background-media":"","overlay-type":"","overlay-color":"","overlay-opacity":"","overlay-gradient":""}},"ast-content-background-meta":{"desktop":{"background-color":"var(--ast-global-color-4)","background-image":"","background-repeat":"repeat","background-position":"center center","background-size":"auto","background-attachment":"scroll","background-type":"","background-media":"","overlay-type":"","overlay-color":"","overlay-opacity":"","overlay-gradient":""},"tablet":{"background-color":"var(--ast-global-color-4)","background-image":"","background-repeat":"repeat","background-position":"center center","background-size":"auto","background-attachment":"scroll","background-type":"","background-media":"","overlay-type":"","overlay-color":"","overlay-opacity":"","overlay-gradient":""},"mobile":{"background-color":"var(--ast-global-color-4)","background-image":"","background-repeat":"repeat","background-position":"center center","background-size":"auto","background-attachment":"scroll","background-type":"","background-media":"","overlay-type":"","overlay-color":"","overlay-opacity":"","overlay-gradient":""}},"h5ap_radio_sources":[],"footnotes":""},"class_list":["post-2552","page","type-page","status-publish","hentry"],"_links":{"self":[{"href":"http:\/\/colllearning.info\/CISHE\/wp-json\/wp\/v2\/pages\/2552","targetHints":{"allow":["GET"]}}],"collection":[{"href":"http:\/\/colllearning.info\/CISHE\/wp-json\/wp\/v2\/pages"}],"about":[{"href":"http:\/\/colllearning.info\/CISHE\/wp-json\/wp\/v2\/types\/page"}],"author":[{"embeddable":true,"href":"http:\/\/colllearning.info\/CISHE\/wp-json\/wp\/v2\/users\/1"}],"replies":[{"embeddable":true,"href":"http:\/\/colllearning.info\/CISHE\/wp-json\/wp\/v2\/comments?post=2552"}],"version-history":[{"count":4,"href":"http:\/\/colllearning.info\/CISHE\/wp-json\/wp\/v2\/pages\/2552\/revisions"}],"predecessor-version":[{"id":2620,"href":"http:\/\/colllearning.info\/CISHE\/wp-json\/wp\/v2\/pages\/2552\/revisions\/2620"}],"wp:attachment":[{"href":"http:\/\/colllearning.info\/CISHE\/wp-json\/wp\/v2\/media?parent=2552"}],"curies":[{"name":"wp","href":"https:\/\/api.w.org\/{rel}","templated":true}]}}