{"id":2532,"date":"2022-06-07T17:41:04","date_gmt":"2022-06-07T15:41:04","guid":{"rendered":"http:\/\/colllearning.info\/CISHE\/?page_id=2532"},"modified":"2024-05-04T17:55:58","modified_gmt":"2024-05-04T15:55:58","slug":"ateliers","status":"publish","type":"page","link":"http:\/\/colllearning.info\/CISHE\/production\/ateliers\/","title":{"rendered":"Ateliers"},"content":{"rendered":"\n<p>Produire de fa\u00e7on tr\u00e8s vari\u00e9e. En r\u00e9f\u00e9rence aux finalit\u00e9s d\u00e9finies du Coll\u00e8ge et donc aussi des \u00c9ditions l\u2019Harmattan<\/p>\n\n\n\n<p>\u00c0 titre d\u2019exemples&nbsp;:<\/p>\n\n\n\n<ul class=\"wp-block-list\">\n<li>Dans un domaine donn\u00e9, analyse secondaire d\u2019ouvrages publi\u00e9s par l\u2019Harmattan<\/li>\n\n\n\n<li>Sur une question n\u00e9glig\u00e9e, voire oubli\u00e9e, engager un travail d\u2019\u00e9tude ou de recherche<\/li>\n\n\n\n<li>Produire un guide sur une question pour un public donn\u00e9<\/li>\n\n\n\n<li>R\u00e9aliser une s\u00e9rie d\u2019\u00e9missions audio ou audio visuelles<\/li>\n\n\n\n<li>Engager un chantier soit en France soit \u00e0 l\u2019\u00e9tranger soit dans les deux.<\/li>\n\n\n\n<li>Effectuer une journ\u00e9e th\u00e9matique \u00e0 partir d\u2019ouvrages des \u00e9ditions l\u2019Harmattan<\/li>\n\n\n\n<li>Produire des \u00e9missions audio accompagn\u00e9es de notes de lecture<\/li>\n\n\n\n<li>Cr\u00e9er un club d\u2019auteurs-lecteurs<\/li>\n\n\n\n<li>Concevoir un s\u00e9minaire th\u00e9matique sur un an.<\/li>\n<\/ul>\n\n\n\n<h3 class=\"wp-block-heading\"><strong>Liste des <em>Ateliers<\/em><\/strong><\/h3>\n\n\n\n<p>Pour s&rsquo;inscrire, envoyez nous un courriel en pr\u00e9cisant l&rsquo;atelier : <a href=\"mailto:college-cish@cis-h.fr\">college-cish@cis-h.fr<\/a><\/p>\n\n\n\n<ul class=\"wp-block-list\">\n<li>Atelier 1 : <a href=\"http:\/\/colllearning.info\/CISHE\/production\/ecosophie\/\">Ecosophie pour l\u2019Anthropoc\u00e8ne<\/a><\/li>\n\n\n\n<li>Atelier 2 : <a href=\"http:\/\/colllearning.info\/CISHE\/production\/ateliers\/symbolismes-de-la-nature\/\" data-type=\"page\" data-id=\"2978\">Symbolismes de la Nature<\/a><\/li>\n\n\n\n<li>Atelier 3 : <a href=\"http:\/\/colllearning.info\/CISHE\/production\/ateliers\/apprendre\/\" data-type=\"page\" data-id=\"2980\">Apprendre<\/a><\/li>\n\n\n\n<li>Atelier 4 : <a href=\"http:\/\/colllearning.info\/CISHE\/production\/ateliers\/pacte-intergenerationnel\/\" data-type=\"page\" data-id=\"2983\">Pacte interg\u00e9n\u00e9rationnel<\/a><\/li>\n\n\n\n<li>Atelier 5 : <a href=\"http:\/\/colllearning.info\/CISHE\/production\/ateliers\/sante-globale\/\" data-type=\"page\" data-id=\"2985\">Sant\u00e9 globale<\/a><\/li>\n\n\n\n<li>Atelier 6 : <a href=\"http:\/\/colllearning.info\/CISHE\/production\/ateliers\/estime-de-soi\/\" data-type=\"page\" data-id=\"2993\">L\u2019estime de soi<\/a> (\u00e0  venir)<\/li>\n\n\n\n<li>Atelier 7 : <a href=\"http:\/\/colllearning.info\/CISHE\/production\/ateliers\/guerre-et-paix\/\" data-type=\"page\" data-id=\"2997\">Guerre et  Paix<\/a> (\u00e0  venir)<\/li>\n\n\n\n<li>Atelier 8 : <a href=\"http:\/\/colllearning.info\/CISHE\/production\/ateliers\/reconnaissance-et-generations\/\" data-type=\"page\" data-id=\"2545\">Reconnaissance et g\u00e9n\u00e9rations<\/a><\/li>\n\n\n\n<li>Atelier 9 : <a href=\"http:\/\/colllearning.info\/CISHE\/ce-qui-sen-va-et-ce-qui-sen-vient\/\" data-type=\"page\" data-id=\"2552\">Explorer ce qui s\u2019en va et ce qui s\u2019en vien<\/a><a href=\"http:\/\/colllearning.info\/CISHE\/ce-qui-en-va-et-ce-qui-sen-vient\/\" data-type=\"page\" data-id=\"2552\">t<\/a><\/li>\n\n\n\n<li>Atelier 10 : <a href=\"http:\/\/colllearning.info\/CISHE\/production\/ateliers\/gouvernance-des-communs\/\" data-type=\"page\" data-id=\"3159\">Gouvernance des communs<\/a><\/li>\n\n\n\n<li>Atelier 11 : <a href=\"http:\/\/colllearning.info\/CISHE\/production\/ateliers\/valeurs-et-reperes\/\" data-type=\"page\" data-id=\"3451\">Valeurs et rep\u00e8res<\/a><\/li>\n\n\n\n<li>Atelier 12 : <a href=\"http:\/\/colllearning.info\/CISHE\/production\/ateliers\/vie\/\" data-type=\"page\" data-id=\"3601\">VIE<\/a><\/li>\n<\/ul>\n","protected":false},"excerpt":{"rendered":"<p>Produire de fa\u00e7on tr\u00e8s vari\u00e9e. En r\u00e9f\u00e9rence aux finalit\u00e9s d\u00e9finies du Coll\u00e8ge et donc aussi des \u00c9ditions l\u2019Harmattan \u00c0 titre [&hellip;]<\/p>\n","protected":false},"author":1,"featured_media":0,"parent":10,"menu_order":0,"comment_status":"closed","ping_status":"closed","template":"","meta":{"site-sidebar-layout":"default","site-content-layout":"","ast-site-content-layout":"default","site-content-style":"default","site-sidebar-style":"default","ast-global-header-display":"","ast-banner-title-visibility":"","ast-main-header-display":"","ast-hfb-above-header-display":"","ast-hfb-below-header-display":"","ast-hfb-mobile-header-display":"","site-post-title":"","ast-breadcrumbs-content":"","ast-featured-img":"","footer-sml-layout":"","ast-disable-related-posts":"","theme-transparent-header-meta":"","adv-header-id-meta":"","stick-header-meta":"","header-above-stick-meta":"","header-main-stick-meta":"","header-below-stick-meta":"","astra-migrate-meta-layouts":"default","ast-page-background-enabled":"default","ast-page-background-meta":{"desktop":{"background-color":"var(--ast-global-color-5)","background-image":"","background-repeat":"repeat","background-position":"center center","background-size":"auto","background-attachment":"scroll","background-type":"","background-media":"","overlay-type":"","overlay-color":"","overlay-opacity":"","overlay-gradient":""},"tablet":{"background-color":"","background-image":"","background-repeat":"repeat","background-position":"center center","background-size":"auto","background-attachment":"scroll","background-type":"","background-media":"","overlay-type":"","overlay-color":"","overlay-opacity":"","overlay-gradient":""},"mobile":{"background-color":"","background-image":"","background-repeat":"repeat","background-position":"center center","background-size":"auto","background-attachment":"scroll","background-type":"","background-media":"","overlay-type":"","overlay-color":"","overlay-opacity":"","overlay-gradient":""}},"ast-content-background-meta":{"desktop":{"background-color":"var(--ast-global-color-4)","background-image":"","background-repeat":"repeat","background-position":"center center","background-size":"auto","background-attachment":"scroll","background-type":"","background-media":"","overlay-type":"","overlay-color":"","overlay-opacity":"","overlay-gradient":""},"tablet":{"background-color":"var(--ast-global-color-4)","background-image":"","background-repeat":"repeat","background-position":"center center","background-size":"auto","background-attachment":"scroll","background-type":"","background-media":"","overlay-type":"","overlay-color":"","overlay-opacity":"","overlay-gradient":""},"mobile":{"background-color":"var(--ast-global-color-4)","background-image":"","background-repeat":"repeat","background-position":"center center","background-size":"auto","background-attachment":"scroll","background-type":"","background-media":"","overlay-type":"","overlay-color":"","overlay-opacity":"","overlay-gradient":""}},"h5ap_radio_sources":[],"footnotes":""},"class_list":["post-2532","page","type-page","status-publish","hentry"],"_links":{"self":[{"href":"http:\/\/colllearning.info\/CISHE\/wp-json\/wp\/v2\/pages\/2532","targetHints":{"allow":["GET"]}}],"collection":[{"href":"http:\/\/colllearning.info\/CISHE\/wp-json\/wp\/v2\/pages"}],"about":[{"href":"http:\/\/colllearning.info\/CISHE\/wp-json\/wp\/v2\/types\/page"}],"author":[{"embeddable":true,"href":"http:\/\/colllearning.info\/CISHE\/wp-json\/wp\/v2\/users\/1"}],"replies":[{"embeddable":true,"href":"http:\/\/colllearning.info\/CISHE\/wp-json\/wp\/v2\/comments?post=2532"}],"version-history":[{"count":23,"href":"http:\/\/colllearning.info\/CISHE\/wp-json\/wp\/v2\/pages\/2532\/revisions"}],"predecessor-version":[{"id":3605,"href":"http:\/\/colllearning.info\/CISHE\/wp-json\/wp\/v2\/pages\/2532\/revisions\/3605"}],"up":[{"embeddable":true,"href":"http:\/\/colllearning.info\/CISHE\/wp-json\/wp\/v2\/pages\/10"}],"wp:attachment":[{"href":"http:\/\/colllearning.info\/CISHE\/wp-json\/wp\/v2\/media?parent=2532"}],"curies":[{"name":"wp","href":"https:\/\/api.w.org\/{rel}","templated":true}]}}