{"id":2424,"date":"2022-02-24T11:21:52","date_gmt":"2022-02-24T10:21:52","guid":{"rendered":"http:\/\/colllearning.info\/CISHE\/?page_id=2424"},"modified":"2023-05-18T11:29:56","modified_gmt":"2023-05-18T09:29:56","slug":"chaire-citoyenne","status":"publish","type":"page","link":"http:\/\/colllearning.info\/CISHE\/production\/ateliers\/chaire-citoyenne\/","title":{"rendered":"Chaire citoyenne"},"content":{"rendered":"\n<p>Une \u00ab <strong>Chaire Citoyenne d&rsquo;interpellation du Monde<\/strong>\u00bb, s\u2019ouvre au sein du Coll\u00e8ge International des Seniors. Harmattan.<\/p>\n\n\n\n<p>Elle prendra la forme d&rsquo;un cycle de visioconf\u00e9rence. La premi\u00e8re est pr\u00e9vue le 21 juin  2023de 16h \u00e0 18h sur le th\u00e8me \u00ab Nouvelle gouvernance mondiale : concept et contexte \u00bb.<\/p>\n\n\n\n<pre class=\"wp-block-code\"><code>Cette \"Chaire Citoyenne\" a pour finalit\u00e9 de donner \u00e0 ses adh\u00e9rents, comme \u00e0 toute personne voulant nous rejoindre, l'opportunit\u00e9 d'apprendre, de co-construire des connaissances et de les diffuser dans des partages de savoirs, d'exp\u00e9riences, de projets, de passions. Elle vise \u00e0 \u00eatre force d'interpellation de la Soci\u00e9t\u00e9 sur les grandes probl\u00e9matiques qui la secouent et menacent la possibilit\u00e9 d'une vie pleine telles : la solidarit\u00e9 et l'\u00e9quit\u00e9 entre les g\u00e9n\u00e9rations, l'\u00e9cologie... Dans la soci\u00e9t\u00e9 de long\u00e9vit\u00e9 qui est la n\u00f4tre avec quatre ou cinq g\u00e9n\u00e9rations  copr\u00e9sentes et des seniors toujours plus nombreux et \u00e2g\u00e9s, la Chaire offre la possibilit\u00e9 de continuer \u00e0 participer aux affaires de la Cit\u00e9 jusqu'\u00e0 un \u00e2ge avanc\u00e9 en demeurant une force de proposition. Elle est un tremplin permettant d'apporter \u00e0 la soci\u00e9t\u00e9 autant que de recevoir d'elle.\n\nDes exemples de probl\u00e9matiques cl\u00e9s dont le CISH \u00e0 travers la Chaire pourrait s'emparer seront multipli\u00e9s voire reformul\u00e9s afin de mieux ancrer ce texte dans le concret.\n\n<a href=\"http:\/\/colllearning.info\/CISHE\/chaire-citoyenne-dinterpellation-du-monde\/\" data-type=\"post\" data-id=\"2441\"><strong>SUIVRE LES ECHANGES<\/strong><\/a>\n<\/code><\/pre>\n\n\n\n<hr class=\"wp-block-separator has-css-opacity\"\/>\n\n\n\n<h2 class=\"wp-block-heading\">Illustration du th\u00e8me \u00ab\u00a0EQUITE ENTRE LES GENERATIONS\u00a0\u00bb<\/h2>\n\n\n\n<div class=\"wp-block-file\"><a id=\"wp-block-file--media-1ceab7c5-d7af-4a2b-8366-18e6b544fc7d\" href=\"http:\/\/colllearning.info\/CISHE\/wp-content\/uploads\/2022\/03\/Urgence-de-restaurer-le-pacte-7-03-22.pdf\">Urgence-de-restaurer-le-pacte-7-03-22<\/a><a href=\"http:\/\/colllearning.info\/CISHE\/wp-content\/uploads\/2022\/03\/Urgence-de-restaurer-le-pacte-7-03-22.pdf\" class=\"wp-block-file__button wp-element-button\" download aria-describedby=\"wp-block-file--media-1ceab7c5-d7af-4a2b-8366-18e6b544fc7d\">T\u00e9l\u00e9charger<\/a><\/div>\n\n\n\n<div class=\"wp-block-file\"><a id=\"wp-block-file--media-3c24b677-53a5-4cbf-8aa4-36c842dd69b4\" href=\"http:\/\/colllearning.info\/CISHE\/wp-content\/uploads\/2022\/03\/Contrat-inter-ge\u0301ne\u0301rations-PL-14-03-2022.pdf\">Contrat-inter-ge\u0301ne\u0301rations-PL-14-03-2022<\/a><a href=\"http:\/\/colllearning.info\/CISHE\/wp-content\/uploads\/2022\/03\/Contrat-inter-ge\u0301ne\u0301rations-PL-14-03-2022.pdf\" class=\"wp-block-file__button wp-element-button\" download aria-describedby=\"wp-block-file--media-3c24b677-53a5-4cbf-8aa4-36c842dd69b4\">T\u00e9l\u00e9charger<\/a><\/div>\n","protected":false},"excerpt":{"rendered":"<p>Une \u00ab Chaire Citoyenne d&rsquo;interpellation du Monde\u00bb, s\u2019ouvre au sein du Coll\u00e8ge International des Seniors. Harmattan. Elle prendra la forme [&hellip;]<\/p>\n","protected":false},"author":1,"featured_media":0,"parent":2532,"menu_order":0,"comment_status":"closed","ping_status":"closed","template":"","meta":{"site-sidebar-layout":"default","site-content-layout":"","ast-site-content-layout":"default","site-content-style":"default","site-sidebar-style":"default","ast-global-header-display":"","ast-banner-title-visibility":"","ast-main-header-display":"","ast-hfb-above-header-display":"","ast-hfb-below-header-display":"","ast-hfb-mobile-header-display":"","site-post-title":"","ast-breadcrumbs-content":"","ast-featured-img":"","footer-sml-layout":"","ast-disable-related-posts":"","theme-transparent-header-meta":"","adv-header-id-meta":"","stick-header-meta":"","header-above-stick-meta":"","header-main-stick-meta":"","header-below-stick-meta":"","astra-migrate-meta-layouts":"default","ast-page-background-enabled":"default","ast-page-background-meta":{"desktop":{"background-color":"var(--ast-global-color-5)","background-image":"","background-repeat":"repeat","background-position":"center center","background-size":"auto","background-attachment":"scroll","background-type":"","background-media":"","overlay-type":"","overlay-color":"","overlay-opacity":"","overlay-gradient":""},"tablet":{"background-color":"","background-image":"","background-repeat":"repeat","background-position":"center center","background-size":"auto","background-attachment":"scroll","background-type":"","background-media":"","overlay-type":"","overlay-color":"","overlay-opacity":"","overlay-gradient":""},"mobile":{"background-color":"","background-image":"","background-repeat":"repeat","background-position":"center center","background-size":"auto","background-attachment":"scroll","background-type":"","background-media":"","overlay-type":"","overlay-color":"","overlay-opacity":"","overlay-gradient":""}},"ast-content-background-meta":{"desktop":{"background-color":"var(--ast-global-color-4)","background-image":"","background-repeat":"repeat","background-position":"center center","background-size":"auto","background-attachment":"scroll","background-type":"","background-media":"","overlay-type":"","overlay-color":"","overlay-opacity":"","overlay-gradient":""},"tablet":{"background-color":"var(--ast-global-color-4)","background-image":"","background-repeat":"repeat","background-position":"center center","background-size":"auto","background-attachment":"scroll","background-type":"","background-media":"","overlay-type":"","overlay-color":"","overlay-opacity":"","overlay-gradient":""},"mobile":{"background-color":"var(--ast-global-color-4)","background-image":"","background-repeat":"repeat","background-position":"center center","background-size":"auto","background-attachment":"scroll","background-type":"","background-media":"","overlay-type":"","overlay-color":"","overlay-opacity":"","overlay-gradient":""}},"h5ap_radio_sources":[],"footnotes":""},"class_list":["post-2424","page","type-page","status-publish","hentry"],"_links":{"self":[{"href":"http:\/\/colllearning.info\/CISHE\/wp-json\/wp\/v2\/pages\/2424","targetHints":{"allow":["GET"]}}],"collection":[{"href":"http:\/\/colllearning.info\/CISHE\/wp-json\/wp\/v2\/pages"}],"about":[{"href":"http:\/\/colllearning.info\/CISHE\/wp-json\/wp\/v2\/types\/page"}],"author":[{"embeddable":true,"href":"http:\/\/colllearning.info\/CISHE\/wp-json\/wp\/v2\/users\/1"}],"replies":[{"embeddable":true,"href":"http:\/\/colllearning.info\/CISHE\/wp-json\/wp\/v2\/comments?post=2424"}],"version-history":[{"count":7,"href":"http:\/\/colllearning.info\/CISHE\/wp-json\/wp\/v2\/pages\/2424\/revisions"}],"predecessor-version":[{"id":3089,"href":"http:\/\/colllearning.info\/CISHE\/wp-json\/wp\/v2\/pages\/2424\/revisions\/3089"}],"up":[{"embeddable":true,"href":"http:\/\/colllearning.info\/CISHE\/wp-json\/wp\/v2\/pages\/2532"}],"wp:attachment":[{"href":"http:\/\/colllearning.info\/CISHE\/wp-json\/wp\/v2\/media?parent=2424"}],"curies":[{"name":"wp","href":"https:\/\/api.w.org\/{rel}","templated":true}]}}