{"id":2215,"date":"2021-07-12T10:08:31","date_gmt":"2021-07-12T08:08:31","guid":{"rendered":"http:\/\/colllearning.info\/CISHE\/?page_id=2215"},"modified":"2022-02-24T18:36:57","modified_gmt":"2022-02-24T17:36:57","slug":"temoignages","status":"publish","type":"page","link":"http:\/\/colllearning.info\/CISHE\/temoignages\/","title":{"rendered":"T\u00e9moignages"},"content":{"rendered":"\n<h2 class=\"wp-block-heading\"><strong>Des seniors prennent la parole&#8230;<\/strong><\/h2>\n\n\n\n<pre class=\"wp-block-verse\"><strong>Entreprendre<\/strong>\n \u00ab Commencer \u00e0 ex\u00e9cuter une action, en g\u00e9n\u00e9ral longue ou complexe. \u00bb Larousse.\n Hier, nous \u00e9tions dans un monde compliqu\u00e9, nous devions g\u00e9rer les \u00e9v\u00e8nements, les mesurer, les traiter suivant le risque ou l'importance.\n Aujourd'hui, le monde est plus complexe, et nous peinons \u00e0 g\u00e9rer les \u00e9v\u00e8nements : la sant\u00e9, les ressources, les pollutions, les changements climatiques\u2026 ; les \u00e9volutions rapides des sciences et technologies : l'internet, les applications virtuelles, l'intelligence artificielle, la robotique\u2026 ; les politiques de bonne gouvernance, celles humaines, sociales, environnementales, religieuses, existentielles\u2026 ; le tout, complexifi\u00e9 par l'augmentation des populations : 7,8 milliards aujourd'hui, 9 mds possiblement en 2050 !\n <em>Entreprendre<\/em> en qualit\u00e9 de \"professionnel\" nous oblige \u00e0 un apprentissage permanent, tout au long de cette deuxi\u00e8me carri\u00e8re, en affrontant nos responsabilit\u00e9s d'a\u00een\u00e9s voire d'arri\u00e8re-grand-p\u00e8re.\n \"<em>Et nous, les seniors, que pouvons-nous faire dans ce paysage d'apr\u00e8s rupture<\/em>(*) ?\"\n Je r\u00e9ponds si vieillir en bonne sant\u00e9 est un grand bonheur, le danger est dans la non-anticipation de ce long temps, alors mettons tout en \u0153uvre pour partager avec les plus jeunes afin qu'ils aient plaisir et bonheur d'\u00e9changer en r\u00e9ciprocit\u00e9 envies, passions, espoirs\u2026 quel que soit nos \u00e2ges.\n\n Pierre Caro, animateur de cette rubrique\n Retrait\u00e9 professionnel\n <a href=\"http:\/\/bienvieillirlongtemps.fr\">bienvieillirlongtemps.fr<\/a>\n\n (*) Stupeurs et chambardements Mich\u00e8le Guillin-Hurlin. p 18\n<a href=\" http:\/\/colllearning.info\/CISHE\/covid-19-stupeur-et-chambardements-suite\/ \"> http:\/\/colllearning.info\/CISHE\/covid-19-stupeur-et-chambardements-suite\/ <\/a><\/pre>\n\n\n\n<p><strong>Devenir vieux<\/strong>,<strong> longtemps<\/strong><\/p>\n\n\n\n<p>\u201c <strong><em>Ce n&rsquo;est pas parce que je suis <\/em>un vieux pommier que je donne de vieilles pommes. \u201d F\u00e9lix Leclerc<\/strong>.*<br>Mais c\u2019est parce que mes parents m\u2019ont donn\u00e9 une bonne source g\u00e9n\u00e9tique, qu\u2019ils m\u2019ont appris \u00e0 en prendre soin, que, octog\u00e9naire, je produis quelques r\u00e9flexions et actions qui me permettent de bien vieillir, en bonne sant\u00e9 physique, mentale, psychique, en demeurant autonome.<br>Ces r\u00e9flexions et actions se nourrissent de mes curiosit\u00e9s et interrogations : pourquoi cette odeur, ce bruit, cette couleur, ce mouvement, cette parole, ces lignes \u00e9crites \u2026 ? En fait je joue, je m\u2019amuse \u00e0 essayer de comprendre. Avec plus ou moins de temps, je me rends compte que je suis heureux d\u2019avoir compris, ou, si je prends conscience qu\u2019il me manque quelques connaissances et exp\u00e9riences, j\u2019ai plaisir \u00e0 contacter quelques amis, \u00e0 fouiller bouquins, documentations, articles extraits de recherches avec mon ordinateur, sur internet.<br>Je n\u2019ai pas trouv\u00e9 aujourd\u2019hui de recherches sur devenir vieux, longtemps ! Dans son ouvrage : \u00ab Devenir vieux. Les enjeux de la psychiatrie du sujet \u00e2g\u00e9 \u00bb 2011, la Docteur C\u00e9cile Hanon, psychiatre et directrice de la collection Ed Doin nous dit : \u00a0\u00bb La vieillesse est un naufrage \u00a0\u00bb disait Charles de Gaulle. Est-ce vrai ? Comment devient-on vieux en France de nos jours ? Qui sont les vieux aujourd&rsquo;hui ? Vivre le plus longtemps possible en disposant de ses capacit\u00e9s intellectuelles, et de l&rsquo;essentiel de ses capacit\u00e9s physiques est un objectif essentiel et qui doit \u00eatre au c\u0153ur des pr\u00e9occupations de sant\u00e9 publique, mais est-ce encore vivre quand la conscience d&rsquo;\u00eatre soi a disparu. \u00bb 4e de couverture.<br>Si l\u2019essentiel est de disposer des capacit\u00e9s intellectuelles, physiques et mentales, je suis d\u2019accord. Mais la Docteur Hanon propose une d\u00e9marche professionnelle qui l\u2019am\u00e8ne \u00e0 penser : la sant\u00e9 publique, pr\u00e9venir la maladie. Logique.<br>Pourquoi, g\u00e9n\u00e9ralement, penser vieillissement c\u2019est aller plut\u00f4t vers le pessimiste, le d\u00e9clin ?<br>J\u2019ai envie, comme mon pommier qui ajoute tous les ans de nouvelles branches, sur lesquelles poussent des pommes, d\u2019ajouter de nouvelles capacit\u00e9s, \u00e0 ma vie d\u2019hier. Ces nouvelles branches sont mes int\u00e9r\u00eats, passions, projets, envies d\u2019en vie<strong>**<\/strong>. Je n\u2019ai jamais lu, \u00e9crit, jou\u00e9, plaisant\u00e9 \u2026, go\u00fbt\u00e9 \u00e0 une forme de vie autant qu\u2019aujourd&rsquo;hui. Pourtant, hier, j\u2019\u00e9tais dans cette carri\u00e8re oblig\u00e9e o\u00f9 j\u2019ai trouv\u00e9 beaucoup de satisfactions, et je reconnais ce privil\u00e8ge.<br>Maintenir un \u00e9quilibre harmonieux entre mes relations, mes loisirs et repos, et mon travail, dans une conduite responsable, semble, \u00e0 ce jour, avoir produit des fruits puisque je suis bien dans ma t\u00eate, dans mon corps, dans mes relations aux autres. J\u2019ai \u00e9crit \u00ab\u00a0semble\u00a0\u00bb parce que j\u2019ai conscience que la maladie, l\u2019accident, peut me surprendre \u00e0 tout moment.<br>Et si vieillir c\u2019\u00e9tait d\u2019arranger sa vie pour vraiment la vivre, en go\u00fbter vraiment les moments, prendre conscience que je suis capable d\u2019accepter mes faiblesses et de me servir de mes forces !<br>Si au lieu de penser \u00ab le pire des mondes \u00bb j\u2019ajoutais, comme mon pommier de nouvelles branches pour de nouveaux fruits !<br>Je suis convaincu que la \u00ab <a href=\"http:\/\/colllearning.info\/CISHE\/chaire-citoyenne\/\" data-type=\"page\" data-id=\"2424\">Chaire citoyenne d\u2019interpellation du Monde<\/a> \u00bb devient une n\u00e9cessit\u00e9 dans cette soci\u00e9t\u00e9 compliqu\u00e9e. Un lieu o\u00f9 chacune et chacun vient partager soucis, passions, r\u00e9ussites et \u00e9checs, tristesse et bonheurs, projets, en vrac\u2026 afin de trouver dans un pot commun, les fruits matures \u00e0 d\u00e9guster pour entreprendre sa vie vers le meilleur pour toutes et tous, pour la paix du monde.<br>Vos remarques, suggestions, critiques, conseils nourriront notre travail au sein de cette \u00ab <a href=\"http:\/\/colllearning.info\/CISHE\/chaire-citoyenne\/\" data-type=\"page\" data-id=\"2424\">Chaire citoyenne d\u2019interpellation du Monde<\/a> \u00bb. Je vous remercie.<br>Pierre Caro,<br>retrait\u00e9 professionnel, retraite et long vieillissement.<br><br>*Felix Leclerc 1924-1988 auteur compositeur interpr\u00e8te \u00e9crivain Qu\u00e9b\u00e9cois<br>** petit clin d\u2019\u0153il au film \u00ab De plus en plus en vie \u00bb r\u00e9alis\u00e9 par Aiguemarines Productions.<\/p>\n\n\n\n<ul class=\"wp-block-list\"><li>[04\/2013] \u00ab&nbsp;Il faut apprendre \u00e0 vieillir longtemps.&nbsp;\u00bb&nbsp;<strong>Pierre Caro<\/strong> <br><a href=\"https:\/\/www.youtube.com\/watch?v=nF6HWzmoY4M\">Apprendre, partager, vivre<\/a><br>[08\/2021] Les v\u00e9cus, par mon \u00e2ge, me permettent quelques remarques sans jugement ni condamnation. Lisez ces lignes dans cet \u00e9tat d&rsquo;esprit.<\/li><\/ul>\n\n\n\n<p>J&rsquo;ai eu la chance d&rsquo;une bonne sant\u00e9. J&rsquo;ai eu le courage, il en faut parfois, de r\u00e9sister \u00e0 l&rsquo;alcool, au tabac, aux exc\u00e8s de table et autres. Sans pratiquer de sport, j&rsquo;ai toujours eu des activit\u00e9s physiques.<br>De m\u00eame, sans avoir fait de longues \u00e9tudes, j&rsquo;ai choisi de m\u2019int\u00e9resser \u00e0 tout ce qui m&rsquo;\u00e9tait accessible, gagnant petit \u00e0 petit, dans des partages de savoirs, d&rsquo;exp\u00e9riences (r\u00e9ussites et \u00e9checs) des connaissances qui m&rsquo;aident \u00e0 comprendre les autres.<br>Ce sont quelques attitudes qui ont contribu\u00e9 \u00e0 ma situation actuelle d&rsquo;heureux arri\u00e8re-grand-p\u00e8re, entour\u00e9 de ma famille et d&rsquo;amis, passionn\u00e9 par le d\u00e9roulement de ma seconde carri\u00e8re de retrait\u00e9 professionnel&nbsp;2000-2040. J\u2019entreprends la deuxi\u00e8me mi-temps&nbsp;2020-2040.<br>J&rsquo;ai conscience qu&rsquo;un accident est toujours possible, d\u00e9truisant &#8230; jusqu&rsquo;\u00e0 ma vie.Je peux donc esp\u00e9rer continuer \u00e0 ne pas avoir besoin d&rsquo;\u00eatre accompagn\u00e9 dans les d\u00e9cennies prochaines, donc pas de besoin de mobiliser des professionnels chez moi ou dans un EHPAD &#8230; situation qui permettra \u00e0 ces professionnels d&rsquo;\u00eatre libres pour une meilleure pr\u00e9sence aupr\u00e8s de personnes en rupture de soin et maltraitance par manque de temps.<br>J&rsquo;ai appris que le mal \u00eatre est la source de bien des maux qui acc\u00e9l\u00e8rent les mauvaises conditions de sant\u00e9.<br>J&rsquo;ai donc d\u00e9cid\u00e9 de tenter l&rsquo;ouverture d&rsquo;un \u00ab\u00a0P\u00f4le sant\u00e9, environnements, soci\u00e9t\u00e9\u00a0\u00bb d&rsquo;autoapprentissage \u00e0 bien vieillir longtemps entre quatre, cinq g\u00e9n\u00e9rations. Chacun partage ses savoirs en r\u00e9ciprocit\u00e9, nos diff\u00e9rences font notre richesse commune pour comprendre&nbsp;afin de participer \u00e0&nbsp;cette soci\u00e9t\u00e9 compliqu\u00e9e en m\u00eame temps que&nbsp;complexifi\u00e9e.<br>J&rsquo;esp\u00e8re que cette initiative permettra d&rsquo;accompagner sans \u00eatre accompagn\u00e9 de professionnels,&nbsp;qui pourront ainsi se consacrer \u00e0 des personnes vraiment dans le besoin et\/ou la n\u00e9cessit\u00e9,&nbsp;de leurs comp\u00e9tences. <br>Vos remarques, suggestions, critiques, conseils nourriront mon travail, celui que nous pouvons entreprendre ensemble : <a href=\"mailto:college-cish@cis-h.fr\">college-cish@cis-h.fr<\/a> \u00e0 l&rsquo;attention de Pierre Caro.<br><\/p>\n\n\n\n<ul class=\"wp-block-list\"><li>[06\/2021]Rencontre entre la journaliste <strong>Laure Adler<\/strong> et <strong>Marie-Fran\u00e7oise Fuchs<\/strong>, Fondatrice et Pr\u00e9sidente d\u2019honneur de OLD\u2019UP autour de la sortie de leurs ouvrages respectifs sur la vieillesse (<a href=\"https:\/\/www.grasset.fr\/livres\/la-voyageuse-de-nuit-9782246826019\">La voyageuse de la nuit<\/a> ; <a href=\"https:\/\/www.inpress.fr\/livre\/rencontres-tardives-elles-enchantent-nos-vieillesses\/\">Rencontres tardives<\/a>).<br><a href=\"https:\/\/www.youtube.com\/watch?v=YaSZLjQzkVE\">https:\/\/www.youtube.com\/watch?v=YaSZLjQzkVE<\/a><br>Version compl\u00e8te<br><a href=\"https:\/\/www.youtube.com\/watch?v=dTQmwLEkphw\">https:\/\/www.youtube.com\/watch?v=dTQmwLEkphw<\/a><br> <br><\/li><li>[06\/2021] Le parcours de vie de <strong>Denis Pryen<\/strong>, fondateur des \u00e9ditions L&rsquo;Harmattan, interview\u00e9 par Michel Bernard<br><a href=\"https:\/\/artscultureseducation.fr\/denis-une-vie-consacree-au-livre-juin-2021\/\">DENIS, une vie consacr\u00e9e au livre &#8211; Juin 2021 &#8211; Arts Cultures \u00e9ducation (artscultureseducation.fr)<\/a><br> <\/li><li>[04\/2021] <strong>Jean Rieucau s&rsquo;exprime sur France culture<\/strong>, avril 2021<br>\u00ab\u00a0<em>N\u2019oublions pas le terme de Michel Foucault, \u00ab&nbsp;<\/em><strong>l&#8217;emplacement<\/strong><em>&nbsp;\u00bb pour les micros lieux. Moi, qui suis sp\u00e9cialiste des lieux touristiques, je crois que c&rsquo;est tr\u00e8s int\u00e9ressant, les questions d&rsquo;\u00e9chelle. Paris est un lieu touristique. On parle d&rsquo;une destination. Mais Paris est compos\u00e9 d&rsquo;une multitude de lieux touristiques, de petits emplacements.\u00a0\u00bb&nbsp;<\/em><strong>Jean Rieucau<\/strong><br><a href=\"https:\/\/www.franceculture.fr\/emissions\/nos-geographies\/a-quoi-sert-la-geographie-34-la-vie-mouvementee-des-mots-de-la-geographie\">La vie mouvement\u00e9e des mots de la g\u00e9ographie &#8211; \u00c9p. 3\/4 &#8211; \u00c0 quoi sert la g\u00e9ographie ? (franceculture.fr)<\/a><\/li><\/ul>\n\n\n\n<ul class=\"wp-block-list\"><li>[02\/2021] <strong>Jacqueline Jencquel<\/strong> a-t-elle repouss\u00e9 son suicide assist\u00e9 ?<br><a href=\"https:\/\/www.youtube.com\/watch?v=TxBbM6Ja-IY\">https:\/\/www.youtube.com\/watch?v=TxBbM6Ja-IY<\/a><br>Le droit \u00e0 choisir sa mort <br><a href=\"https:\/\/www.youtube.com\/watch?v=cC7XVNArDXU&amp;li st=LLO2sXU9pei6bz5AAqgPvWZA&amp;index=1499\">https:\/\/www.youtube.com\/watch?v=cC7XVNArDXU&amp;li st=LLO2sXU9pei6bz5AAqgPvWZA&amp;index=1499<\/a><br><br><\/li><li>[12\/2020] Le parcours de vie d&rsquo;<strong>Edgar Morin <\/strong>interview\u00e9 par Michel Bernard<br><a href=\"https:\/\/artscultureseducation.fr\/wp-content\/uploads\/2020\/12\/emission-edgar-morin-9-decembre-2020.mp3\">https:\/\/artscultureseducation.fr\/wp-content\/uploads\/2020\/12\/emission-edgar-morin-9-decembre-2020.mp3<\/a><\/li><\/ul>\n\n\n\n<ul class=\"wp-block-list\"><li>[10\/2019] Qu&rsquo;est-ce qu&rsquo;\u00eatre vieux ? Le chanteur <strong>Marcel Amont<\/strong> r\u00e9pond \u00e0 cette question \u00e9pineuse.<br><a href=\"https:\/\/www.youtube.com\/watch?v=WVTUIYn-WdI\">https:\/\/www.youtube.com\/watch?v=WVTUIYn-WdI<\/a><\/li><\/ul>\n\n\n\n<ul class=\"wp-block-list\"><li>[12\/2020] <strong>Marie-Fran\u00e7oise FUCHS<\/strong> nous pr\u00e9sente l&rsquo;ouvrage \u00ab\u00a0<a href=\"https:\/\/www.inpress.fr\/livre\/rencontres-tardives-elles-enchantent-nos-vieillesses\/\">Rencontres tardives &#8230;<\/a>\u00a0\u00bb qui recueille et transmet la joie et l&rsquo;\u00e9motion de rencontrer, de tisser des liens, de s&rsquo;\u00e9merveiller de la relation \u00e0 l&rsquo;autre m\u00eame \u00e0 des \u00e2ges avanc\u00e9s.<br><a href=\"https:\/\/www.youtube.com\/watch?v=ylofm-C-Og4\">https:\/\/www.youtube.com\/watch?v=ylofm-C-Og4<\/a><\/li><\/ul>\n\n\n\n<ul class=\"wp-block-list\"><li>[05\/2018] <a href=\"https:\/\/www.youtube.com\/watch?v=bW3B5r-ZvTw\">(704) L\u2019\u00e9co-spiritualit\u00e9 : une dimension de l\u2019\u00e9co-formation | <strong>Gaston Pineau<\/strong> | 31 mai 2018 &#8211; YouTube<\/a><\/li><\/ul>\n\n\n\n<ul class=\"wp-block-list\"><li>[12\/2017] Peut-on d\u00e9cider de vieillir heureux ? par <strong>Marie de Hennezel<\/strong> &#8211; Conf\u00e9rence du 7 \/12\/2017<br><a href=\"https:\/\/www.youtube.com\/watch?v=ID4db1zru2g\">https:\/\/www.youtube.com\/watch?v=ID4db1zru2g<\/a><\/li><\/ul>\n\n\n\n<ul class=\"wp-block-list\" id=\"block-503b7737-f525-45ca-a129-69c301e3377d\"><li>[11\/2016] <a href=\"https:\/\/www.youtube.com\/watch?v=cgAeN--dhZE\">Vieillir, ce n&rsquo;est pas si grave | <strong>Claude Weill |<\/strong> TEDxLaRochelle &#8211; YouTube<\/a><br>Claude est un jeune homme de 90 ans. Il a un message plein d\u2019espoir et d\u2019humanit\u00e9 \u00e0 partager avec nous, et qui nous concerne tous<\/li><\/ul>\n\n\n\n<ul class=\"wp-block-list\"><li>[03\/2015] En 2050, un tiers des fran\u00e7ais aura plus de 60 ans. La grande r\u00e9volution d\u00e9mographique est pr\u00e9vue en 2027 : les baby-boomers atteindront alors 85 ans et plus&#8230; <strong>Gilles Berrut<\/strong><br><a href=\"https:\/\/www.youtube.com\/watch?v=K4T2IiX7bBg\">(626) Gilles Berrut &#8211; Vieillir normalement ? Une impossibilit\u00e9 ! &#8211; YouTube<\/a><\/li><\/ul>\n\n\n\n<p><\/p>\n","protected":false},"excerpt":{"rendered":"<p>Des seniors prennent la parole&#8230; Entreprendre \u00ab Commencer \u00e0 ex\u00e9cuter une action, en g\u00e9n\u00e9ral longue ou complexe. \u00bb Larousse. Hier, [&hellip;]<\/p>\n","protected":false},"author":1,"featured_media":0,"parent":0,"menu_order":0,"comment_status":"closed","ping_status":"closed","template":"","meta":{"site-sidebar-layout":"default","site-content-layout":"","ast-site-content-layout":"default","site-content-style":"default","site-sidebar-style":"default","ast-global-header-display":"","ast-banner-title-visibility":"","ast-main-header-display":"","ast-hfb-above-header-display":"","ast-hfb-below-header-display":"","ast-hfb-mobile-header-display":"","site-post-title":"","ast-breadcrumbs-content":"","ast-featured-img":"","footer-sml-layout":"","ast-disable-related-posts":"","theme-transparent-header-meta":"","adv-header-id-meta":"","stick-header-meta":"","header-above-stick-meta":"","header-main-stick-meta":"","header-below-stick-meta":"","astra-migrate-meta-layouts":"default","ast-page-background-enabled":"default","ast-page-background-meta":{"desktop":{"background-color":"var(--ast-global-color-5)","background-image":"","background-repeat":"repeat","background-position":"center center","background-size":"auto","background-attachment":"scroll","background-type":"","background-media":"","overlay-type":"","overlay-color":"","overlay-opacity":"","overlay-gradient":""},"tablet":{"background-color":"","background-image":"","background-repeat":"repeat","background-position":"center center","background-size":"auto","background-attachment":"scroll","background-type":"","background-media":"","overlay-type":"","overlay-color":"","overlay-opacity":"","overlay-gradient":""},"mobile":{"background-color":"","background-image":"","background-repeat":"repeat","background-position":"center center","background-size":"auto","background-attachment":"scroll","background-type":"","background-media":"","overlay-type":"","overlay-color":"","overlay-opacity":"","overlay-gradient":""}},"ast-content-background-meta":{"desktop":{"background-color":"var(--ast-global-color-4)","background-image":"","background-repeat":"repeat","background-position":"center center","background-size":"auto","background-attachment":"scroll","background-type":"","background-media":"","overlay-type":"","overlay-color":"","overlay-opacity":"","overlay-gradient":""},"tablet":{"background-color":"var(--ast-global-color-4)","background-image":"","background-repeat":"repeat","background-position":"center center","background-size":"auto","background-attachment":"scroll","background-type":"","background-media":"","overlay-type":"","overlay-color":"","overlay-opacity":"","overlay-gradient":""},"mobile":{"background-color":"var(--ast-global-color-4)","background-image":"","background-repeat":"repeat","background-position":"center center","background-size":"auto","background-attachment":"scroll","background-type":"","background-media":"","overlay-type":"","overlay-color":"","overlay-opacity":"","overlay-gradient":""}},"h5ap_radio_sources":[],"footnotes":""},"class_list":["post-2215","page","type-page","status-publish","hentry"],"_links":{"self":[{"href":"http:\/\/colllearning.info\/CISHE\/wp-json\/wp\/v2\/pages\/2215","targetHints":{"allow":["GET"]}}],"collection":[{"href":"http:\/\/colllearning.info\/CISHE\/wp-json\/wp\/v2\/pages"}],"about":[{"href":"http:\/\/colllearning.info\/CISHE\/wp-json\/wp\/v2\/types\/page"}],"author":[{"embeddable":true,"href":"http:\/\/colllearning.info\/CISHE\/wp-json\/wp\/v2\/users\/1"}],"replies":[{"embeddable":true,"href":"http:\/\/colllearning.info\/CISHE\/wp-json\/wp\/v2\/comments?post=2215"}],"version-history":[{"count":32,"href":"http:\/\/colllearning.info\/CISHE\/wp-json\/wp\/v2\/pages\/2215\/revisions"}],"predecessor-version":[{"id":2440,"href":"http:\/\/colllearning.info\/CISHE\/wp-json\/wp\/v2\/pages\/2215\/revisions\/2440"}],"wp:attachment":[{"href":"http:\/\/colllearning.info\/CISHE\/wp-json\/wp\/v2\/media?parent=2215"}],"curies":[{"name":"wp","href":"https:\/\/api.w.org\/{rel}","templated":true}]}}