{"id":2,"date":"2018-05-22T17:49:32","date_gmt":"2018-05-22T15:49:32","guid":{"rendered":"http:\/\/colllearning.info\/CISHE\/?page_id=2"},"modified":"2023-10-05T16:57:51","modified_gmt":"2023-10-05T14:57:51","slug":"page-d-exemple","status":"publish","type":"page","link":"http:\/\/colllearning.info\/CISHE\/page-d-exemple\/","title":{"rendered":"A propos du CIS.H"},"content":{"rendered":"\n<hr class=\"wp-block-separator has-css-opacity\"\/>\n\n\n<p>Cette association r\u00e9unit dans le <img fetchpriority=\"high\" decoding=\"async\" class=\"size-medium wp-image-2623 alignleft\" src=\"http:\/\/colllearning.info\/CISHE\/wp-content\/uploads\/2018\/07\/cropped-cropped-CISH-LOGO-1-300x300.jpg\" alt=\"\" width=\"300\" height=\"300\" srcset=\"http:\/\/colllearning.info\/CISHE\/wp-content\/uploads\/2018\/07\/cropped-cropped-CISH-LOGO-1-300x300.jpg 300w, http:\/\/colllearning.info\/CISHE\/wp-content\/uploads\/2018\/07\/cropped-cropped-CISH-LOGO-1-150x150.jpg 150w, http:\/\/colllearning.info\/CISHE\/wp-content\/uploads\/2018\/07\/cropped-cropped-CISH-LOGO-1-270x270.jpg 270w, http:\/\/colllearning.info\/CISHE\/wp-content\/uploads\/2018\/07\/cropped-cropped-CISH-LOGO-1-192x192.jpg 192w, http:\/\/colllearning.info\/CISHE\/wp-content\/uploads\/2018\/07\/cropped-cropped-CISH-LOGO-1-180x180.jpg 180w, http:\/\/colllearning.info\/CISHE\/wp-content\/uploads\/2018\/07\/cropped-cropped-CISH-LOGO-1-32x32.jpg 32w, http:\/\/colllearning.info\/CISHE\/wp-content\/uploads\/2018\/07\/cropped-cropped-CISH-LOGO-1.jpg 512w\" sizes=\"(max-width: 300px) 100vw, 300px\" \/><em><strong>Coll\u00e8ge international<\/strong> <strong>des seniors. Harmattan<\/strong> <strong>(CIS.H<\/strong><\/em>) des auteurs de toutes nationalit\u00e9s et d&rsquo;horizons vari\u00e9es, ayant pour point commun de se consid\u00e9rer dans la seconde partie de leur vie (d\u00e9nomination de \u00ab\u00a0senior\u00a0\u00bb), et partageant les valeurs humanistes et ouvertes pr\u00f4n\u00e9es par le groupe L&rsquo;Harmattan au carrefour des cultures et des g\u00e9n\u00e9rations.<\/p>\n<p>Son projet est de susciter et de produire des travaux d\u2019\u00e9tudes et de recherches, de formuler des propositions artistiques et r\u00e9flexives,\u00a0\u00a0portant sur les grandes probl\u00e9matiques qui traversent le monde actuel. Le concept de \u00ab\u00a0s\u00e9niorit\u00e9\u00a0\u00bb est, notamment, remis en question : quel regard porte le XX<sup>e<\/sup> si\u00e8cle sur la S\u00e9niorit\u00e9, et r\u00e9ciproquement, que peut proposer la S\u00e9niorit\u00e9 dans ce monde dans un esprit transg\u00e9n\u00e9rationnel ?<\/p>\n<p style=\"text-align: center;\"><a href=\"http:\/\/colllearning.info\/CISHE\/wp-content\/uploads\/2023\/05\/AP-college-international-senior.pdf\">Le CIS.H en bref<\/a><\/p>\n<p><em>Vous \u00eates une personne, une association, une ONG \u2026 impliqu\u00e9e dans ces th\u00e9matiques ou int\u00e9ress\u00e9e \u00e0 l\u2019\u00eatre. Vous avez le choix entre<\/em><\/p>\n<p style=\"text-align: center;\"><em><a href=\"http:\/\/colllearning.info\/CISHE\/contact\/\"><strong>prendre contact avec nous <\/strong><\/a>ou <\/em><strong><a href=\"http:\/\/colllearning.info\/CISHE\/wp-content\/uploads\/2021\/12\/CIS%20H%20fiche%20adh%C3%A9sion%20ann%C3%A9e%202022.docx\">nous rejoindre<\/a><\/strong><\/p>\n<ul>\n<li>La conception du CIS.H est originale\u00a0<\/li>\n<li>Sa gouvernance, sous la pr\u00e9sidence d\u2019honneur d\u2019Edgar MORIN est pr\u00e9sent\u00e9e ici de fa\u00e7on claire<\/li>\n<\/ul>\n<p style=\"padding-left: 30px;\"><a href=\"http:\/\/colllearning.info\/CISHE\/wp-content\/uploads\/2019\/03\/Gouvernance-du-CIS-H.pdf\">Sch\u00e9ma de gouvernance du CIS H<\/a>\u00ad<\/p>\n<ul>\n<li>Pour devenir adh\u00e9rent, il convient :<\/li>\n<\/ul>\n<ol>\n<li>de s\u2019engager \u00e0 valoriser les finalit\u00e9s du coll\u00e8ge.<\/li>\n<li>d&rsquo;apporter votre contribution, \u00e9changer, travailler ou produire<\/li>\n<li>de verser la cotisation annuelle de 20\u00a0 euros.<\/li>\n<\/ol>\n<h4 style=\"text-align: center;\"><a href=\"http:\/\/colllearning.info\/CISHE\/wp-content\/uploads\/2021\/12\/CIS%20H%20fiche%20adh%C3%A9sion%20ann%C3%A9e%202022.docx\">CISH-fiche-adh\u00e9sion<\/a><\/h4>\n<h4 style=\"text-align: center;\">\u00a0<\/h4>\n<p>Soyez les bienvenus. Nous esp\u00e9rons bient\u00f4t vous accueillir comme adh\u00e9rents.<\/p>\n<p style=\"text-align: right;\"><strong>Herv\u00e9 COCHET<\/strong><br \/>Pr\u00e9sident du CIS.H<\/p>\n\n\n<div class=\"wp-block-group is-layout-constrained wp-block-group-is-layout-constrained\">\n<p><strong>We are&#8230;<\/strong><br>an INTERNATIONAL ASSOCIATION, working in cooperation with \u00c9DITIONS L&rsquo;HARMATTAN, in an open collegial spirit of SOLIDARITY and VOLUNTEERING, made up of people in the second half of their lives :<br>&#8211; in a variety of countries,<br>&#8211; often the authors of books, published by L&rsquo;Harmattan among others,<br>&#8211; passionate about expression, the arts and sciences,<br>&#8211; aware that there is only one life.<br>&#8211; who wish to question others and the world, to explore together and influence on contemporary issues.<br><\/p>\n\n\n\n<p><strong>Our values<\/strong><br>1. WITNESS our experiences to enlighten the future.<br>2. DIALOGUE without borders to gather a polyphony of viewpoints.<br>3. ACT for greater solidarity and equity between generations.<br><\/p>\n\n\n\n<p>A third of life for a quarter of Humanity can be generously devoted to cultivating the contributions of seniority.<br>Rich in the multiple skills of its members, CIS.H wishes to work at the crossroads of cultures and generations.<br>&#8211; during CIS.H&rsquo;s one-day GATHERING sessions, held twice a year, to debate, get to know each other better and forge links.<br>&#8211; at CAF\u00c9S-PHILO, to discuss a particular issue.<br><\/p>\n\n\n\n<p><strong>Our publications<\/strong><br>Les Cahiers du CIS-H: <a href=\"https:\/\/www.editions-harmattan.fr\/index.asp?navig=catalogue&amp;obj=numero&amp;no=76326&amp;no_revue=973&amp;razSqlClone=1\">https:\/\/www.editions-harmattan.fr\/index.asp?navig=catalogue&amp;obj=numero&amp;no=76326&amp;no_revue=973&amp;razSqlClone=1<\/a><br>La Collection du Coll\u00e8ge international des seniors: <a href=\"https:\/\/www.editions-harmattan.fr\/index.asp?navig=catalogue&amp;obj=collection&amp;no=1449\">https:\/\/www.editions-harmattan.fr\/index.asp?navig=catalogue&amp;obj=collection&amp;no=1449<\/a><br><\/p>\n\n\n\n<p>Our physical adress<\/p>\n\n\n\n<p>MVACQL (Maison de la Vie Associative et Citoyenne du\u00a0<strong>Quartier<\/strong>\u00a0<strong>Latin)<\/strong><\/p>\n\n\n\n<p>Boite Aux Lettres no 1,<\/p>\n\n\n\n<p>&nbsp;4, rue des ar\u00e8nes 75005 PARIS<\/p>\n\n\n\n<p><strong>I. La section du site ouvert \u00e0 tous comprend :<\/strong><\/p>\n<\/div>\n\n\n\n<ul class=\"wp-block-list\">\n<li><strong>Accueil<\/strong>\n<ul class=\"wp-block-list\">\n<li><strong>GOUVERNANCE<\/strong> : le mode d&rsquo;organisation du Coll\u00e8ge<\/li>\n<\/ul>\n<\/li>\n\n\n\n<li><strong>ACTUALIT\u00c9S<\/strong> : les nouveaut\u00e9s du site<\/li>\n\n\n\n<li><strong>POLES<\/strong>\n<ul class=\"wp-block-list\">\n<li><strong>IDAR<\/strong><\/li>\n\n\n\n<li><strong>CHAIRE CITOYENNE d&rsquo;interpellation du Monde<\/strong> : r\u00e9fl\u00e9chir et produire ensemble<\/li>\n\n\n\n<li><strong>Afrique-Europe <\/strong>: actions de coop\u00e9ration<\/li>\n<\/ul>\n<\/li>\n\n\n\n<li><strong>PRODUCTION<\/strong> du CIS.H : Entretiens, Cahiers, Collection\n<ul class=\"wp-block-list\">\n<li><strong>MISSIVES<\/strong> : Les lettres mensuelles.<\/li>\n\n\n\n<li><strong>CAFE-VISI-PHILO<\/strong><\/li>\n\n\n\n<li><strong>ENTRETIENS<\/strong><\/li>\n\n\n\n<li><strong>CAHIERS<\/strong><\/li>\n\n\n\n<li><strong>COLLECTIONS<\/strong><\/li>\n\n\n\n<li><strong>ATELIERS<\/strong><\/li>\n<\/ul>\n<\/li>\n\n\n\n<li><strong>RESSOURCES<\/strong> : Bibliographie, documents, textes, vid\u00e9os, liens<\/li>\n\n\n\n<li><strong>CONTACT<\/strong> : comment nous joindre et comment adh\u00e9rer\n<ul class=\"wp-block-list\">\n<li><strong>PRESSE<\/strong><\/li>\n<\/ul>\n<\/li>\n\n\n\n<li><strong>BLOG<\/strong> : billets d&rsquo;humeur ou sur l&rsquo;actualit\u00e9\n<ul class=\"wp-block-list\">\n<li><strong>Tribune libre <\/strong>: expression des adh\u00e9rents<\/li>\n\n\n\n<li><strong>T\u00e9moignages<\/strong> : expression de personnes en vid\u00e9o<\/li>\n<\/ul>\n<\/li>\n\n\n\n<li><strong>Adh\u00e9rents<\/strong> : acc\u00e8s \u00e0 la section r\u00e9serv\u00e9e <br><\/li>\n<\/ul>\n\n\n\n<p><strong>\u00adII. La section du site r\u00e9serv\u00e9e aux adh\u00e9rents comprend en particulier :<\/strong><br>&nbsp;&nbsp; Chaque adh\u00e9rent a comme souci l&rsquo;enrichissement du contenu de cette section<br><strong>Accueil<\/strong><br><strong>Qui fait Quoi<\/strong> : La liste des adh\u00e9rents (chaque adh\u00e9rent dispose d&rsquo;une \u00ab\u00a0page\u00a0\u00bb pour se pr\u00e9senter<br><strong>AGORA<\/strong> et devenir : Appel \u00e0 d\u00e9battre autour de controverses propos\u00e9es par des adh\u00e9rents<br><strong>\u00c9changes et partages<\/strong> entre adh\u00e9rents : annonces ou textes \u00e0 discuter<br>Les <strong>Entretiens<\/strong> en pr\u00e9paration<br><strong>Les Cahiers<\/strong> en pr\u00e9paration<br><strong>Ressources<\/strong> : Publications du CIS.H, International, Ouvrages de r\u00e9f\u00e9rence, Livres, Publications,    Po\u00e9sies\/Chansons, Films, T\u00e9moignages, Organismes, Sites Web, Documents, Liens, Initiatives.<br><strong>Br\u00e8ves<\/strong> : information sur la vie du Coll\u00e8ge<\/p>\n\n\n\n<h2 class=\"wp-block-heading\"><strong>Translation by DeepL : <a href=\"https:\/\/www.deepl.com\/translator\">https:\/\/www.deepl.com\/translator<\/a><\/strong><\/h2>\n\n\n\n<p><\/p>\n","protected":false},"excerpt":{"rendered":"<p>Cette association r\u00e9unit dans le Coll\u00e8ge international des seniors. Harmattan (CIS.H) des auteurs de toutes nationalit\u00e9s et d&rsquo;horizons vari\u00e9es, ayant [&hellip;]<\/p>\n","protected":false},"author":1,"featured_media":0,"parent":0,"menu_order":0,"comment_status":"closed","ping_status":"closed","template":"","meta":{"site-sidebar-layout":"default","site-content-layout":"","ast-site-content-layout":"default","site-content-style":"default","site-sidebar-style":"default","ast-global-header-display":"","ast-banner-title-visibility":"","ast-main-header-display":"","ast-hfb-above-header-display":"","ast-hfb-below-header-display":"","ast-hfb-mobile-header-display":"","site-post-title":"","ast-breadcrumbs-content":"","ast-featured-img":"","footer-sml-layout":"","ast-disable-related-posts":"","theme-transparent-header-meta":"","adv-header-id-meta":"","stick-header-meta":"","header-above-stick-meta":"","header-main-stick-meta":"","header-below-stick-meta":"","astra-migrate-meta-layouts":"default","ast-page-background-enabled":"default","ast-page-background-meta":{"desktop":{"background-color":"var(--ast-global-color-5)","background-image":"","background-repeat":"repeat","background-position":"center center","background-size":"auto","background-attachment":"scroll","background-type":"","background-media":"","overlay-type":"","overlay-color":"","overlay-opacity":"","overlay-gradient":""},"tablet":{"background-color":"","background-image":"","background-repeat":"repeat","background-position":"center center","background-size":"auto","background-attachment":"scroll","background-type":"","background-media":"","overlay-type":"","overlay-color":"","overlay-opacity":"","overlay-gradient":""},"mobile":{"background-color":"","background-image":"","background-repeat":"repeat","background-position":"center center","background-size":"auto","background-attachment":"scroll","background-type":"","background-media":"","overlay-type":"","overlay-color":"","overlay-opacity":"","overlay-gradient":""}},"ast-content-background-meta":{"desktop":{"background-color":"var(--ast-global-color-4)","background-image":"","background-repeat":"repeat","background-position":"center center","background-size":"auto","background-attachment":"scroll","background-type":"","background-media":"","overlay-type":"","overlay-color":"","overlay-opacity":"","overlay-gradient":""},"tablet":{"background-color":"var(--ast-global-color-4)","background-image":"","background-repeat":"repeat","background-position":"center center","background-size":"auto","background-attachment":"scroll","background-type":"","background-media":"","overlay-type":"","overlay-color":"","overlay-opacity":"","overlay-gradient":""},"mobile":{"background-color":"var(--ast-global-color-4)","background-image":"","background-repeat":"repeat","background-position":"center center","background-size":"auto","background-attachment":"scroll","background-type":"","background-media":"","overlay-type":"","overlay-color":"","overlay-opacity":"","overlay-gradient":""}},"h5ap_radio_sources":[],"footnotes":""},"class_list":["post-2","page","type-page","status-publish","hentry"],"_links":{"self":[{"href":"http:\/\/colllearning.info\/CISHE\/wp-json\/wp\/v2\/pages\/2","targetHints":{"allow":["GET"]}}],"collection":[{"href":"http:\/\/colllearning.info\/CISHE\/wp-json\/wp\/v2\/pages"}],"about":[{"href":"http:\/\/colllearning.info\/CISHE\/wp-json\/wp\/v2\/types\/page"}],"author":[{"embeddable":true,"href":"http:\/\/colllearning.info\/CISHE\/wp-json\/wp\/v2\/users\/1"}],"replies":[{"embeddable":true,"href":"http:\/\/colllearning.info\/CISHE\/wp-json\/wp\/v2\/comments?post=2"}],"version-history":[{"count":79,"href":"http:\/\/colllearning.info\/CISHE\/wp-json\/wp\/v2\/pages\/2\/revisions"}],"predecessor-version":[{"id":3246,"href":"http:\/\/colllearning.info\/CISHE\/wp-json\/wp\/v2\/pages\/2\/revisions\/3246"}],"wp:attachment":[{"href":"http:\/\/colllearning.info\/CISHE\/wp-json\/wp\/v2\/media?parent=2"}],"curies":[{"name":"wp","href":"https:\/\/api.w.org\/{rel}","templated":true}]}}