{"id":1902,"date":"2020-06-14T09:45:41","date_gmt":"2020-06-14T07:45:41","guid":{"rendered":"http:\/\/colllearning.info\/CISHE\/?page_id=1902"},"modified":"2025-06-30T16:22:32","modified_gmt":"2025-06-30T14:22:32","slug":"les-cahiers-du-cis-h","status":"publish","type":"page","link":"http:\/\/colllearning.info\/CISHE\/production\/les-cahiers-du-cis-h\/","title":{"rendered":"Les cahiers du CIS.H"},"content":{"rendered":"\n<h2 class=\"wp-block-heading\">Le num\u00e9ro 7 des Cahiers du CIS.H<br><a href=\"https:\/\/www.editions-harmattan.fr\/catalogue\/livre\/ecritures-epistolaires-intergenerationnelles-en-atelier-et-mouvements-interieurs\/78897\">\u00c9critures \u00e9pistolaires interg\u00e9n\u00e9rationnelles en atelier et mouvements int\u00e9rieurs<\/a>\u00a0<br>Sous la direction de Claire H\u00e9ber-Suffrin<\/h2>\n\n\n\n<hr class=\"wp-block-separator has-alpha-channel-opacity\"\/>\n\n\n\n<h2 class=\"wp-block-heading\">Le num\u00e9ro 6 des Cahiers du CIS.H<br><a href=\"https:\/\/www.editions-harmattan.fr\/livre-pour_vivre_en_ce_monde_quels_outils_philosophiques_herve_cochet-9782336472461-80603.html\">Pour vivre en ce Monde : quels outils philosophiques ?<\/a><br>Sous la direction d&rsquo;Herv\u00e9 Cochet<\/h2>\n\n\n\n<p>Cf. <a href=\"https:\/\/colllearning.info\/CISHE\/meconnaissance-et-destructivite\/\">l&rsquo;article complet<\/a> de Raymonde Ferrandi<\/p>\n\n\n\n<hr class=\"wp-block-separator has-alpha-channel-opacity\"\/>\n\n\n\n<h2 class=\"wp-block-heading\">Le num\u00e9ro 5 des Cahiers du CIS.H<br><a href=\"https:\/\/www.editions-harmattan.fr\/index.asp?navig=catalogue&amp;obj=numero&amp;no=76326&amp;no_revue=973&amp;razSqlClone=1\">Ecosophie pour l&rsquo;anthropoc\u00e8ne : quelles pratiques ?<\/a><br>&nbsp;<strong><small>Sous la direction de&nbsp;<\/small>Muriel Grimaldi<\/strong><\/h2>\n\n\n\n<hr class=\"wp-block-separator has-alpha-channel-opacity\"\/>\n\n\n\n<h2 class=\"wp-block-heading\">Le num\u00e9ro 4 des Cahiers du CIS.H, janvier 203<br><strong><a href=\"https:\/\/www.editions-harmattan.fr\/livre-face_aux_cris_du_monde_quelle_ecosophie_pour_l_anthropocene_catherine_d_wajs-9782140323980-75917.html\">Face aux cris du monde, quelle \u00e9cosophie pour l&rsquo;anthropoc\u00e8ne<\/a><br>Sous la direction de Catherine-D. Wajs<\/strong><\/h2>\n\n\n\n<hr class=\"wp-block-separator has-alpha-channel-opacity\"\/>\n\n\n\n<h2 class=\"wp-block-heading\">Le num\u00e9ro 3 des Cahiers du CIS.H, juin 2022<br><a href=\"https:\/\/www.editions-harmattan.fr\/livre-age_et_art_contemporain_quelles_approches_evelyne_deret_jean_francois_renault-9782343250151-73714.html\" data-type=\"URL\" data-id=\"https:\/\/www.editions-harmattan.fr\/livre-age_et_art_contemporain_quelles_approches_evelyne_deret_jean_francois_renault-9782343250151-73714.html\">Age et art contemporain : quelles approches ?<\/a><\/h2>\n\n\n\n<hr class=\"wp-block-separator has-alpha-channel-opacity\"\/>\n\n\n\n<h2 class=\"wp-block-heading\">Le num\u00e9ro 2 des&nbsp;<em>Cahiers du CIS.H,&nbsp;<\/em>mai 2021<br><strong><a href=\"http:\/\/colllearning.info\/CISHE\/no2-des-cahiers-du-cis-h\/\" data-type=\"post\" data-id=\"2164\">Long\u00e9vit\u00e9 : quelles solidarit\u00e9 et \u00e9quit\u00e9 interg\u00e9n\u00e9rationnelles ?<\/a><\/strong><\/h2>\n\n\n\n<hr class=\"wp-block-separator has-css-opacity\"\/>\n\n\n\n<h2 class=\"wp-block-heading\">Le num\u00e9ro 1 des&nbsp;<em>Cahiers du CIS.H,&nbsp;<\/em>octobre 2020<br><a href=\"https:\/\/www.editions-harmattan.fr\/livre-transmissions_et_transitions_les_cahiers_du_cis_h_n_1-9782343214504-67171.html\"><strong>Transmissions et transitions<\/strong><\/a><\/h2>\n\n\n\n<hr class=\"wp-block-separator has-css-opacity\"\/>\n\n\n\n<p><a href=\"http:\/\/colllearning.info\/CISHE\/wp-content\/uploads\/2022\/11\/Reglement-interieur-publication-22-11-2021.pdf\">R\u00e8glement int\u00e9rieur (publications)<\/a><\/p>\n\n\n\n<div class=\"wp-block-file\"><a id=\"wp-block-file--media-0fbb039e-874d-40ed-86ac-66e793ce07fd\" href=\"http:\/\/colllearning.info\/CISHE\/wp-content\/uploads\/2021\/03\/CIS-H-Cahiers-22-01-2021-def.pdf\">Pr\u00e9sentation des Cahiers-22-01-2021-def<\/a><a href=\"http:\/\/colllearning.info\/CISHE\/wp-content\/uploads\/2021\/03\/CIS-H-Cahiers-22-01-2021-def.pdf\" class=\"wp-block-file__button wp-element-button\" download aria-describedby=\"wp-block-file--media-0fbb039e-874d-40ed-86ac-66e793ce07fd\">T\u00e9l\u00e9charger<\/a><\/div>\n\n\n\n<div class=\"wp-block-file\"><a id=\"wp-block-file--media-ea8c35aa-2e93-4b91-a9ef-daf5756e5c08\" href=\"http:\/\/colllearning.info\/CISHE\/wp-content\/uploads\/2021\/03\/Guide-auteurs-Fev-2021-.pdf\">Guide des auteurs-Fev-2021-<\/a><a href=\"http:\/\/colllearning.info\/CISHE\/wp-content\/uploads\/2021\/03\/Guide-auteurs-Fev-2021-.pdf\" class=\"wp-block-file__button wp-element-button\" download aria-describedby=\"wp-block-file--media-ea8c35aa-2e93-4b91-a9ef-daf5756e5c08\">T\u00e9l\u00e9charger<\/a><\/div>\n\n\n\n<p><a href=\"http:\/\/bu.univ-lorraine.fr\/sites\/default\/files\/users\/user781\/Guide%20biblio%20ISO690%20%202020-2021.pdf\">Guide pour la r\u00e9daction des r\u00e9f\u00e9rences bibliographiques de l&rsquo;universit\u00e9 de Lorraine<\/a>.<\/p>\n\n\n\n<div class=\"wp-block-file\"><a id=\"wp-block-file--media-a9848ed3-b422-4ec9-9ec7-9e2c50a8944e\" href=\"http:\/\/colllearning.info\/CISHE\/wp-content\/uploads\/2021\/03\/Consignes-Fab-courtes.pdf.pdf\">Consignes de fabrications.pdf<\/a><a href=\"http:\/\/colllearning.info\/CISHE\/wp-content\/uploads\/2021\/03\/Consignes-Fab-courtes.pdf.pdf\" class=\"wp-block-file__button wp-element-button\" download aria-describedby=\"wp-block-file--media-a9848ed3-b422-4ec9-9ec7-9e2c50a8944e\">T\u00e9l\u00e9charger<\/a><\/div>\n\n\n\n<ul class=\"wp-block-list\">\n<li>R\u00e9dacteur en chef,\n<ul class=\"wp-block-list\">\n<li>Christian LESNE<\/li>\n<\/ul>\n<\/li>\n\n\n\n<li>Un comit\u00e9 de r\u00e9daction<\/li>\n\n\n\n<li>Deux num\u00e9ros par an. <\/li>\n\n\n\n<li>Chaque num\u00e9ro comprend un dossier<\/li>\n<\/ul>\n\n\n\n<h4 class=\"wp-block-heading\"><strong>DOSSIERS DES CAHIERS<\/strong><\/h4>\n\n\n\n<ul class=\"wp-block-list\">\n<li>2020 : Transmission et transition<\/li>\n\n\n\n<li>2021 : Restaurer l&rsquo;\u00e9quit\u00e9 du pacte de solidarit\u00e9 entre les g\u00e9n\u00e9rations: un enjeu majeur de coh\u00e9sion sociale dans une soci\u00e9t\u00e9 de long\u00e9vit\u00e9<\/li>\n<\/ul>\n","protected":false},"excerpt":{"rendered":"<p>Le num\u00e9ro 7 des Cahiers du CIS.H\u00c9critures \u00e9pistolaires interg\u00e9n\u00e9rationnelles en atelier et mouvements int\u00e9rieurs\u00a0Sous la direction de Claire H\u00e9ber-Suffrin Le [&hellip;]<\/p>\n","protected":false},"author":1,"featured_media":0,"parent":10,"menu_order":0,"comment_status":"closed","ping_status":"closed","template":"","meta":{"site-sidebar-layout":"default","site-content-layout":"","ast-site-content-layout":"default","site-content-style":"default","site-sidebar-style":"default","ast-global-header-display":"","ast-banner-title-visibility":"","ast-main-header-display":"","ast-hfb-above-header-display":"","ast-hfb-below-header-display":"","ast-hfb-mobile-header-display":"","site-post-title":"","ast-breadcrumbs-content":"","ast-featured-img":"","footer-sml-layout":"","ast-disable-related-posts":"","theme-transparent-header-meta":"","adv-header-id-meta":"","stick-header-meta":"","header-above-stick-meta":"","header-main-stick-meta":"","header-below-stick-meta":"","astra-migrate-meta-layouts":"default","ast-page-background-enabled":"default","ast-page-background-meta":{"desktop":{"background-color":"var(--ast-global-color-5)","background-image":"","background-repeat":"repeat","background-position":"center center","background-size":"auto","background-attachment":"scroll","background-type":"","background-media":"","overlay-type":"","overlay-color":"","overlay-opacity":"","overlay-gradient":""},"tablet":{"background-color":"","background-image":"","background-repeat":"repeat","background-position":"center center","background-size":"auto","background-attachment":"scroll","background-type":"","background-media":"","overlay-type":"","overlay-color":"","overlay-opacity":"","overlay-gradient":""},"mobile":{"background-color":"","background-image":"","background-repeat":"repeat","background-position":"center center","background-size":"auto","background-attachment":"scroll","background-type":"","background-media":"","overlay-type":"","overlay-color":"","overlay-opacity":"","overlay-gradient":""}},"ast-content-background-meta":{"desktop":{"background-color":"var(--ast-global-color-4)","background-image":"","background-repeat":"repeat","background-position":"center center","background-size":"auto","background-attachment":"scroll","background-type":"","background-media":"","overlay-type":"","overlay-color":"","overlay-opacity":"","overlay-gradient":""},"tablet":{"background-color":"var(--ast-global-color-4)","background-image":"","background-repeat":"repeat","background-position":"center center","background-size":"auto","background-attachment":"scroll","background-type":"","background-media":"","overlay-type":"","overlay-color":"","overlay-opacity":"","overlay-gradient":""},"mobile":{"background-color":"var(--ast-global-color-4)","background-image":"","background-repeat":"repeat","background-position":"center center","background-size":"auto","background-attachment":"scroll","background-type":"","background-media":"","overlay-type":"","overlay-color":"","overlay-opacity":"","overlay-gradient":""}},"h5ap_radio_sources":[],"footnotes":""},"class_list":["post-1902","page","type-page","status-publish","hentry"],"_links":{"self":[{"href":"http:\/\/colllearning.info\/CISHE\/wp-json\/wp\/v2\/pages\/1902","targetHints":{"allow":["GET"]}}],"collection":[{"href":"http:\/\/colllearning.info\/CISHE\/wp-json\/wp\/v2\/pages"}],"about":[{"href":"http:\/\/colllearning.info\/CISHE\/wp-json\/wp\/v2\/types\/page"}],"author":[{"embeddable":true,"href":"http:\/\/colllearning.info\/CISHE\/wp-json\/wp\/v2\/users\/1"}],"replies":[{"embeddable":true,"href":"http:\/\/colllearning.info\/CISHE\/wp-json\/wp\/v2\/comments?post=1902"}],"version-history":[{"count":17,"href":"http:\/\/colllearning.info\/CISHE\/wp-json\/wp\/v2\/pages\/1902\/revisions"}],"predecessor-version":[{"id":4013,"href":"http:\/\/colllearning.info\/CISHE\/wp-json\/wp\/v2\/pages\/1902\/revisions\/4013"}],"up":[{"embeddable":true,"href":"http:\/\/colllearning.info\/CISHE\/wp-json\/wp\/v2\/pages\/10"}],"wp:attachment":[{"href":"http:\/\/colllearning.info\/CISHE\/wp-json\/wp\/v2\/media?parent=1902"}],"curies":[{"name":"wp","href":"https:\/\/api.w.org\/{rel}","templated":true}]}}