{"id":1623,"date":"2019-10-20T09:29:29","date_gmt":"2019-10-20T07:29:29","guid":{"rendered":"http:\/\/colllearning.info\/CISHE\/?page_id=1623"},"modified":"2022-06-08T13:47:31","modified_gmt":"2022-06-08T11:47:31","slug":"afrique-europe","status":"publish","type":"page","link":"http:\/\/colllearning.info\/CISHE\/afrique-europe\/","title":{"rendered":"Afrique-Europe"},"content":{"rendered":"\n<p><a href=\"http:\/\/colllearning.info\/CISHE\/lavenir-de-lafrique-a-lhorizon-2063\/\">L\u2019avenir de l\u2019Afrique \u00e0 l\u2019horizon 2063<\/a>.<br>Conf\u00e9rence du Pr Mohamed HARAKAT<\/p>\n\n\n\n<p><strong>AFRICA 2020<\/strong><br><a href=\"https:\/\/www.institutfrancais.com\/fr\/zoom\/la-saison-africa-2020\">https:\/\/www.institutfrancais.com\/fr\/zoom\/la-saison-africa-2020<\/a><\/p>\n\n\n\n<div class=\"wp-block-file\"><a href=\"http:\/\/colllearning.info\/CISHE\/wp-content\/uploads\/2019\/10\/Coop\u00e9rative-Maroc.pdf\">Coop\u00e9ration interg\u00e9n\u00e9rationnelle-Maroc<\/a><a href=\"http:\/\/colllearning.info\/CISHE\/wp-content\/uploads\/2019\/10\/Coop\u00e9rative-Maroc.pdf\" class=\"wp-block-file__button\" download>T\u00e9l\u00e9charger<\/a><\/div>\n\n\n\n<p><\/p>\n","protected":false},"excerpt":{"rendered":"<p>L\u2019avenir de l\u2019Afrique \u00e0 l\u2019horizon 2063.Conf\u00e9rence du Pr Mohamed HARAKAT AFRICA 2020https:\/\/www.institutfrancais.com\/fr\/zoom\/la-saison-africa-2020<\/p>\n","protected":false},"author":1,"featured_media":0,"parent":0,"menu_order":0,"comment_status":"closed","ping_status":"closed","template":"","meta":{"site-sidebar-layout":"default","site-content-layout":"","ast-site-content-layout":"default","site-content-style":"default","site-sidebar-style":"default","ast-global-header-display":"","ast-banner-title-visibility":"","ast-main-header-display":"","ast-hfb-above-header-display":"","ast-hfb-below-header-display":"","ast-hfb-mobile-header-display":"","site-post-title":"","ast-breadcrumbs-content":"","ast-featured-img":"","footer-sml-layout":"","ast-disable-related-posts":"","theme-transparent-header-meta":"","adv-header-id-meta":"","stick-header-meta":"","header-above-stick-meta":"","header-main-stick-meta":"","header-below-stick-meta":"","astra-migrate-meta-layouts":"default","ast-page-background-enabled":"default","ast-page-background-meta":{"desktop":{"background-color":"var(--ast-global-color-5)","background-image":"","background-repeat":"repeat","background-position":"center center","background-size":"auto","background-attachment":"scroll","background-type":"","background-media":"","overlay-type":"","overlay-color":"","overlay-opacity":"","overlay-gradient":""},"tablet":{"background-color":"","background-image":"","background-repeat":"repeat","background-position":"center center","background-size":"auto","background-attachment":"scroll","background-type":"","background-media":"","overlay-type":"","overlay-color":"","overlay-opacity":"","overlay-gradient":""},"mobile":{"background-color":"","background-image":"","background-repeat":"repeat","background-position":"center center","background-size":"auto","background-attachment":"scroll","background-type":"","background-media":"","overlay-type":"","overlay-color":"","overlay-opacity":"","overlay-gradient":""}},"ast-content-background-meta":{"desktop":{"background-color":"var(--ast-global-color-4)","background-image":"","background-repeat":"repeat","background-position":"center center","background-size":"auto","background-attachment":"scroll","background-type":"","background-media":"","overlay-type":"","overlay-color":"","overlay-opacity":"","overlay-gradient":""},"tablet":{"background-color":"var(--ast-global-color-4)","background-image":"","background-repeat":"repeat","background-position":"center center","background-size":"auto","background-attachment":"scroll","background-type":"","background-media":"","overlay-type":"","overlay-color":"","overlay-opacity":"","overlay-gradient":""},"mobile":{"background-color":"var(--ast-global-color-4)","background-image":"","background-repeat":"repeat","background-position":"center center","background-size":"auto","background-attachment":"scroll","background-type":"","background-media":"","overlay-type":"","overlay-color":"","overlay-opacity":"","overlay-gradient":""}},"h5ap_radio_sources":[],"footnotes":""},"class_list":["post-1623","page","type-page","status-publish","hentry"],"_links":{"self":[{"href":"http:\/\/colllearning.info\/CISHE\/wp-json\/wp\/v2\/pages\/1623","targetHints":{"allow":["GET"]}}],"collection":[{"href":"http:\/\/colllearning.info\/CISHE\/wp-json\/wp\/v2\/pages"}],"about":[{"href":"http:\/\/colllearning.info\/CISHE\/wp-json\/wp\/v2\/types\/page"}],"author":[{"embeddable":true,"href":"http:\/\/colllearning.info\/CISHE\/wp-json\/wp\/v2\/users\/1"}],"replies":[{"embeddable":true,"href":"http:\/\/colllearning.info\/CISHE\/wp-json\/wp\/v2\/comments?post=1623"}],"version-history":[{"count":8,"href":"http:\/\/colllearning.info\/CISHE\/wp-json\/wp\/v2\/pages\/1623\/revisions"}],"predecessor-version":[{"id":2569,"href":"http:\/\/colllearning.info\/CISHE\/wp-json\/wp\/v2\/pages\/1623\/revisions\/2569"}],"wp:attachment":[{"href":"http:\/\/colllearning.info\/CISHE\/wp-json\/wp\/v2\/media?parent=1623"}],"curies":[{"name":"wp","href":"https:\/\/api.w.org\/{rel}","templated":true}]}}