{"id":12,"date":"2018-05-22T22:17:17","date_gmt":"2018-05-22T20:17:17","guid":{"rendered":"http:\/\/colllearning.info\/CISHE\/?page_id=12"},"modified":"2025-03-21T11:46:33","modified_gmt":"2025-03-21T10:46:33","slug":"contact","status":"publish","type":"page","link":"http:\/\/colllearning.info\/CISHE\/contact\/","title":{"rendered":"CONTACT"},"content":{"rendered":"<h3 style=\"text-align: center;\">Coll\u00e8ge International des Seniors. Harmattan<br>Maison de la Vie Associative et Citoyenne et du Quartier Latin<br>Bo\u00eete \u00e0 lettres 1<br>4, rue des Ar\u00e8nes<br>75005 Paris<\/h3>\n<h4>Pour adh\u00e9rer :<\/h4>\n<h4><a href=\"https:\/\/colllearning.info\/CISHE\/wp-content\/uploads\/2024\/01\/CIS%20H%20fiche%20adh%C3%A9sion%20ann%C3%A9e%202025.docx\">CISH fiche adh\u00e9sion<\/a><\/h4>\n<h4>Pour payer son adh\u00e9sion de 20 \u20ac avec PayPal, cliquer sur :<\/h4>\n\n\n<p><a href=\"https:\/\/www.paypal.com\/ncp\/payment\/AQHPWAAP3Z4JG\">Adh\u00e9sion<\/a><\/p>\n","protected":false},"excerpt":{"rendered":"<p>Coll\u00e8ge International des Seniors. HarmattanMaison de la Vie Associative et Citoyenne et du Quartier LatinBo\u00eete \u00e0 lettres 14, rue des [&hellip;]<\/p>\n","protected":false},"author":1,"featured_media":0,"parent":0,"menu_order":0,"comment_status":"closed","ping_status":"closed","template":"","meta":{"site-sidebar-layout":"default","site-content-layout":"","ast-site-content-layout":"default","site-content-style":"default","site-sidebar-style":"default","ast-global-header-display":"","ast-banner-title-visibility":"","ast-main-header-display":"","ast-hfb-above-header-display":"","ast-hfb-below-header-display":"","ast-hfb-mobile-header-display":"","site-post-title":"","ast-breadcrumbs-content":"","ast-featured-img":"","footer-sml-layout":"","ast-disable-related-posts":"","theme-transparent-header-meta":"","adv-header-id-meta":"","stick-header-meta":"","header-above-stick-meta":"","header-main-stick-meta":"","header-below-stick-meta":"","astra-migrate-meta-layouts":"default","ast-page-background-enabled":"default","ast-page-background-meta":{"desktop":{"background-color":"var(--ast-global-color-5)","background-image":"","background-repeat":"repeat","background-position":"center center","background-size":"auto","background-attachment":"scroll","background-type":"","background-media":"","overlay-type":"","overlay-color":"","overlay-opacity":"","overlay-gradient":""},"tablet":{"background-color":"","background-image":"","background-repeat":"repeat","background-position":"center center","background-size":"auto","background-attachment":"scroll","background-type":"","background-media":"","overlay-type":"","overlay-color":"","overlay-opacity":"","overlay-gradient":""},"mobile":{"background-color":"","background-image":"","background-repeat":"repeat","background-position":"center center","background-size":"auto","background-attachment":"scroll","background-type":"","background-media":"","overlay-type":"","overlay-color":"","overlay-opacity":"","overlay-gradient":""}},"ast-content-background-meta":{"desktop":{"background-color":"var(--ast-global-color-4)","background-image":"","background-repeat":"repeat","background-position":"center center","background-size":"auto","background-attachment":"scroll","background-type":"","background-media":"","overlay-type":"","overlay-color":"","overlay-opacity":"","overlay-gradient":""},"tablet":{"background-color":"var(--ast-global-color-4)","background-image":"","background-repeat":"repeat","background-position":"center center","background-size":"auto","background-attachment":"scroll","background-type":"","background-media":"","overlay-type":"","overlay-color":"","overlay-opacity":"","overlay-gradient":""},"mobile":{"background-color":"var(--ast-global-color-4)","background-image":"","background-repeat":"repeat","background-position":"center center","background-size":"auto","background-attachment":"scroll","background-type":"","background-media":"","overlay-type":"","overlay-color":"","overlay-opacity":"","overlay-gradient":""}},"h5ap_radio_sources":[],"footnotes":""},"class_list":["post-12","page","type-page","status-publish","hentry"],"_links":{"self":[{"href":"http:\/\/colllearning.info\/CISHE\/wp-json\/wp\/v2\/pages\/12","targetHints":{"allow":["GET"]}}],"collection":[{"href":"http:\/\/colllearning.info\/CISHE\/wp-json\/wp\/v2\/pages"}],"about":[{"href":"http:\/\/colllearning.info\/CISHE\/wp-json\/wp\/v2\/types\/page"}],"author":[{"embeddable":true,"href":"http:\/\/colllearning.info\/CISHE\/wp-json\/wp\/v2\/users\/1"}],"replies":[{"embeddable":true,"href":"http:\/\/colllearning.info\/CISHE\/wp-json\/wp\/v2\/comments?post=12"}],"version-history":[{"count":32,"href":"http:\/\/colllearning.info\/CISHE\/wp-json\/wp\/v2\/pages\/12\/revisions"}],"predecessor-version":[{"id":3935,"href":"http:\/\/colllearning.info\/CISHE\/wp-json\/wp\/v2\/pages\/12\/revisions\/3935"}],"wp:attachment":[{"href":"http:\/\/colllearning.info\/CISHE\/wp-json\/wp\/v2\/media?parent=12"}],"curies":[{"name":"wp","href":"https:\/\/api.w.org\/{rel}","templated":true}]}}